{"id":4780,"date":"2022-01-26T14:55:29","date_gmt":"2022-01-26T14:55:29","guid":{"rendered":"https:\/\/riadtizwa.com\/contacto\/"},"modified":"2022-04-18T11:06:36","modified_gmt":"2022-04-18T11:06:36","slug":"contacto","status":"publish","type":"page","link":"https:\/\/riadtizwa.com\/pt-pt\/contacto\/","title":{"rendered":"Contacto"},"content":{"rendered":"\t\t<div data-elementor-type=\"wp-page\" data-elementor-id=\"4780\" class=\"elementor elementor-4780 elementor-502\" data-elementor-post-type=\"page\">\n\t\t\t\t\t\t<section class=\"elementor-section elementor-top-section elementor-element elementor-element-4b2e0313 elementor-section-content-middle elementor-section-boxed elementor-section-height-default elementor-section-height-default\" data-id=\"4b2e0313\" data-element_type=\"section\" data-e-type=\"section\">\n\t\t\t\t\t\t<div class=\"elementor-container elementor-column-gap-no\">\n\t\t\t\t\t<div class=\"elementor-column elementor-col-100 elementor-top-column elementor-element elementor-element-1771be5c\" data-id=\"1771be5c\" data-element_type=\"column\" data-e-type=\"column\">\n\t\t\t<div class=\"elementor-widget-wrap elementor-element-populated\">\n\t\t\t\t\t\t<div class=\"elementor-element elementor-element-2aa39dc6 elementor-widget elementor-widget-heading\" data-id=\"2aa39dc6\" data-element_type=\"widget\" data-e-type=\"widget\" data-widget_type=\"heading.default\">\n\t\t\t\t<div class=\"elementor-widget-container\">\n\t\t\t\t\t<h4 class=\"elementor-heading-title elementor-size-default\">Contacto<\/h4>\t\t\t\t<\/div>\n\t\t\t\t<\/div>\n\t\t\t\t<section class=\"elementor-section elementor-inner-section elementor-element elementor-element-5fe8ac05 elementor-section-content-middle elementor-section-boxed elementor-section-height-default elementor-section-height-default\" data-id=\"5fe8ac05\" data-element_type=\"section\" data-e-type=\"section\">\n\t\t\t\t\t\t<div class=\"elementor-container elementor-column-gap-no\">\n\t\t\t\t\t<div class=\"elementor-column elementor-col-50 elementor-inner-column elementor-element elementor-element-3b45d23c\" data-id=\"3b45d23c\" data-element_type=\"column\" data-e-type=\"column\">\n\t\t\t<div class=\"elementor-widget-wrap elementor-element-populated\">\n\t\t\t\t\t\t<div class=\"elementor-element elementor-element-74aca85 elementor-widget elementor-widget-heading\" data-id=\"74aca85\" data-element_type=\"widget\" data-e-type=\"widget\" data-widget_type=\"heading.default\">\n\t\t\t\t<div class=\"elementor-widget-container\">\n\t\t\t\t\t<h6 class=\"elementor-heading-title elementor-size-default\">T: +44 (0)7973 115 471\n<\/h6>\t\t\t\t<\/div>\n\t\t\t\t<\/div>\n\t\t\t\t<div class=\"elementor-element elementor-element-20830037 elementor-widget elementor-widget-heading\" data-id=\"20830037\" data-element_type=\"widget\" data-e-type=\"widget\" data-widget_type=\"heading.default\">\n\t\t\t\t<div class=\"elementor-widget-container\">\n\t\t\t\t\t<h6 class=\"elementor-heading-title elementor-size-default\">E: riadtizwa@gmail.com<\/h6>\t\t\t\t<\/div>\n\t\t\t\t<\/div>\n\t\t\t\t<div class=\"elementor-element elementor-element-783f4ecb elementor-widget elementor-widget-heading\" data-id=\"783f4ecb\" data-element_type=\"widget\" data-e-type=\"widget\" data-widget_type=\"heading.default\">\n\t\t\t\t<div class=\"elementor-widget-container\">\n\t\t\t\t\t<h6 class=\"elementor-heading-title elementor-size-default\">Reservas: +212 667 11 17 82<\/h6>\t\t\t\t<\/div>\n\t\t\t\t<\/div>\n\t\t\t\t\t<\/div>\n\t\t<\/div>\n\t\t\t\t<div class=\"elementor-column elementor-col-50 elementor-inner-column elementor-element elementor-element-3035e01d\" data-id=\"3035e01d\" data-element_type=\"column\" data-e-type=\"column\">\n\t\t\t<div class=\"elementor-widget-wrap elementor-element-populated\">\n\t\t\t\t\t\t<div class=\"elementor-element elementor-element-157207fe elementor-button-align-start elementor-widget elementor-widget-form\" data-id=\"157207fe\" data-element_type=\"widget\" data-e-type=\"widget\" data-settings=\"{&quot;step_next_label&quot;:&quot;A seguir&quot;,&quot;step_previous_label&quot;:&quot;Anterior&quot;,&quot;step_type&quot;:&quot;number_text&quot;,&quot;step_icon_shape&quot;:&quot;circle&quot;}\" data-widget_type=\"form.default\">\n\t\t\t\t<div class=\"elementor-widget-container\">\n\t\t\t\t\t\t\t<form class=\"elementor-form\" method=\"post\" name=\"Novo Formul\u00e1rio\" aria-label=\"Novo Formul\u00e1rio\">\n\t\t\t<input type=\"hidden\" name=\"post_id\" value=\"4780\"\/>\n\t\t\t<input type=\"hidden\" name=\"form_id\" value=\"157207fe\"\/>\n\t\t\t<input type=\"hidden\" name=\"referer_title\" value=\"Contacte riad Tizwa Luxury Boutique Hotels em Fes &amp; Marrakech, Marrocos\" \/>\n\n\t\t\t\t\t\t\t<input type=\"hidden\" name=\"queried_id\" value=\"4780\"\/>\n\t\t\t\n\t\t\t<div class=\"elementor-form-fields-wrapper elementor-labels-\">\n\t\t\t\t\t\t\t\t<div class=\"elementor-field-type-text elementor-field-group elementor-column elementor-field-group-name elementor-col-100\">\n\t\t\t\t\t\t\t\t\t\t\t\t<label for=\"form-field-name\" class=\"elementor-field-label elementor-screen-only\">\n\t\t\t\t\t\t\t\tNome\t\t\t\t\t\t\t<\/label>\n\t\t\t\t\t\t\t\t\t\t\t\t\t\t<input size=\"1\" type=\"text\" name=\"form_fields[name]\" id=\"form-field-name\" class=\"elementor-field elementor-size-sm  elementor-field-textual\" placeholder=\"Nome*\">\n\t\t\t\t\t\t\t\t\t\t\t<\/div>\n\t\t\t\t\t\t\t\t<div class=\"elementor-field-type-email elementor-field-group elementor-column elementor-field-group-email elementor-col-100 elementor-field-required\">\n\t\t\t\t\t\t\t\t\t\t\t\t<label for=\"form-field-email\" class=\"elementor-field-label elementor-screen-only\">\n\t\t\t\t\t\t\t\tEmail\t\t\t\t\t\t\t<\/label>\n\t\t\t\t\t\t\t\t\t\t\t\t\t\t<input size=\"1\" type=\"email\" name=\"form_fields[email]\" id=\"form-field-email\" class=\"elementor-field elementor-size-sm  elementor-field-textual\" placeholder=\"E-mail*\" required=\"required\">\n\t\t\t\t\t\t\t\t\t\t\t<\/div>\n\t\t\t\t\t\t\t\t<div class=\"elementor-field-type-tel elementor-field-group elementor-column elementor-field-group-field_f073ff0 elementor-col-100 elementor-field-required\">\n\t\t\t\t\t\t\t\t\t\t\t\t<label for=\"form-field-field_f073ff0\" class=\"elementor-field-label elementor-screen-only\">\n\t\t\t\t\t\t\t\tTelefone\t\t\t\t\t\t\t<\/label>\n\t\t\t\t\t\t\t\t<input size=\"1\" type=\"tel\" name=\"form_fields[field_f073ff0]\" id=\"form-field-field_f073ff0\" class=\"elementor-field elementor-size-sm  elementor-field-textual\" placeholder=\"Telefone*\" required=\"required\" pattern=\"[0-9()#&amp;+*-=.]+\" title=\"Only numbers and phone characters (#, -, *, etc) are accepted.\">\n\n\t\t\t\t\t\t<\/div>\n\t\t\t\t\t\t\t\t<div class=\"elementor-field-type-textarea elementor-field-group elementor-column elementor-field-group-message elementor-col-100\">\n\t\t\t\t\t\t\t\t\t\t\t\t<label for=\"form-field-message\" class=\"elementor-field-label elementor-screen-only\">\n\t\t\t\t\t\t\t\tMensagem\t\t\t\t\t\t\t<\/label>\n\t\t\t\t\t\t<textarea class=\"elementor-field-textual elementor-field  elementor-size-sm\" name=\"form_fields[message]\" id=\"form-field-message\" rows=\"4\" placeholder=\"Mensagem\"><\/textarea>\t\t\t\t<\/div>\n\t\t\t\t\t\t\t\t<div class=\"elementor-field-type-acceptance elementor-field-group elementor-column elementor-field-group-field_7649c18 elementor-col-100\">\n\t\t\t\t\t\t\t<div class=\"elementor-field-subgroup\">\n\t\t\t<span class=\"elementor-field-option\">\n\t\t\t\t<input type=\"checkbox\" name=\"form_fields[field_7649c18]\" id=\"form-field-field_7649c18\" class=\"elementor-field elementor-size-sm  elementor-acceptance-field\">\n\t\t\t\t<label for=\"form-field-field_7649c18\">Li e aceito a lei de prote\u00e7\u00e3o de dados de Tizwa *<\/label>\t\t\t<\/span>\n\t\t<\/div>\n\t\t\t\t\t\t<\/div>\n\t\t\t\t\t\t\t\t<div class=\"elementor-field-group elementor-column elementor-field-type-submit elementor-col-100 e-form__buttons\">\n\t\t\t\t\t<button class=\"elementor-button elementor-size-md\" type=\"submit\">\n\t\t\t\t\t\t<span class=\"elementor-button-content-wrapper\">\n\t\t\t\t\t\t\t\t\t\t\t\t\t\t\t\t\t\t\t\t\t\t<span class=\"elementor-button-text\">Enviar<\/span>\n\t\t\t\t\t\t\t\t\t\t\t\t\t<\/span>\n\t\t\t\t\t<\/button>\n\t\t\t\t<\/div>\n\t\t\t<\/div>\n\t\t<\/form>\n\t\t\t\t\t\t<\/div>\n\t\t\t\t<\/div>\n\t\t\t\t\t<\/div>\n\t\t<\/div>\n\t\t\t\t\t<\/div>\n\t\t<\/section>\n\t\t\t\t\t<\/div>\n\t\t<\/div>\n\t\t\t\t\t<\/div>\n\t\t<\/section>\n\t\t\t\t<section class=\"elementor-section elementor-top-section elementor-element elementor-element-1a3d05a9 elementor-section-full_width elementor-section-height-default elementor-section-height-default\" data-id=\"1a3d05a9\" data-element_type=\"section\" data-e-type=\"section\">\n\t\t\t\t\t\t<div class=\"elementor-container elementor-column-gap-custom\">\n\t\t\t\t\t<div class=\"elementor-column elementor-col-50 elementor-top-column elementor-element elementor-element-2117da26\" data-id=\"2117da26\" data-element_type=\"column\" data-e-type=\"column\">\n\t\t\t<div class=\"elementor-widget-wrap elementor-element-populated\">\n\t\t\t\t\t\t<div class=\"elementor-element elementor-element-43abb3c0 elementor-widget elementor-widget-image\" data-id=\"43abb3c0\" data-element_type=\"widget\" data-e-type=\"widget\" data-widget_type=\"image.default\">\n\t\t\t\t<div class=\"elementor-widget-container\">\n\t\t\t\t\t\t\t\t\t\t\t\t\t\t\t<img fetchpriority=\"high\" decoding=\"async\" width=\"1344\" height=\"840\" src=\"https:\/\/i0.wp.com\/riadtizwa.com\/wp-content\/uploads\/2022\/01\/Riad-Tizwa-Marrakech-Room-location.jpg?fit=1344%2C840&amp;ssl=1\" class=\"attachment-full size-full wp-image-4392\" alt=\"\" srcset=\"https:\/\/i0.wp.com\/riadtizwa.com\/wp-content\/uploads\/2022\/01\/Riad-Tizwa-Marrakech-Room-location.jpg?w=1344&amp;ssl=1 1344w, https:\/\/i0.wp.com\/riadtizwa.com\/wp-content\/uploads\/2022\/01\/Riad-Tizwa-Marrakech-Room-location.jpg?resize=300%2C188&amp;ssl=1 300w, https:\/\/i0.wp.com\/riadtizwa.com\/wp-content\/uploads\/2022\/01\/Riad-Tizwa-Marrakech-Room-location.jpg?resize=1024%2C640&amp;ssl=1 1024w, https:\/\/i0.wp.com\/riadtizwa.com\/wp-content\/uploads\/2022\/01\/Riad-Tizwa-Marrakech-Room-location.jpg?resize=768%2C480&amp;ssl=1 768w\" sizes=\"(max-width: 800px) 100vw, 800px\" \/>\t\t\t\t\t\t\t\t\t\t\t\t\t\t\t<\/div>\n\t\t\t\t<\/div>\n\t\t\t\t<div class=\"elementor-element elementor-element-44a088f6 elementor-widget elementor-widget-heading\" data-id=\"44a088f6\" data-element_type=\"widget\" data-e-type=\"widget\" data-widget_type=\"heading.default\">\n\t\t\t\t<div class=\"elementor-widget-container\">\n\t\t\t\t\t<h3 class=\"elementor-heading-title elementor-size-default\">Localiza\u00e7\u00e3o de Marraquexe<\/h3>\t\t\t\t<\/div>\n\t\t\t\t<\/div>\n\t\t\t\t<div class=\"elementor-element elementor-element-582d6474 elementor-widget elementor-widget-text-editor\" data-id=\"582d6474\" data-element_type=\"widget\" data-e-type=\"widget\" data-widget_type=\"text-editor.default\">\n\t\t\t\t<div class=\"elementor-widget-container\">\n\t\t\t\t\t\t\t\t\t<p>Riad Tizwa<br>Derb Gueraba, #26 Dar el Bacha<br>Medina<\/p>\t\t\t\t\t\t\t\t<\/div>\n\t\t\t\t<\/div>\n\t\t\t\t<div class=\"elementor-element elementor-element-3dc65af elementor-widget elementor-widget-text-editor\" data-id=\"3dc65af\" data-element_type=\"widget\" data-e-type=\"widget\" data-widget_type=\"text-editor.default\">\n\t\t\t\t<div class=\"elementor-widget-container\">\n\t\t\t\t\t\t\t\t\t<p><a href=\"https:\/\/www.google.com\/maps\/place\/Riad+Tizwa+Marrakech\/@31.632387,-7.9944533,17z\/data=!3m1!4b1!4m8!3m7!1s0xdafee662e503c59:0x953fb3d25d58ef86!5m2!4m1!1i2!8m2!3d31.6324031!4d-7.9923651\">Ver nos mapas do Google<\/a><\/p>\t\t\t\t\t\t\t\t<\/div>\n\t\t\t\t<\/div>\n\t\t\t\t\t<\/div>\n\t\t<\/div>\n\t\t\t\t<div class=\"elementor-column elementor-col-50 elementor-top-column elementor-element elementor-element-2f28e8fd\" data-id=\"2f28e8fd\" data-element_type=\"column\" data-e-type=\"column\">\n\t\t\t<div class=\"elementor-widget-wrap elementor-element-populated\">\n\t\t\t\t\t\t<div class=\"elementor-element elementor-element-563f2d2b elementor-widget elementor-widget-image\" data-id=\"563f2d2b\" data-element_type=\"widget\" data-e-type=\"widget\" data-widget_type=\"image.default\">\n\t\t\t\t<div class=\"elementor-widget-container\">\n\t\t\t\t\t\t\t\t\t\t\t\t\t\t\t<img decoding=\"async\" width=\"1344\" height=\"840\" src=\"https:\/\/i0.wp.com\/riadtizwa.com\/wp-content\/uploads\/2022\/01\/Riad-Tizwa-Fes-location.jpg?fit=1344%2C840&amp;ssl=1\" class=\"attachment-full size-full wp-image-4390\" alt=\"\" srcset=\"https:\/\/i0.wp.com\/riadtizwa.com\/wp-content\/uploads\/2022\/01\/Riad-Tizwa-Fes-location.jpg?w=1344&amp;ssl=1 1344w, https:\/\/i0.wp.com\/riadtizwa.com\/wp-content\/uploads\/2022\/01\/Riad-Tizwa-Fes-location.jpg?resize=300%2C188&amp;ssl=1 300w, https:\/\/i0.wp.com\/riadtizwa.com\/wp-content\/uploads\/2022\/01\/Riad-Tizwa-Fes-location.jpg?resize=1024%2C640&amp;ssl=1 1024w, https:\/\/i0.wp.com\/riadtizwa.com\/wp-content\/uploads\/2022\/01\/Riad-Tizwa-Fes-location.jpg?resize=768%2C480&amp;ssl=1 768w\" sizes=\"(max-width: 800px) 100vw, 800px\" \/>\t\t\t\t\t\t\t\t\t\t\t\t\t\t\t<\/div>\n\t\t\t\t<\/div>\n\t\t\t\t<div class=\"elementor-element elementor-element-5cb39a9f elementor-widget elementor-widget-heading\" data-id=\"5cb39a9f\" data-element_type=\"widget\" data-e-type=\"widget\" data-widget_type=\"heading.default\">\n\t\t\t\t<div class=\"elementor-widget-container\">\n\t\t\t\t\t<h3 class=\"elementor-heading-title elementor-size-default\">Localiza\u00e7\u00e3o de Fes<\/h3>\t\t\t\t<\/div>\n\t\t\t\t<\/div>\n\t\t\t\t<div class=\"elementor-element elementor-element-4129f826 elementor-widget elementor-widget-text-editor\" data-id=\"4129f826\" data-element_type=\"widget\" data-e-type=\"widget\" data-widget_type=\"text-editor.default\">\n\t\t\t\t<div class=\"elementor-widget-container\">\n\t\t\t\t\t\t\t\t\t<p>Riad Tizwa<br>15 Derb Guebbas<br>Medina<\/p>\t\t\t\t\t\t\t\t<\/div>\n\t\t\t\t<\/div>\n\t\t\t\t<div class=\"elementor-element elementor-element-712e721d elementor-widget elementor-widget-text-editor\" data-id=\"712e721d\" data-element_type=\"widget\" data-e-type=\"widget\" data-widget_type=\"text-editor.default\">\n\t\t\t\t<div class=\"elementor-widget-container\">\n\t\t\t\t\t\t\t\t\t<p><a href=\"https:\/\/www.google.com\/maps\/place\/Riad+Tizwa+Fes\/@34.0591708,-4.9806092,18z\/data=!4m8!3m7!1s0x0:0xea6375f3be02ec9!5m2!4m1!1i2!8m2!3d34.0596063!4d-4.9801586\" target=\"_blank\" rel=\"noopener\">Ver nos mapas do Google<\/a><\/p>\t\t\t\t\t\t\t\t<\/div>\n\t\t\t\t<\/div>\n\t\t\t\t\t<\/div>\n\t\t<\/div>\n\t\t\t\t\t<\/div>\n\t\t<\/section>\n\t\t\t\t<\/div>\n\t\t","protected":false},"excerpt":{"rendered":"<p>Contacto T: +44 (0)7973 115 471 E: riadtizwa@gmail.com Reservas: +212 667 11 17 82 Localiza\u00e7\u00e3o de Marraquexe Riad TizwaDerb Gueraba, #26 Dar el BachaMedina Ver nos mapas do Google Localiza\u00e7\u00e3o de Fes Riad Tizwa15 Derb GuebbasMedina Ver nos mapas do Google<\/p>\n","protected":false},"author":1,"featured_media":4392,"parent":0,"menu_order":0,"comment_status":"closed","ping_status":"closed","template":"","meta":{"nf_dc_page":"","content-type":"","_monsterinsights_skip_tracking":false,"_monsterinsights_sitenote_active":false,"_monsterinsights_sitenote_note":"","_monsterinsights_sitenote_category":0,"footnotes":""},"folder":[],"class_list":["post-4780","page","type-page","status-publish","has-post-thumbnail","hentry"],"yoast_head":"<!-- This site is optimized with the Yoast SEO plugin v27.4 - https:\/\/yoast.com\/product\/yoast-seo-wordpress\/ -->\n<title>Contacte riad Tizwa Luxury Boutique Hotels em Fes &amp; Marrakech, Marrocos<\/title>\n<meta name=\"description\" content=\"No Riad Tizwa Boutique Hotel, oferecemos suites individuais de hot\u00e9is, Quartos Duplos &amp; Alojamento em Fes &amp; Marrakech. Contacto +44-797-311-5471.\" \/>\n<meta name=\"robots\" content=\"index, follow, max-snippet:-1, max-image-preview:large, max-video-preview:-1\" \/>\n<link rel=\"canonical\" href=\"https:\/\/riadtizwa.com\/pt-pt\/contacto\/\" \/>\n<meta property=\"og:locale\" content=\"pt_PT\" \/>\n<meta property=\"og:type\" content=\"article\" \/>\n<meta property=\"og:title\" content=\"Contacte riad Tizwa Luxury Boutique Hotels em Fes &amp; Marrakech, Marrocos\" \/>\n<meta property=\"og:description\" content=\"No Riad Tizwa Boutique Hotel, oferecemos suites individuais de hot\u00e9is, Quartos Duplos &amp; Alojamento em Fes &amp; Marrakech. Contacto +44-797-311-5471.\" \/>\n<meta property=\"og:url\" content=\"https:\/\/riadtizwa.com\/pt-pt\/contacto\/\" \/>\n<meta property=\"og:site_name\" content=\"Riad Tizwa\" \/>\n<meta property=\"article:modified_time\" content=\"2022-04-18T11:06:36+00:00\" \/>\n<meta property=\"og:image\" content=\"https:\/\/i0.wp.com\/riadtizwa.com\/wp-content\/uploads\/2022\/01\/Riad-Tizwa-Marrakech-Room-location.jpg?fit=1344%2C840&ssl=1\" \/>\n\t<meta property=\"og:image:width\" content=\"1344\" \/>\n\t<meta property=\"og:image:height\" content=\"840\" \/>\n\t<meta property=\"og:image:type\" content=\"image\/jpeg\" \/>\n<meta name=\"twitter:card\" content=\"summary_large_image\" \/>\n<!-- \/ Yoast SEO plugin. -->","yoast_head_json":{"title":"Contacte riad Tizwa Luxury Boutique Hotels em Fes & Marrakech, Marrocos","description":"No Riad Tizwa Boutique Hotel, oferecemos suites individuais de hot\u00e9is, Quartos Duplos & Alojamento em Fes & Marrakech. Contacto +44-797-311-5471.","robots":{"index":"index","follow":"follow","max-snippet":"max-snippet:-1","max-image-preview":"max-image-preview:large","max-video-preview":"max-video-preview:-1"},"canonical":"https:\/\/riadtizwa.com\/pt-pt\/contacto\/","og_locale":"pt_PT","og_type":"article","og_title":"Contacte riad Tizwa Luxury Boutique Hotels em Fes & Marrakech, Marrocos","og_description":"No Riad Tizwa Boutique Hotel, oferecemos suites individuais de hot\u00e9is, Quartos Duplos & Alojamento em Fes & Marrakech. Contacto +44-797-311-5471.","og_url":"https:\/\/riadtizwa.com\/pt-pt\/contacto\/","og_site_name":"Riad Tizwa","article_modified_time":"2022-04-18T11:06:36+00:00","og_image":[{"width":1344,"height":840,"url":"https:\/\/i0.wp.com\/riadtizwa.com\/wp-content\/uploads\/2022\/01\/Riad-Tizwa-Marrakech-Room-location.jpg?fit=1344%2C840&ssl=1","type":"image\/jpeg"}],"twitter_card":"summary_large_image","schema":{"@context":"https:\/\/schema.org","@graph":[{"@type":"WebPage","@id":"https:\/\/riadtizwa.com\/pt-pt\/contacto\/","url":"https:\/\/riadtizwa.com\/pt-pt\/contacto\/","name":"Contacte riad Tizwa Luxury Boutique Hotels em Fes & Marrakech, Marrocos","isPartOf":{"@id":"https:\/\/riadtizwa.com\/pt-pt\/#website"},"primaryImageOfPage":{"@id":"https:\/\/riadtizwa.com\/pt-pt\/contacto\/#primaryimage"},"image":{"@id":"https:\/\/riadtizwa.com\/pt-pt\/contacto\/#primaryimage"},"thumbnailUrl":"https:\/\/i0.wp.com\/riadtizwa.com\/wp-content\/uploads\/2022\/01\/Riad-Tizwa-Marrakech-Room-location.jpg?fit=1344%2C840&ssl=1","datePublished":"2022-01-26T14:55:29+00:00","dateModified":"2022-04-18T11:06:36+00:00","description":"No Riad Tizwa Boutique Hotel, oferecemos suites individuais de hot\u00e9is, Quartos Duplos & Alojamento em Fes & Marrakech. Contacto +44-797-311-5471.","breadcrumb":{"@id":"https:\/\/riadtizwa.com\/pt-pt\/contacto\/#breadcrumb"},"inLanguage":"pt-PT","potentialAction":[{"@type":"ReadAction","target":["https:\/\/riadtizwa.com\/pt-pt\/contacto\/"]}]},{"@type":"ImageObject","inLanguage":"pt-PT","@id":"https:\/\/riadtizwa.com\/pt-pt\/contacto\/#primaryimage","url":"https:\/\/i0.wp.com\/riadtizwa.com\/wp-content\/uploads\/2022\/01\/Riad-Tizwa-Marrakech-Room-location.jpg?fit=1344%2C840&ssl=1","contentUrl":"https:\/\/i0.wp.com\/riadtizwa.com\/wp-content\/uploads\/2022\/01\/Riad-Tizwa-Marrakech-Room-location.jpg?fit=1344%2C840&ssl=1","width":1344,"height":840,"caption":"10 things to do in Morocco"},{"@type":"BreadcrumbList","@id":"https:\/\/riadtizwa.com\/pt-pt\/contacto\/#breadcrumb","itemListElement":[{"@type":"ListItem","position":1,"name":"Home","item":"https:\/\/riadtizwa.com\/pt-pt\/"},{"@type":"ListItem","position":2,"name":"Contacto"}]},{"@type":"WebSite","@id":"https:\/\/riadtizwa.com\/pt-pt\/#website","url":"https:\/\/riadtizwa.com\/pt-pt\/","name":"Riad Tizwa","description":"","publisher":{"@id":"https:\/\/riadtizwa.com\/pt-pt\/#organization"},"potentialAction":[{"@type":"SearchAction","target":{"@type":"EntryPoint","urlTemplate":"https:\/\/riadtizwa.com\/pt-pt\/?s={search_term_string}"},"query-input":{"@type":"PropertyValueSpecification","valueRequired":true,"valueName":"search_term_string"}}],"inLanguage":"pt-PT"},{"@type":"Organization","@id":"https:\/\/riadtizwa.com\/pt-pt\/#organization","name":"Riad Tizwa","url":"https:\/\/riadtizwa.com\/pt-pt\/","logo":{"@type":"ImageObject","inLanguage":"pt-PT","@id":"https:\/\/riadtizwa.com\/pt-pt\/#\/schema\/logo\/image\/","url":"https:\/\/riadtizwa.com\/wp-content\/uploads\/2021\/12\/Tizwa-logo.svg","contentUrl":"https:\/\/riadtizwa.com\/wp-content\/uploads\/2021\/12\/Tizwa-logo.svg","width":91,"height":68,"caption":"Riad Tizwa"},"image":{"@id":"https:\/\/riadtizwa.com\/pt-pt\/#\/schema\/logo\/image\/"}}]}},"jetpack_sharing_enabled":true,"_links":{"self":[{"href":"https:\/\/riadtizwa.com\/pt-pt\/wp-json\/wp\/v2\/pages\/4780","targetHints":{"allow":["GET"]}}],"collection":[{"href":"https:\/\/riadtizwa.com\/pt-pt\/wp-json\/wp\/v2\/pages"}],"about":[{"href":"https:\/\/riadtizwa.com\/pt-pt\/wp-json\/wp\/v2\/types\/page"}],"author":[{"embeddable":true,"href":"https:\/\/riadtizwa.com\/pt-pt\/wp-json\/wp\/v2\/users\/1"}],"replies":[{"embeddable":true,"href":"https:\/\/riadtizwa.com\/pt-pt\/wp-json\/wp\/v2\/comments?post=4780"}],"version-history":[{"count":2,"href":"https:\/\/riadtizwa.com\/pt-pt\/wp-json\/wp\/v2\/pages\/4780\/revisions"}],"predecessor-version":[{"id":4789,"href":"https:\/\/riadtizwa.com\/pt-pt\/wp-json\/wp\/v2\/pages\/4780\/revisions\/4789"}],"wp:featuredmedia":[{"embeddable":true,"href":"https:\/\/riadtizwa.com\/pt-pt\/wp-json\/wp\/v2\/media\/4392"}],"wp:attachment":[{"href":"https:\/\/riadtizwa.com\/pt-pt\/wp-json\/wp\/v2\/media?parent=4780"}],"wp:term":[{"taxonomy":"folder","embeddable":true,"href":"https:\/\/riadtizwa.com\/pt-pt\/wp-json\/wp\/v2\/folder?post=4780"}],"curies":[{"name":"wp","href":"https:\/\/api.w.org\/{rel}","templated":true}]}}