{"id":4765,"date":"2022-02-10T21:41:18","date_gmt":"2022-02-10T21:41:18","guid":{"rendered":"https:\/\/riadtizwa.com\/quarto-2-suite-1-marraquexe\/"},"modified":"2022-04-20T17:23:59","modified_gmt":"2022-04-20T17:23:59","slug":"quarto-2-suite-1-marraquexe","status":"publish","type":"page","link":"https:\/\/riadtizwa.com\/pt-pt\/quarto-2-suite-1-marraquexe\/","title":{"rendered":"Quarto 2 (Suite 1) &#8211; Marraquexe"},"content":{"rendered":"\t\t<div data-elementor-type=\"wp-page\" data-elementor-id=\"4765\" class=\"elementor elementor-4765 elementor-756\" data-elementor-post-type=\"page\">\n\t\t\t\t\t\t<section class=\"elementor-section elementor-top-section elementor-element elementor-element-63b0b65d elementor-section-content-middle elementor-section-height-min-height elementor-section-boxed elementor-section-height-default elementor-section-items-middle\" data-id=\"63b0b65d\" data-element_type=\"section\" data-e-type=\"section\" data-settings=\"{&quot;background_background&quot;:&quot;classic&quot;}\">\n\t\t\t\t\t\t<div class=\"elementor-container elementor-column-gap-no\">\n\t\t\t\t\t<div class=\"elementor-column elementor-col-100 elementor-top-column elementor-element elementor-element-64920b2e\" data-id=\"64920b2e\" data-element_type=\"column\" data-e-type=\"column\">\n\t\t\t<div class=\"elementor-widget-wrap\">\n\t\t\t\t\t\t\t<\/div>\n\t\t<\/div>\n\t\t\t\t\t<\/div>\n\t\t<\/section>\n\t\t\t\t<section class=\"elementor-section elementor-top-section elementor-element elementor-element-4fef899c elementor-section-boxed elementor-section-height-default elementor-section-height-default\" data-id=\"4fef899c\" data-element_type=\"section\" data-e-type=\"section\">\n\t\t\t\t\t\t<div class=\"elementor-container elementor-column-gap-default\">\n\t\t\t\t\t<div class=\"elementor-column elementor-col-100 elementor-top-column elementor-element elementor-element-492f781d\" data-id=\"492f781d\" data-element_type=\"column\" data-e-type=\"column\">\n\t\t\t<div class=\"elementor-widget-wrap elementor-element-populated\">\n\t\t\t\t\t\t<div class=\"elementor-element elementor-element-e1f4b8b elementor-widget elementor-widget-heading\" data-id=\"e1f4b8b\" data-element_type=\"widget\" data-e-type=\"widget\" data-widget_type=\"heading.default\">\n\t\t\t\t<div class=\"elementor-widget-container\">\n\t\t\t\t\t<h2 class=\"elementor-heading-title elementor-size-default\">Quarto 2 - Suite<\/h2>\t\t\t\t<\/div>\n\t\t\t\t<\/div>\n\t\t\t\t<div class=\"elementor-element elementor-element-1a4761d7 elementor-widget elementor-widget-text-editor\" data-id=\"1a4761d7\" data-element_type=\"widget\" data-e-type=\"widget\" data-widget_type=\"text-editor.default\">\n\t\t\t\t<div class=\"elementor-widget-container\">\n\t\t\t\t\t\t\t\t\t<p>Abre-se para o vasto terra\u00e7o. \u00c9 um quarto muito leve e luminoso que tem uma ador\u00e1vel casa de banho tadelakt. \u00c9 talvez a mais rom\u00e2ntica das suites e beneficia de estar no topo da casa. Com ar condicionado e aquecimento.<\/p>\t\t\t\t\t\t\t\t<\/div>\n\t\t\t\t<\/div>\n\t\t\t\t<div class=\"elementor-element elementor-element-a4b5afd elementor-align-center elementor-widget elementor-widget-global elementor-global-5299 elementor-global-959 elementor-widget-button\" data-id=\"a4b5afd\" data-element_type=\"widget\" data-e-type=\"widget\" data-widget_type=\"button.default\">\n\t\t\t\t<div class=\"elementor-widget-container\">\n\t\t\t\t\t\t\t\t\t<div class=\"elementor-button-wrapper\">\n\t\t\t\t\t<a class=\"elementor-button elementor-button-link elementor-size-md\" href=\"https:\/\/direct-book.com\/properties\/riadtizwamarrakechdirect\">\n\t\t\t\t\t\t<span class=\"elementor-button-content-wrapper\">\n\t\t\t\t\t\t\t\t\t<span class=\"elementor-button-text\">Reserve este quarto<\/span>\n\t\t\t\t\t<\/span>\n\t\t\t\t\t<\/a>\n\t\t\t\t<\/div>\n\t\t\t\t\t\t\t\t<\/div>\n\t\t\t\t<\/div>\n\t\t\t\t\t<\/div>\n\t\t<\/div>\n\t\t\t\t\t<\/div>\n\t\t<\/section>\n\t\t\t\t<section class=\"elementor-section elementor-top-section elementor-element elementor-element-13ee47cb elementor-section-boxed elementor-section-height-default elementor-section-height-default\" data-id=\"13ee47cb\" data-element_type=\"section\" data-e-type=\"section\">\n\t\t\t\t\t\t<div class=\"elementor-container elementor-column-gap-no\">\n\t\t\t\t\t<div class=\"elementor-column elementor-col-100 elementor-top-column elementor-element elementor-element-1b419151\" data-id=\"1b419151\" data-element_type=\"column\" data-e-type=\"column\">\n\t\t\t<div class=\"elementor-widget-wrap\">\n\t\t\t\t\t\t\t<\/div>\n\t\t<\/div>\n\t\t\t\t\t<\/div>\n\t\t<\/section>\n\t\t\t\t<section class=\"elementor-section elementor-top-section elementor-element elementor-element-3e4527b elementor-section-height-min-height elementor-section-boxed elementor-section-height-default elementor-section-items-middle\" data-id=\"3e4527b\" data-element_type=\"section\" data-e-type=\"section\" data-settings=\"{&quot;background_background&quot;:&quot;classic&quot;}\">\n\t\t\t\t\t\t<div class=\"elementor-container elementor-column-gap-default\">\n\t\t\t\t\t<div class=\"elementor-column elementor-col-100 elementor-top-column elementor-element elementor-element-4c010b4a\" data-id=\"4c010b4a\" data-element_type=\"column\" data-e-type=\"column\">\n\t\t\t<div class=\"elementor-widget-wrap\">\n\t\t\t\t\t\t\t<\/div>\n\t\t<\/div>\n\t\t\t\t\t<\/div>\n\t\t<\/section>\n\t\t\t\t<section class=\"elementor-section elementor-top-section elementor-element elementor-element-3e7d8a25 elementor-section-boxed elementor-section-height-default elementor-section-height-default\" data-id=\"3e7d8a25\" data-element_type=\"section\" data-e-type=\"section\">\n\t\t\t\t\t\t<div class=\"elementor-container elementor-column-gap-default\">\n\t\t\t\t\t<div class=\"elementor-column elementor-col-100 elementor-top-column elementor-element elementor-element-45229bd3\" data-id=\"45229bd3\" data-element_type=\"column\" data-e-type=\"column\">\n\t\t\t<div class=\"elementor-widget-wrap elementor-element-populated\">\n\t\t\t\t\t\t<div class=\"elementor-element elementor-element-5f0f84e3 elementor-widget elementor-widget-heading\" data-id=\"5f0f84e3\" data-element_type=\"widget\" data-e-type=\"widget\" data-widget_type=\"heading.default\">\n\t\t\t\t<div class=\"elementor-widget-container\">\n\t\t\t\t\t<h2 class=\"elementor-heading-title elementor-size-default\">Eleg\u00e2ncia e estilo. Camas confort\u00e1veis e len\u00e7\u00f3is luxuosos.<\/h2>\t\t\t\t<\/div>\n\t\t\t\t<\/div>\n\t\t\t\t\t<\/div>\n\t\t<\/div>\n\t\t\t\t\t<\/div>\n\t\t<\/section>\n\t\t\t\t<section class=\"elementor-section elementor-top-section elementor-element elementor-element-59e14d34 elementor-section-full_width elementor-section-height-default elementor-section-height-default\" data-id=\"59e14d34\" data-element_type=\"section\" data-e-type=\"section\">\n\t\t\t\t\t\t<div class=\"elementor-container elementor-column-gap-custom\">\n\t\t\t\t\t<div class=\"elementor-column elementor-col-50 elementor-top-column elementor-element elementor-element-6646189c\" data-id=\"6646189c\" data-element_type=\"column\" data-e-type=\"column\">\n\t\t\t<div class=\"elementor-widget-wrap elementor-element-populated\">\n\t\t\t\t\t\t<div class=\"elementor-element elementor-element-29f00b30 elementor-widget elementor-widget-image\" data-id=\"29f00b30\" data-element_type=\"widget\" data-e-type=\"widget\" data-widget_type=\"image.default\">\n\t\t\t\t<div class=\"elementor-widget-container\">\n\t\t\t\t\t\t\t\t\t\t\t\t\t\t\t<img fetchpriority=\"high\" decoding=\"async\" width=\"672\" height=\"420\" src=\"https:\/\/i0.wp.com\/riadtizwa.com\/wp-content\/uploads\/2022\/03\/Riad-Tizwa-Marrakech-room-1.jpg?fit=672%2C420&amp;ssl=1\" class=\"attachment-large size-large wp-image-4582\" alt=\"Riad Tizwa Marrakech room 2 bathroom\" srcset=\"https:\/\/i0.wp.com\/riadtizwa.com\/wp-content\/uploads\/2022\/03\/Riad-Tizwa-Marrakech-room-1.jpg?w=672&amp;ssl=1 672w, https:\/\/i0.wp.com\/riadtizwa.com\/wp-content\/uploads\/2022\/03\/Riad-Tizwa-Marrakech-room-1.jpg?resize=300%2C188&amp;ssl=1 300w\" sizes=\"(max-width: 672px) 100vw, 672px\" \/>\t\t\t\t\t\t\t\t\t\t\t\t\t\t\t<\/div>\n\t\t\t\t<\/div>\n\t\t\t\t<div class=\"elementor-element elementor-element-54fe7e6e elementor-widget elementor-widget-heading\" data-id=\"54fe7e6e\" data-element_type=\"widget\" data-e-type=\"widget\" data-widget_type=\"heading.default\">\n\t\t\t\t<div class=\"elementor-widget-container\">\n\t\t\t\t\t<h3 class=\"elementor-heading-title elementor-size-default\">Caracter\u00edsticas do quarto<\/h3>\t\t\t\t<\/div>\n\t\t\t\t<\/div>\n\t\t\t\t<div class=\"elementor-element elementor-element-27f5a89d elementor-widget elementor-widget-text-editor\" data-id=\"27f5a89d\" data-element_type=\"widget\" data-e-type=\"widget\" data-widget_type=\"text-editor.default\">\n\t\t\t\t<div class=\"elementor-widget-container\">\n\t\t\t\t\t\t\t\t\tA cama \u00e9 super kingsize e o quarto tem um passeio no chuveiro criado com o tradicional trabalho de gesso marroquino chamado Tadalak. Ar condicionado e aquecimento.\t\t\t\t\t\t\t\t<\/div>\n\t\t\t\t<\/div>\n\t\t\t\t<div class=\"elementor-element elementor-element-ac17327 elementor-widget elementor-widget-text-editor\" data-id=\"ac17327\" data-element_type=\"widget\" data-e-type=\"widget\" data-widget_type=\"text-editor.default\">\n\t\t\t\t<div class=\"elementor-widget-container\">\n\t\t\t\t\t\t\t\t\t<p>Cama super kingsize<\/p><p>Caminhe no chuveiro<\/p><p>Ar condicionado e aquecimento<\/p>\t\t\t\t\t\t\t\t<\/div>\n\t\t\t\t<\/div>\n\t\t\t\t\t<\/div>\n\t\t<\/div>\n\t\t\t\t<div class=\"elementor-column elementor-col-50 elementor-top-column elementor-element elementor-element-1f9ef381\" data-id=\"1f9ef381\" data-element_type=\"column\" data-e-type=\"column\">\n\t\t\t<div class=\"elementor-widget-wrap elementor-element-populated\">\n\t\t\t\t\t\t<div class=\"elementor-element elementor-element-1403d122 elementor-widget elementor-widget-image\" data-id=\"1403d122\" data-element_type=\"widget\" data-e-type=\"widget\" data-widget_type=\"image.default\">\n\t\t\t\t<div class=\"elementor-widget-container\">\n\t\t\t\t\t\t\t\t\t\t\t\t\t\t\t<img decoding=\"async\" width=\"672\" height=\"420\" src=\"https:\/\/i0.wp.com\/riadtizwa.com\/wp-content\/uploads\/2022\/03\/Riad-Tizwa-Marrakech-room-1-1.jpg?fit=672%2C420&amp;ssl=1\" class=\"attachment-large size-large wp-image-4584\" alt=\"Riad Tizwa Marrakech room 2 bed view\" srcset=\"https:\/\/i0.wp.com\/riadtizwa.com\/wp-content\/uploads\/2022\/03\/Riad-Tizwa-Marrakech-room-1-1.jpg?w=672&amp;ssl=1 672w, https:\/\/i0.wp.com\/riadtizwa.com\/wp-content\/uploads\/2022\/03\/Riad-Tizwa-Marrakech-room-1-1.jpg?resize=300%2C188&amp;ssl=1 300w\" sizes=\"(max-width: 672px) 100vw, 672px\" \/>\t\t\t\t\t\t\t\t\t\t\t\t\t\t\t<\/div>\n\t\t\t\t<\/div>\n\t\t\t\t<div class=\"elementor-element elementor-element-5fffb775 elementor-widget elementor-widget-heading\" data-id=\"5fffb775\" data-element_type=\"widget\" data-e-type=\"widget\" data-widget_type=\"heading.default\">\n\t\t\t\t<div class=\"elementor-widget-container\">\n\t\t\t\t\t<h3 class=\"elementor-heading-title elementor-size-default\">Vista do outro lado do terra\u00e7o<\/h3>\t\t\t\t<\/div>\n\t\t\t\t<\/div>\n\t\t\t\t<div class=\"elementor-element elementor-element-588bc921 elementor-widget elementor-widget-text-editor\" data-id=\"588bc921\" data-element_type=\"widget\" data-e-type=\"widget\" data-widget_type=\"text-editor.default\">\n\t\t\t\t<div class=\"elementor-widget-container\">\n\t\t\t\t\t\t\t\t\tLocalizado no piso superior, tem uma bela vista sobre o belo terra\u00e7o e parece que voc\u00ea est\u00e1 experimentando o melhor da vida de Marrakech.  \t\t\t\t\t\t\t\t<\/div>\n\t\t\t\t<\/div>\n\t\t\t\t\t<\/div>\n\t\t<\/div>\n\t\t\t\t\t<\/div>\n\t\t<\/section>\n\t\t\t\t<section class=\"elementor-section elementor-top-section elementor-element elementor-element-15c3154a elementor-section-full_width elementor-section-height-default elementor-section-height-default\" data-id=\"15c3154a\" data-element_type=\"section\" data-e-type=\"section\">\n\t\t\t\t\t\t<div class=\"elementor-container elementor-column-gap-default\">\n\t\t\t\t\t<div class=\"elementor-column elementor-col-100 elementor-top-column elementor-element elementor-element-6f91380f\" data-id=\"6f91380f\" data-element_type=\"column\" data-e-type=\"column\">\n\t\t\t<div class=\"elementor-widget-wrap elementor-element-populated\">\n\t\t\t\t\t\t<div class=\"elementor-element elementor-element-4f1f5c71 elementor-widget elementor-widget-heading\" data-id=\"4f1f5c71\" data-element_type=\"widget\" data-e-type=\"widget\" data-widget_type=\"heading.default\">\n\t\t\t\t<div class=\"elementor-widget-container\">\n\t\t\t\t\t<h2 class=\"elementor-heading-title elementor-size-default\">Outros quartos<\/h2>\t\t\t\t<\/div>\n\t\t\t\t<\/div>\n\t\t\t\t<div class=\"elementor-element elementor-element-65886261 elementor-skin-carousel elementor-arrows-yes elementor-pagination-type-bullets elementor-pagination-position-outside elementor-widget elementor-widget-media-carousel\" data-id=\"65886261\" data-element_type=\"widget\" data-e-type=\"widget\" data-settings=\"{&quot;slides_per_view&quot;:&quot;3&quot;,&quot;slides_to_scroll&quot;:&quot;3&quot;,&quot;space_between&quot;:{&quot;unit&quot;:&quot;px&quot;,&quot;size&quot;:16,&quot;sizes&quot;:[]},&quot;skin&quot;:&quot;carousel&quot;,&quot;effect&quot;:&quot;slide&quot;,&quot;show_arrows&quot;:&quot;yes&quot;,&quot;pagination&quot;:&quot;bullets&quot;,&quot;speed&quot;:500,&quot;autoplay&quot;:&quot;yes&quot;,&quot;autoplay_speed&quot;:5000,&quot;loop&quot;:&quot;yes&quot;,&quot;pause_on_hover&quot;:&quot;yes&quot;,&quot;pause_on_interaction&quot;:&quot;yes&quot;,&quot;space_between_tablet&quot;:{&quot;unit&quot;:&quot;px&quot;,&quot;size&quot;:10,&quot;sizes&quot;:[]},&quot;space_between_mobile&quot;:{&quot;unit&quot;:&quot;px&quot;,&quot;size&quot;:10,&quot;sizes&quot;:[]}}\" data-widget_type=\"media-carousel.default\">\n\t\t\t\t<div class=\"elementor-widget-container\">\n\t\t\t\t\t\t\t\t\t<div class=\"elementor-swiper\">\n\t\t\t\t\t<div class=\"elementor-main-swiper swiper\" role=\"region\" aria-roledescription=\"carousel\" aria-label=\"Slides\">\n\t\t\t\t<div class=\"swiper-wrapper\">\n\t\t\t\t\t\t\t\t\t\t\t<div class=\"swiper-slide\" role=\"group\" aria-roledescription=\"slide\">\n\t\t\t\t\t\t\t<a href=\"https:\/\/riadtizwa.com\/pt-pt\/quarto-1-grand-suite-marrakech\/\">\t\t<div class=\"elementor-carousel-image\" role=\"img\" aria-label=\"Grand Suite Marrakech\" style=\"background-image: url(&#039;https:\/\/i0.wp.com\/riadtizwa.com\/wp-content\/uploads\/2022\/02\/Grand-Suite.jpg?fit=860%2C536&amp;ssl=1&#039;)\">\n\n\t\t\t\n\t\t\t\t\t<\/div>\n\t\t\t\t\t<div class=\"elementor-carousel-image-overlay e-overlay-animation-fade\">\n\t\t\t\tGrand Suite\t\t\t<\/div>\n\t\t\t<\/a>\t\t\t\t\t\t<\/div>\n\t\t\t\t\t\t\t\t\t\t\t<div class=\"swiper-slide\" role=\"group\" aria-roledescription=\"slide\">\n\t\t\t\t\t\t\t<a href=\"https:\/\/riadtizwa.com\/pt-pt\/quarto-2-suite-1-marraquexe\/\">\t\t<div class=\"elementor-carousel-image\" role=\"img\" aria-label=\"Suite 1 Marrakech\" style=\"background-image: url(&#039;https:\/\/i0.wp.com\/riadtizwa.com\/wp-content\/uploads\/2022\/02\/Suite-1.jpg?fit=860%2C536&amp;ssl=1&#039;)\">\n\n\t\t\t\n\t\t\t\t\t<\/div>\n\t\t\t\t\t<div class=\"elementor-carousel-image-overlay e-overlay-animation-fade\">\n\t\t\t\tSuite 1\t\t\t<\/div>\n\t\t\t<\/a>\t\t\t\t\t\t<\/div>\n\t\t\t\t\t\t\t\t\t\t\t<div class=\"swiper-slide\" role=\"group\" aria-roledescription=\"slide\">\n\t\t\t\t\t\t\t<a href=\"https:\/\/riadtizwa.com\/pt-pt\/quarto-3-suite-2-marraquexe\/\">\t\t<div class=\"elementor-carousel-image\" role=\"img\" aria-label=\"Suite 2 Marrakech\" style=\"background-image: url(&#039;https:\/\/i0.wp.com\/riadtizwa.com\/wp-content\/uploads\/2022\/02\/Suite-2.jpg?fit=860%2C536&amp;ssl=1&#039;)\">\n\n\t\t\t\n\t\t\t\t\t<\/div>\n\t\t\t\t\t<div class=\"elementor-carousel-image-overlay e-overlay-animation-fade\">\n\t\t\t\tSuite 2\t\t\t<\/div>\n\t\t\t<\/a>\t\t\t\t\t\t<\/div>\n\t\t\t\t\t\t\t\t\t\t\t<div class=\"swiper-slide\" role=\"group\" aria-roledescription=\"slide\">\n\t\t\t\t\t\t\t<a href=\"https:\/\/riadtizwa.com\/pt-pt\/quarto-4-grande-duplo-marraquexe\/\">\t\t<div class=\"elementor-carousel-image\" role=\"img\" aria-label=\"Large Double Marrakech\" style=\"background-image: url(&#039;https:\/\/i0.wp.com\/riadtizwa.com\/wp-content\/uploads\/2022\/02\/Large-Double.jpg?fit=860%2C536&amp;ssl=1&#039;)\">\n\n\t\t\t\n\t\t\t\t\t<\/div>\n\t\t\t\t\t<div class=\"elementor-carousel-image-overlay e-overlay-animation-fade\">\n\t\t\t\tLarge Double\t\t\t<\/div>\n\t\t\t<\/a>\t\t\t\t\t\t<\/div>\n\t\t\t\t\t\t\t\t\t\t\t<div class=\"swiper-slide\" role=\"group\" aria-roledescription=\"slide\">\n\t\t\t\t\t\t\t<a href=\"https:\/\/riadtizwa.com\/pt-pt\/quarto-5-grande-duplo-marraquexe\/\">\t\t<div class=\"elementor-carousel-image\" role=\"img\" aria-label=\"Double 1 Marrakech\" style=\"background-image: url(&#039;https:\/\/i0.wp.com\/riadtizwa.com\/wp-content\/uploads\/2022\/02\/Double-1.jpg?fit=860%2C536&amp;ssl=1&#039;)\">\n\n\t\t\t\n\t\t\t\t\t<\/div>\n\t\t\t\t\t<div class=\"elementor-carousel-image-overlay e-overlay-animation-fade\">\n\t\t\t\tDouble 1\t\t\t<\/div>\n\t\t\t<\/a>\t\t\t\t\t\t<\/div>\n\t\t\t\t\t\t\t\t\t\t\t<div class=\"swiper-slide\" role=\"group\" aria-roledescription=\"slide\">\n\t\t\t\t\t\t\t<a href=\"https:\/\/riadtizwa.com\/pt-pt\/quarto-6-duplo-1-marraquexe\/\">\t\t<div class=\"elementor-carousel-image\" role=\"img\" aria-label=\"Large Double 2 Marrakech\" style=\"background-image: url(&#039;https:\/\/i0.wp.com\/riadtizwa.com\/wp-content\/uploads\/2022\/02\/Double-2.jpg?fit=860%2C536&amp;ssl=1&#039;)\">\n\n\t\t\t\n\t\t\t\t\t<\/div>\n\t\t\t\t\t<div class=\"elementor-carousel-image-overlay e-overlay-animation-fade\">\n\t\t\t\tDouble 2\t\t\t<\/div>\n\t\t\t<\/a>\t\t\t\t\t\t<\/div>\n\t\t\t\t\t\t\t\t\t<\/div>\n\t\t\t\t\t\t\t\t\t\t\t\t\t\t\t<div class=\"elementor-swiper-button elementor-swiper-button-prev\" role=\"button\" tabindex=\"0\" aria-label=\"Anterior\">\n\t\t\t\t\t\t\t<i aria-hidden=\"true\" class=\"eicon-chevron-left\"><\/i>\t\t\t\t\t\t<\/div>\n\t\t\t\t\t\t<div class=\"elementor-swiper-button elementor-swiper-button-next\" role=\"button\" tabindex=\"0\" aria-label=\"Next\">\n\t\t\t\t\t\t\t<i aria-hidden=\"true\" class=\"eicon-chevron-right\"><\/i>\t\t\t\t\t\t<\/div>\n\t\t\t\t\t\t\t\t\t\t\t\t\t\t\t\t<div class=\"swiper-pagination\"><\/div>\n\t\t\t\t\t\t\t\t\t\t\t\t<\/div>\n\t\t\t\t<\/div>\n\t\t\t\t\t\t\t\t<\/div>\n\t\t\t\t<\/div>\n\t\t\t\t<div class=\"elementor-element elementor-element-db0200c elementor-widget elementor-widget-text-editor\" data-id=\"db0200c\" data-element_type=\"widget\" data-e-type=\"widget\" data-widget_type=\"text-editor.default\">\n\t\t\t\t<div class=\"elementor-widget-container\">\n\t\t\t\t\t\t\t\t\t<p><a href=\"https:\/\/riadtizwa.com\/pt-pt\/quartos-marrakech\/\">Ver todos os nossos quartos<\/a><\/p>\t\t\t\t\t\t\t\t<\/div>\n\t\t\t\t<\/div>\n\t\t\t\t\t<\/div>\n\t\t<\/div>\n\t\t\t\t\t<\/div>\n\t\t<\/section>\n\t\t\t\t<\/div>\n\t\t","protected":false},"excerpt":{"rendered":"<p>Quarto 2 &#8211; Suite Abre-se para o vasto terra\u00e7o. \u00c9 um quarto muito leve e luminoso que tem uma ador\u00e1vel casa de banho tadelakt. \u00c9 talvez a mais rom\u00e2ntica das suites e beneficia de estar no topo da casa. Com ar condicionado e aquecimento. Reserve este quarto Eleg\u00e2ncia e estilo. Camas confort\u00e1veis e len\u00e7\u00f3is luxuosos. [&hellip;]<\/p>\n","protected":false},"author":1,"featured_media":0,"parent":0,"menu_order":0,"comment_status":"closed","ping_status":"closed","template":"","meta":{"nf_dc_page":"","content-type":"","_monsterinsights_skip_tracking":false,"_monsterinsights_sitenote_active":false,"_monsterinsights_sitenote_note":"","_monsterinsights_sitenote_category":0,"footnotes":""},"folder":[12],"class_list":["post-4765","page","type-page","status-publish","hentry"],"yoast_head":"<!-- This site is optimized with the Yoast SEO plugin v27.4 - https:\/\/yoast.com\/product\/yoast-seo-wordpress\/ -->\n<title>Quarto 2 (Suite 1) - Marraquexe | Riad Tizwa<\/title>\n<meta name=\"description\" content=\"Fique em um dos mais bonitos quartos de hotel no terra\u00e7o no cora\u00e7\u00e3o da cidade velha de Marrakech. Visite e relaxe neste belo riad.\" \/>\n<meta name=\"robots\" content=\"index, follow, max-snippet:-1, max-image-preview:large, max-video-preview:-1\" \/>\n<link rel=\"canonical\" href=\"https:\/\/riadtizwa.com\/pt-pt\/quarto-2-suite-1-marraquexe\/\" \/>\n<meta property=\"og:locale\" content=\"pt_PT\" \/>\n<meta property=\"og:type\" content=\"article\" \/>\n<meta property=\"og:title\" content=\"Quarto 2 (Suite 1) - Marraquexe | Riad Tizwa\" \/>\n<meta property=\"og:description\" content=\"Fique em um dos mais bonitos quartos de hotel no terra\u00e7o no cora\u00e7\u00e3o da cidade velha de Marrakech. Visite e relaxe neste belo riad.\" \/>\n<meta property=\"og:url\" content=\"https:\/\/riadtizwa.com\/pt-pt\/quarto-2-suite-1-marraquexe\/\" \/>\n<meta property=\"og:site_name\" content=\"Riad Tizwa\" \/>\n<meta property=\"article:modified_time\" content=\"2022-04-20T17:23:59+00:00\" \/>\n<meta property=\"og:image\" content=\"https:\/\/riadtizwa.com\/wp-content\/uploads\/2022\/03\/Riad-Tizwa-Marrakech-room-1.jpg\" \/>\n<meta name=\"twitter:card\" content=\"summary_large_image\" \/>\n<meta name=\"twitter:label1\" content=\"Tempo estimado de leitura\" \/>\n\t<meta name=\"twitter:data1\" content=\"2 minutos\" \/>\n<!-- \/ Yoast SEO plugin. -->","yoast_head_json":{"title":"Quarto 2 (Suite 1) - Marraquexe | Riad Tizwa","description":"Fique em um dos mais bonitos quartos de hotel no terra\u00e7o no cora\u00e7\u00e3o da cidade velha de Marrakech. Visite e relaxe neste belo riad.","robots":{"index":"index","follow":"follow","max-snippet":"max-snippet:-1","max-image-preview":"max-image-preview:large","max-video-preview":"max-video-preview:-1"},"canonical":"https:\/\/riadtizwa.com\/pt-pt\/quarto-2-suite-1-marraquexe\/","og_locale":"pt_PT","og_type":"article","og_title":"Quarto 2 (Suite 1) - Marraquexe | Riad Tizwa","og_description":"Fique em um dos mais bonitos quartos de hotel no terra\u00e7o no cora\u00e7\u00e3o da cidade velha de Marrakech. Visite e relaxe neste belo riad.","og_url":"https:\/\/riadtizwa.com\/pt-pt\/quarto-2-suite-1-marraquexe\/","og_site_name":"Riad Tizwa","article_modified_time":"2022-04-20T17:23:59+00:00","og_image":[{"url":"https:\/\/riadtizwa.com\/wp-content\/uploads\/2022\/03\/Riad-Tizwa-Marrakech-room-1.jpg","type":"","width":"","height":""}],"twitter_card":"summary_large_image","twitter_misc":{"Tempo estimado de leitura":"2 minutos"},"schema":{"@context":"https:\/\/schema.org","@graph":[{"@type":"WebPage","@id":"https:\/\/riadtizwa.com\/pt-pt\/quarto-2-suite-1-marraquexe\/","url":"https:\/\/riadtizwa.com\/pt-pt\/quarto-2-suite-1-marraquexe\/","name":"Quarto 2 (Suite 1) - Marraquexe | Riad Tizwa","isPartOf":{"@id":"https:\/\/riadtizwa.com\/pt-pt\/#website"},"primaryImageOfPage":{"@id":"https:\/\/riadtizwa.com\/pt-pt\/quarto-2-suite-1-marraquexe\/#primaryimage"},"image":{"@id":"https:\/\/riadtizwa.com\/pt-pt\/quarto-2-suite-1-marraquexe\/#primaryimage"},"thumbnailUrl":"https:\/\/riadtizwa.com\/wp-content\/uploads\/2022\/03\/Riad-Tizwa-Marrakech-room-1.jpg","datePublished":"2022-02-10T21:41:18+00:00","dateModified":"2022-04-20T17:23:59+00:00","description":"Fique em um dos mais bonitos quartos de hotel no terra\u00e7o no cora\u00e7\u00e3o da cidade velha de Marrakech. Visite e relaxe neste belo riad.","breadcrumb":{"@id":"https:\/\/riadtizwa.com\/pt-pt\/quarto-2-suite-1-marraquexe\/#breadcrumb"},"inLanguage":"pt-PT","potentialAction":[{"@type":"ReadAction","target":["https:\/\/riadtizwa.com\/pt-pt\/quarto-2-suite-1-marraquexe\/"]}]},{"@type":"ImageObject","inLanguage":"pt-PT","@id":"https:\/\/riadtizwa.com\/pt-pt\/quarto-2-suite-1-marraquexe\/#primaryimage","url":"https:\/\/riadtizwa.com\/wp-content\/uploads\/2022\/03\/Riad-Tizwa-Marrakech-room-1.jpg","contentUrl":"https:\/\/riadtizwa.com\/wp-content\/uploads\/2022\/03\/Riad-Tizwa-Marrakech-room-1.jpg"},{"@type":"BreadcrumbList","@id":"https:\/\/riadtizwa.com\/pt-pt\/quarto-2-suite-1-marraquexe\/#breadcrumb","itemListElement":[{"@type":"ListItem","position":1,"name":"Home","item":"https:\/\/riadtizwa.com\/pt-pt\/"},{"@type":"ListItem","position":2,"name":"Quarto 2 (Suite 1) &#8211; Marraquexe"}]},{"@type":"WebSite","@id":"https:\/\/riadtizwa.com\/pt-pt\/#website","url":"https:\/\/riadtizwa.com\/pt-pt\/","name":"Riad Tizwa","description":"","publisher":{"@id":"https:\/\/riadtizwa.com\/pt-pt\/#organization"},"potentialAction":[{"@type":"SearchAction","target":{"@type":"EntryPoint","urlTemplate":"https:\/\/riadtizwa.com\/pt-pt\/?s={search_term_string}"},"query-input":{"@type":"PropertyValueSpecification","valueRequired":true,"valueName":"search_term_string"}}],"inLanguage":"pt-PT"},{"@type":"Organization","@id":"https:\/\/riadtizwa.com\/pt-pt\/#organization","name":"Riad Tizwa","url":"https:\/\/riadtizwa.com\/pt-pt\/","logo":{"@type":"ImageObject","inLanguage":"pt-PT","@id":"https:\/\/riadtizwa.com\/pt-pt\/#\/schema\/logo\/image\/","url":"https:\/\/riadtizwa.com\/wp-content\/uploads\/2021\/12\/Tizwa-logo.svg","contentUrl":"https:\/\/riadtizwa.com\/wp-content\/uploads\/2021\/12\/Tizwa-logo.svg","width":91,"height":68,"caption":"Riad Tizwa"},"image":{"@id":"https:\/\/riadtizwa.com\/pt-pt\/#\/schema\/logo\/image\/"}}]}},"jetpack_sharing_enabled":true,"_links":{"self":[{"href":"https:\/\/riadtizwa.com\/pt-pt\/wp-json\/wp\/v2\/pages\/4765","targetHints":{"allow":["GET"]}}],"collection":[{"href":"https:\/\/riadtizwa.com\/pt-pt\/wp-json\/wp\/v2\/pages"}],"about":[{"href":"https:\/\/riadtizwa.com\/pt-pt\/wp-json\/wp\/v2\/types\/page"}],"author":[{"embeddable":true,"href":"https:\/\/riadtizwa.com\/pt-pt\/wp-json\/wp\/v2\/users\/1"}],"replies":[{"embeddable":true,"href":"https:\/\/riadtizwa.com\/pt-pt\/wp-json\/wp\/v2\/comments?post=4765"}],"version-history":[{"count":5,"href":"https:\/\/riadtizwa.com\/pt-pt\/wp-json\/wp\/v2\/pages\/4765\/revisions"}],"predecessor-version":[{"id":6709,"href":"https:\/\/riadtizwa.com\/pt-pt\/wp-json\/wp\/v2\/pages\/4765\/revisions\/6709"}],"wp:attachment":[{"href":"https:\/\/riadtizwa.com\/pt-pt\/wp-json\/wp\/v2\/media?parent=4765"}],"wp:term":[{"taxonomy":"folder","embeddable":true,"href":"https:\/\/riadtizwa.com\/pt-pt\/wp-json\/wp\/v2\/folder?post=4765"}],"curies":[{"name":"wp","href":"https:\/\/api.w.org\/{rel}","templated":true}]}}