{"id":4741,"date":"2022-02-17T09:34:38","date_gmt":"2022-02-17T09:34:38","guid":{"rendered":"https:\/\/riadtizwa.com\/quarto-5-grand-suite-3-fes\/"},"modified":"2022-04-20T17:27:55","modified_gmt":"2022-04-20T17:27:55","slug":"quarto-5-grand-suite-3-fes","status":"publish","type":"page","link":"https:\/\/riadtizwa.com\/pt-pt\/quarto-5-grand-suite-3-fes\/","title":{"rendered":"Quarto 5 (Grand Suite 3) &#8211; Fes"},"content":{"rendered":"\t\t<div data-elementor-type=\"wp-page\" data-elementor-id=\"4741\" class=\"elementor elementor-4741 elementor-1020\" data-elementor-post-type=\"page\">\n\t\t\t\t\t\t<section class=\"elementor-section elementor-top-section elementor-element elementor-element-63b0b65d elementor-section-content-middle elementor-section-height-min-height elementor-section-boxed elementor-section-height-default elementor-section-items-middle\" data-id=\"63b0b65d\" data-element_type=\"section\" data-e-type=\"section\" data-settings=\"{&quot;background_background&quot;:&quot;classic&quot;}\">\n\t\t\t\t\t\t<div class=\"elementor-container elementor-column-gap-no\">\n\t\t\t\t\t<div class=\"elementor-column elementor-col-100 elementor-top-column elementor-element elementor-element-64920b2e\" data-id=\"64920b2e\" data-element_type=\"column\" data-e-type=\"column\">\n\t\t\t<div class=\"elementor-widget-wrap\">\n\t\t\t\t\t\t\t<\/div>\n\t\t<\/div>\n\t\t\t\t\t<\/div>\n\t\t<\/section>\n\t\t\t\t<section class=\"elementor-section elementor-top-section elementor-element elementor-element-4fef899c elementor-section-boxed elementor-section-height-default elementor-section-height-default\" data-id=\"4fef899c\" data-element_type=\"section\" data-e-type=\"section\">\n\t\t\t\t\t\t<div class=\"elementor-container elementor-column-gap-default\">\n\t\t\t\t\t<div class=\"elementor-column elementor-col-100 elementor-top-column elementor-element elementor-element-492f781d\" data-id=\"492f781d\" data-element_type=\"column\" data-e-type=\"column\">\n\t\t\t<div class=\"elementor-widget-wrap elementor-element-populated\">\n\t\t\t\t\t\t<div class=\"elementor-element elementor-element-e1f4b8b elementor-widget elementor-widget-heading\" data-id=\"e1f4b8b\" data-element_type=\"widget\" data-e-type=\"widget\" data-widget_type=\"heading.default\">\n\t\t\t\t<div class=\"elementor-widget-container\">\n\t\t\t\t\t<h2 class=\"elementor-heading-title elementor-size-default\">Grand Suite 5<\/h2>\t\t\t\t<\/div>\n\t\t\t\t<\/div>\n\t\t\t\t<div class=\"elementor-element elementor-element-1a4761d7 elementor-widget elementor-widget-text-editor\" data-id=\"1a4761d7\" data-element_type=\"widget\" data-e-type=\"widget\" data-widget_type=\"text-editor.default\">\n\t\t\t\t<div class=\"elementor-widget-container\">\n\t\t\t\t\t\t\t\t\t<p>Este vasto quarto palaciano, fora do p\u00e1tio forma grande parte de um lado inteiro do Riad. \u00c9 novamente ensuite com uma casa de banho walk-in. Tem mais de 9 metros de comprimento e tem um belo teto de madeira tradicional e gelize trabalho. O quarto tem ar condicionado.<\/p>\t\t\t\t\t\t\t\t<\/div>\n\t\t\t\t<\/div>\n\t\t\t\t<div class=\"elementor-element elementor-element-33d3c26 elementor-align-center elementor-widget elementor-widget-global elementor-global-5299 elementor-global-959 elementor-widget-button\" data-id=\"33d3c26\" data-element_type=\"widget\" data-e-type=\"widget\" data-widget_type=\"button.default\">\n\t\t\t\t<div class=\"elementor-widget-container\">\n\t\t\t\t\t\t\t\t\t<div class=\"elementor-button-wrapper\">\n\t\t\t\t\t<a class=\"elementor-button elementor-button-link elementor-size-md\" href=\"https:\/\/direct-book.com\/properties\/riadtizwamarrakechdirect\">\n\t\t\t\t\t\t<span class=\"elementor-button-content-wrapper\">\n\t\t\t\t\t\t\t\t\t<span class=\"elementor-button-text\">Reserve este quarto<\/span>\n\t\t\t\t\t<\/span>\n\t\t\t\t\t<\/a>\n\t\t\t\t<\/div>\n\t\t\t\t\t\t\t\t<\/div>\n\t\t\t\t<\/div>\n\t\t\t\t\t<\/div>\n\t\t<\/div>\n\t\t\t\t\t<\/div>\n\t\t<\/section>\n\t\t\t\t<section class=\"elementor-section elementor-top-section elementor-element elementor-element-13ee47cb elementor-section-boxed elementor-section-height-default elementor-section-height-default\" data-id=\"13ee47cb\" data-element_type=\"section\" data-e-type=\"section\">\n\t\t\t\t\t\t<div class=\"elementor-container elementor-column-gap-no\">\n\t\t\t\t\t<div class=\"elementor-column elementor-col-100 elementor-top-column elementor-element elementor-element-1b419151\" data-id=\"1b419151\" data-element_type=\"column\" data-e-type=\"column\">\n\t\t\t<div class=\"elementor-widget-wrap\">\n\t\t\t\t\t\t\t<\/div>\n\t\t<\/div>\n\t\t\t\t\t<\/div>\n\t\t<\/section>\n\t\t\t\t<section class=\"elementor-section elementor-top-section elementor-element elementor-element-3e4527b elementor-section-height-min-height elementor-section-boxed elementor-section-height-default elementor-section-items-middle\" data-id=\"3e4527b\" data-element_type=\"section\" data-e-type=\"section\" data-settings=\"{&quot;background_background&quot;:&quot;classic&quot;}\">\n\t\t\t\t\t\t<div class=\"elementor-container elementor-column-gap-default\">\n\t\t\t\t\t<div class=\"elementor-column elementor-col-100 elementor-top-column elementor-element elementor-element-4c010b4a\" data-id=\"4c010b4a\" data-element_type=\"column\" data-e-type=\"column\">\n\t\t\t<div class=\"elementor-widget-wrap\">\n\t\t\t\t\t\t\t<\/div>\n\t\t<\/div>\n\t\t\t\t\t<\/div>\n\t\t<\/section>\n\t\t\t\t<section class=\"elementor-section elementor-top-section elementor-element elementor-element-3e7d8a25 elementor-section-boxed elementor-section-height-default elementor-section-height-default\" data-id=\"3e7d8a25\" data-element_type=\"section\" data-e-type=\"section\">\n\t\t\t\t\t\t<div class=\"elementor-container elementor-column-gap-default\">\n\t\t\t\t\t<div class=\"elementor-column elementor-col-100 elementor-top-column elementor-element elementor-element-45229bd3\" data-id=\"45229bd3\" data-element_type=\"column\" data-e-type=\"column\">\n\t\t\t<div class=\"elementor-widget-wrap elementor-element-populated\">\n\t\t\t\t\t\t<div class=\"elementor-element elementor-element-5f0f84e3 elementor-widget elementor-widget-heading\" data-id=\"5f0f84e3\" data-element_type=\"widget\" data-e-type=\"widget\" data-widget_type=\"heading.default\">\n\t\t\t\t<div class=\"elementor-widget-container\">\n\t\t\t\t\t<h2 class=\"elementor-heading-title elementor-size-default\">Eleg\u00e2ncia e estilo. Camas confort\u00e1veis e len\u00e7\u00f3is luxuosos.<\/h2>\t\t\t\t<\/div>\n\t\t\t\t<\/div>\n\t\t\t\t\t<\/div>\n\t\t<\/div>\n\t\t\t\t\t<\/div>\n\t\t<\/section>\n\t\t\t\t<section class=\"elementor-section elementor-top-section elementor-element elementor-element-6d85c1f6 elementor-section-full_width elementor-section-height-default elementor-section-height-default\" data-id=\"6d85c1f6\" data-element_type=\"section\" data-e-type=\"section\">\n\t\t\t\t\t\t<div class=\"elementor-container elementor-column-gap-custom\">\n\t\t\t\t\t<div class=\"elementor-column elementor-col-50 elementor-top-column elementor-element elementor-element-1113b7ec\" data-id=\"1113b7ec\" data-element_type=\"column\" data-e-type=\"column\">\n\t\t\t<div class=\"elementor-widget-wrap elementor-element-populated\">\n\t\t\t\t\t\t<div class=\"elementor-element elementor-element-3a18642c elementor-widget elementor-widget-image\" data-id=\"3a18642c\" data-element_type=\"widget\" data-e-type=\"widget\" data-widget_type=\"image.default\">\n\t\t\t\t<div class=\"elementor-widget-container\">\n\t\t\t\t\t\t\t\t\t\t\t\t\t\t\t<img fetchpriority=\"high\" decoding=\"async\" width=\"672\" height=\"420\" src=\"https:\/\/i0.wp.com\/riadtizwa.com\/wp-content\/uploads\/2022\/03\/Riad-Tizwa-Fes-Room-5-bedroom.jpg?fit=672%2C420&amp;ssl=1\" class=\"attachment-large size-large wp-image-4670\" alt=\"Riad Tizwa Fes Room 5 bedroom\" srcset=\"https:\/\/i0.wp.com\/riadtizwa.com\/wp-content\/uploads\/2022\/03\/Riad-Tizwa-Fes-Room-5-bedroom.jpg?w=672&amp;ssl=1 672w, https:\/\/i0.wp.com\/riadtizwa.com\/wp-content\/uploads\/2022\/03\/Riad-Tizwa-Fes-Room-5-bedroom.jpg?resize=300%2C188&amp;ssl=1 300w\" sizes=\"(max-width: 672px) 100vw, 672px\" \/>\t\t\t\t\t\t\t\t\t\t\t\t\t\t\t<\/div>\n\t\t\t\t<\/div>\n\t\t\t\t<div class=\"elementor-element elementor-element-64b580f4 elementor-widget elementor-widget-heading\" data-id=\"64b580f4\" data-element_type=\"widget\" data-e-type=\"widget\" data-widget_type=\"heading.default\">\n\t\t\t\t<div class=\"elementor-widget-container\">\n\t\t\t\t\t<h3 class=\"elementor-heading-title elementor-size-default\">Caracter\u00edsticas do quarto<\/h3>\t\t\t\t<\/div>\n\t\t\t\t<\/div>\n\t\t\t\t<div class=\"elementor-element elementor-element-7c4b1810 elementor-widget elementor-widget-text-editor\" data-id=\"7c4b1810\" data-element_type=\"widget\" data-e-type=\"widget\" data-widget_type=\"text-editor.default\">\n\t\t\t\t<div class=\"elementor-widget-container\">\n\t\t\t\t\t\t\t\t\t<p>A cama \u00e9 super kingsize. Tamb\u00e9m vem com um grande sof\u00e1 que pode ser feito em uma cama de solteiro se h\u00e1 tr\u00eas de voc\u00eas que desejam ficar. A su\u00edte \u00e9 composta por um passeio no chuveiro e tem ar condicionado e aquecimento.<\/p>\t\t\t\t\t\t\t\t<\/div>\n\t\t\t\t<\/div>\n\t\t\t\t<div class=\"elementor-element elementor-element-532d71c4 elementor-widget elementor-widget-text-editor\" data-id=\"532d71c4\" data-element_type=\"widget\" data-e-type=\"widget\" data-widget_type=\"text-editor.default\">\n\t\t\t\t<div class=\"elementor-widget-container\">\n\t\t\t\t\t\t\t\t\t<p>Cama Kingsize<\/p><p>Caminhe no chuveiro<\/p><p>Ar condicionado e aquecimento<\/p>\t\t\t\t\t\t\t\t<\/div>\n\t\t\t\t<\/div>\n\t\t\t\t\t<\/div>\n\t\t<\/div>\n\t\t\t\t<div class=\"elementor-column elementor-col-50 elementor-top-column elementor-element elementor-element-2d3ebcbd\" data-id=\"2d3ebcbd\" data-element_type=\"column\" data-e-type=\"column\">\n\t\t\t<div class=\"elementor-widget-wrap elementor-element-populated\">\n\t\t\t\t\t\t<div class=\"elementor-element elementor-element-72f5f30 elementor-widget elementor-widget-image\" data-id=\"72f5f30\" data-element_type=\"widget\" data-e-type=\"widget\" data-widget_type=\"image.default\">\n\t\t\t\t<div class=\"elementor-widget-container\">\n\t\t\t\t\t\t\t\t\t\t\t\t\t\t\t<img decoding=\"async\" width=\"672\" height=\"420\" src=\"https:\/\/i0.wp.com\/riadtizwa.com\/wp-content\/uploads\/2022\/03\/Riad-Tizwa-fes-bedroom5-sofa.jpg?fit=672%2C420&amp;ssl=1\" class=\"attachment-large size-large wp-image-4668\" alt=\"\" srcset=\"https:\/\/i0.wp.com\/riadtizwa.com\/wp-content\/uploads\/2022\/03\/Riad-Tizwa-fes-bedroom5-sofa.jpg?w=672&amp;ssl=1 672w, https:\/\/i0.wp.com\/riadtizwa.com\/wp-content\/uploads\/2022\/03\/Riad-Tizwa-fes-bedroom5-sofa.jpg?resize=300%2C188&amp;ssl=1 300w\" sizes=\"(max-width: 672px) 100vw, 672px\" \/>\t\t\t\t\t\t\t\t\t\t\t\t\t\t\t<\/div>\n\t\t\t\t<\/div>\n\t\t\t\t<div class=\"elementor-element elementor-element-7141e355 elementor-widget elementor-widget-heading\" data-id=\"7141e355\" data-element_type=\"widget\" data-e-type=\"widget\" data-widget_type=\"heading.default\">\n\t\t\t\t<div class=\"elementor-widget-container\">\n\t\t\t\t\t<h3 class=\"elementor-heading-title elementor-size-default\">Vista atrav\u00e9s do riad<\/h3>\t\t\t\t<\/div>\n\t\t\t\t<\/div>\n\t\t\t\t<div class=\"elementor-element elementor-element-209ee7a7 elementor-widget elementor-widget-text-editor\" data-id=\"209ee7a7\" data-element_type=\"widget\" data-e-type=\"widget\" data-widget_type=\"text-editor.default\">\n\t\t\t\t<div class=\"elementor-widget-container\">\n\t\t\t\t\t\t\t\t\t<p>Localizado no r\u00e9s-do-ch\u00e3o, tem uma vista encantadora sobre o p\u00e1tio e o mais incr\u00edvel, e vasto, teto de madeira pintado.  <\/p>\t\t\t\t\t\t\t\t<\/div>\n\t\t\t\t<\/div>\n\t\t\t\t\t<\/div>\n\t\t<\/div>\n\t\t\t\t\t<\/div>\n\t\t<\/section>\n\t\t\t\t<\/div>\n\t\t","protected":false},"excerpt":{"rendered":"<p>Grand Suite 5 Este vasto quarto palaciano, fora do p\u00e1tio forma grande parte de um lado inteiro do Riad. \u00c9 novamente ensuite com uma casa de banho walk-in. Tem mais de 9 metros de comprimento e tem um belo teto de madeira tradicional e gelize trabalho. O quarto tem ar condicionado. Reserve este quarto Eleg\u00e2ncia [&hellip;]<\/p>\n","protected":false},"author":1,"featured_media":0,"parent":0,"menu_order":0,"comment_status":"closed","ping_status":"closed","template":"","meta":{"nf_dc_page":"","content-type":"","_monsterinsights_skip_tracking":false,"_monsterinsights_sitenote_active":false,"_monsterinsights_sitenote_note":"","_monsterinsights_sitenote_category":0,"footnotes":""},"folder":[13],"class_list":["post-4741","page","type-page","status-publish","hentry"],"yoast_head":"<!-- This site is optimized with the Yoast SEO plugin v27.4 - https:\/\/yoast.com\/product\/yoast-seo-wordpress\/ -->\n<title>Quarto 5 (Grand Suite 3) - Fes | Riad Tizwa<\/title>\n<meta name=\"robots\" content=\"index, follow, max-snippet:-1, max-image-preview:large, max-video-preview:-1\" \/>\n<link rel=\"canonical\" href=\"https:\/\/riadtizwa.com\/pt-pt\/quarto-5-grand-suite-3-fes\/\" \/>\n<meta property=\"og:locale\" content=\"pt_PT\" \/>\n<meta property=\"og:type\" content=\"article\" \/>\n<meta property=\"og:title\" content=\"Quarto 5 (Grand Suite 3) - Fes | Riad Tizwa\" \/>\n<meta property=\"og:description\" content=\"Grand Suite 5 Este vasto quarto palaciano, fora do p\u00e1tio forma grande parte de um lado inteiro do Riad. \u00c9 novamente ensuite com uma casa de banho walk-in. Tem mais de 9 metros de comprimento e tem um belo teto de madeira tradicional e gelize trabalho. O quarto tem ar condicionado. Reserve este quarto Eleg\u00e2ncia [&hellip;]\" \/>\n<meta property=\"og:url\" content=\"https:\/\/riadtizwa.com\/pt-pt\/quarto-5-grand-suite-3-fes\/\" \/>\n<meta property=\"og:site_name\" content=\"Riad Tizwa\" \/>\n<meta property=\"article:modified_time\" content=\"2022-04-20T17:27:55+00:00\" \/>\n<meta property=\"og:image\" content=\"https:\/\/riadtizwa.com\/wp-content\/uploads\/2022\/03\/Riad-Tizwa-Fes-Room-5-bedroom.jpg\" \/>\n<meta name=\"twitter:card\" content=\"summary_large_image\" \/>\n<meta name=\"twitter:label1\" content=\"Tempo estimado de leitura\" \/>\n\t<meta name=\"twitter:data1\" content=\"2 minutos\" \/>\n<!-- \/ Yoast SEO plugin. -->","yoast_head_json":{"title":"Quarto 5 (Grand Suite 3) - Fes | Riad Tizwa","robots":{"index":"index","follow":"follow","max-snippet":"max-snippet:-1","max-image-preview":"max-image-preview:large","max-video-preview":"max-video-preview:-1"},"canonical":"https:\/\/riadtizwa.com\/pt-pt\/quarto-5-grand-suite-3-fes\/","og_locale":"pt_PT","og_type":"article","og_title":"Quarto 5 (Grand Suite 3) - Fes | Riad Tizwa","og_description":"Grand Suite 5 Este vasto quarto palaciano, fora do p\u00e1tio forma grande parte de um lado inteiro do Riad. \u00c9 novamente ensuite com uma casa de banho walk-in. Tem mais de 9 metros de comprimento e tem um belo teto de madeira tradicional e gelize trabalho. O quarto tem ar condicionado. Reserve este quarto Eleg\u00e2ncia [&hellip;]","og_url":"https:\/\/riadtizwa.com\/pt-pt\/quarto-5-grand-suite-3-fes\/","og_site_name":"Riad Tizwa","article_modified_time":"2022-04-20T17:27:55+00:00","og_image":[{"url":"https:\/\/riadtizwa.com\/wp-content\/uploads\/2022\/03\/Riad-Tizwa-Fes-Room-5-bedroom.jpg","type":"","width":"","height":""}],"twitter_card":"summary_large_image","twitter_misc":{"Tempo estimado de leitura":"2 minutos"},"schema":{"@context":"https:\/\/schema.org","@graph":[{"@type":"WebPage","@id":"https:\/\/riadtizwa.com\/pt-pt\/quarto-5-grand-suite-3-fes\/","url":"https:\/\/riadtizwa.com\/pt-pt\/quarto-5-grand-suite-3-fes\/","name":"Quarto 5 (Grand Suite 3) - Fes | Riad Tizwa","isPartOf":{"@id":"https:\/\/riadtizwa.com\/pt-pt\/#website"},"primaryImageOfPage":{"@id":"https:\/\/riadtizwa.com\/pt-pt\/quarto-5-grand-suite-3-fes\/#primaryimage"},"image":{"@id":"https:\/\/riadtizwa.com\/pt-pt\/quarto-5-grand-suite-3-fes\/#primaryimage"},"thumbnailUrl":"https:\/\/riadtizwa.com\/wp-content\/uploads\/2022\/03\/Riad-Tizwa-Fes-Room-5-bedroom.jpg","datePublished":"2022-02-17T09:34:38+00:00","dateModified":"2022-04-20T17:27:55+00:00","breadcrumb":{"@id":"https:\/\/riadtizwa.com\/pt-pt\/quarto-5-grand-suite-3-fes\/#breadcrumb"},"inLanguage":"pt-PT","potentialAction":[{"@type":"ReadAction","target":["https:\/\/riadtizwa.com\/pt-pt\/quarto-5-grand-suite-3-fes\/"]}]},{"@type":"ImageObject","inLanguage":"pt-PT","@id":"https:\/\/riadtizwa.com\/pt-pt\/quarto-5-grand-suite-3-fes\/#primaryimage","url":"https:\/\/riadtizwa.com\/wp-content\/uploads\/2022\/03\/Riad-Tizwa-Fes-Room-5-bedroom.jpg","contentUrl":"https:\/\/riadtizwa.com\/wp-content\/uploads\/2022\/03\/Riad-Tizwa-Fes-Room-5-bedroom.jpg"},{"@type":"BreadcrumbList","@id":"https:\/\/riadtizwa.com\/pt-pt\/quarto-5-grand-suite-3-fes\/#breadcrumb","itemListElement":[{"@type":"ListItem","position":1,"name":"Home","item":"https:\/\/riadtizwa.com\/pt-pt\/"},{"@type":"ListItem","position":2,"name":"Quarto 5 (Grand Suite 3) &#8211; Fes"}]},{"@type":"WebSite","@id":"https:\/\/riadtizwa.com\/pt-pt\/#website","url":"https:\/\/riadtizwa.com\/pt-pt\/","name":"Riad Tizwa","description":"","publisher":{"@id":"https:\/\/riadtizwa.com\/pt-pt\/#organization"},"potentialAction":[{"@type":"SearchAction","target":{"@type":"EntryPoint","urlTemplate":"https:\/\/riadtizwa.com\/pt-pt\/?s={search_term_string}"},"query-input":{"@type":"PropertyValueSpecification","valueRequired":true,"valueName":"search_term_string"}}],"inLanguage":"pt-PT"},{"@type":"Organization","@id":"https:\/\/riadtizwa.com\/pt-pt\/#organization","name":"Riad Tizwa","url":"https:\/\/riadtizwa.com\/pt-pt\/","logo":{"@type":"ImageObject","inLanguage":"pt-PT","@id":"https:\/\/riadtizwa.com\/pt-pt\/#\/schema\/logo\/image\/","url":"https:\/\/riadtizwa.com\/wp-content\/uploads\/2021\/12\/Tizwa-logo.svg","contentUrl":"https:\/\/riadtizwa.com\/wp-content\/uploads\/2021\/12\/Tizwa-logo.svg","width":91,"height":68,"caption":"Riad Tizwa"},"image":{"@id":"https:\/\/riadtizwa.com\/pt-pt\/#\/schema\/logo\/image\/"}}]}},"jetpack_sharing_enabled":true,"_links":{"self":[{"href":"https:\/\/riadtizwa.com\/pt-pt\/wp-json\/wp\/v2\/pages\/4741","targetHints":{"allow":["GET"]}}],"collection":[{"href":"https:\/\/riadtizwa.com\/pt-pt\/wp-json\/wp\/v2\/pages"}],"about":[{"href":"https:\/\/riadtizwa.com\/pt-pt\/wp-json\/wp\/v2\/types\/page"}],"author":[{"embeddable":true,"href":"https:\/\/riadtizwa.com\/pt-pt\/wp-json\/wp\/v2\/users\/1"}],"replies":[{"embeddable":true,"href":"https:\/\/riadtizwa.com\/pt-pt\/wp-json\/wp\/v2\/comments?post=4741"}],"version-history":[{"count":5,"href":"https:\/\/riadtizwa.com\/pt-pt\/wp-json\/wp\/v2\/pages\/4741\/revisions"}],"predecessor-version":[{"id":6727,"href":"https:\/\/riadtizwa.com\/pt-pt\/wp-json\/wp\/v2\/pages\/4741\/revisions\/6727"}],"wp:attachment":[{"href":"https:\/\/riadtizwa.com\/pt-pt\/wp-json\/wp\/v2\/media?parent=4741"}],"wp:term":[{"taxonomy":"folder","embeddable":true,"href":"https:\/\/riadtizwa.com\/pt-pt\/wp-json\/wp\/v2\/folder?post=4741"}],"curies":[{"name":"wp","href":"https:\/\/api.w.org\/{rel}","templated":true}]}}