{"id":4698,"date":"2022-01-25T15:48:29","date_gmt":"2022-01-25T15:48:29","guid":{"rendered":"https:\/\/riadtizwa.com\/diario\/"},"modified":"2022-04-18T10:45:39","modified_gmt":"2022-04-18T10:45:39","slug":"diario","status":"publish","type":"page","link":"https:\/\/riadtizwa.com\/pt-pt\/diario\/","title":{"rendered":"Di\u00e1rio"},"content":{"rendered":"\t\t<div data-elementor-type=\"wp-page\" data-elementor-id=\"4698\" class=\"elementor elementor-4698 elementor-395\" data-elementor-post-type=\"page\">\n\t\t\t\t\t\t<section class=\"elementor-section elementor-top-section elementor-element elementor-element-16aba82e elementor-section-content-middle elementor-section-height-min-height elementor-section-boxed elementor-section-height-default elementor-section-items-middle\" data-id=\"16aba82e\" data-element_type=\"section\" data-e-type=\"section\" data-settings=\"{&quot;background_background&quot;:&quot;classic&quot;}\">\n\t\t\t\t\t\t<div class=\"elementor-container elementor-column-gap-no\">\n\t\t\t\t\t<div class=\"elementor-column elementor-col-100 elementor-top-column elementor-element elementor-element-14707129\" data-id=\"14707129\" data-element_type=\"column\" data-e-type=\"column\">\n\t\t\t<div class=\"elementor-widget-wrap\">\n\t\t\t\t\t\t\t<\/div>\n\t\t<\/div>\n\t\t\t\t\t<\/div>\n\t\t<\/section>\n\t\t\t\t<section class=\"elementor-section elementor-top-section elementor-element elementor-element-7f88ab26 elementor-section-boxed elementor-section-height-default elementor-section-height-default\" data-id=\"7f88ab26\" data-element_type=\"section\" data-e-type=\"section\">\n\t\t\t\t\t\t<div class=\"elementor-container elementor-column-gap-default\">\n\t\t\t\t\t<div class=\"elementor-column elementor-col-100 elementor-top-column elementor-element elementor-element-79d1e6db\" data-id=\"79d1e6db\" data-element_type=\"column\" data-e-type=\"column\">\n\t\t\t<div class=\"elementor-widget-wrap elementor-element-populated\">\n\t\t\t\t\t\t<div class=\"elementor-element elementor-element-54711ea9 elementor-widget elementor-widget-heading\" data-id=\"54711ea9\" data-element_type=\"widget\" data-e-type=\"widget\" data-widget_type=\"heading.default\">\n\t\t\t\t<div class=\"elementor-widget-container\">\n\t\t\t\t\t<h2 class=\"elementor-heading-title elementor-size-default\">Di\u00e1rio<\/h2>\t\t\t\t<\/div>\n\t\t\t\t<\/div>\n\t\t\t\t\t<\/div>\n\t\t<\/div>\n\t\t\t\t\t<\/div>\n\t\t<\/section>\n\t\t\t\t<section class=\"elementor-section elementor-top-section elementor-element elementor-element-fd7d768 elementor-section-boxed elementor-section-height-default elementor-section-height-default\" data-id=\"fd7d768\" data-element_type=\"section\" data-e-type=\"section\">\n\t\t\t\t\t\t<div class=\"elementor-container elementor-column-gap-default\">\n\t\t\t\t\t<div class=\"elementor-column elementor-col-100 elementor-top-column elementor-element elementor-element-73151fe4\" data-id=\"73151fe4\" data-element_type=\"column\" data-e-type=\"column\">\n\t\t\t<div class=\"elementor-widget-wrap elementor-element-populated\">\n\t\t\t\t\t\t<div class=\"elementor-element elementor-element-4e7382f0 elementor-grid-2 elementor-posts--align-left elementor-grid-tablet-2 elementor-grid-mobile-1 elementor-posts--thumbnail-top elementor-widget elementor-widget-posts\" data-id=\"4e7382f0\" data-element_type=\"widget\" data-e-type=\"widget\" data-settings=\"{&quot;classic_columns&quot;:&quot;2&quot;,&quot;classic_row_gap&quot;:{&quot;unit&quot;:&quot;px&quot;,&quot;size&quot;:40,&quot;sizes&quot;:[]},&quot;classic_columns_tablet&quot;:&quot;2&quot;,&quot;classic_columns_mobile&quot;:&quot;1&quot;,&quot;classic_row_gap_tablet&quot;:{&quot;unit&quot;:&quot;px&quot;,&quot;size&quot;:&quot;&quot;,&quot;sizes&quot;:[]},&quot;classic_row_gap_mobile&quot;:{&quot;unit&quot;:&quot;px&quot;,&quot;size&quot;:&quot;&quot;,&quot;sizes&quot;:[]}}\" data-widget_type=\"posts.classic\">\n\t\t\t\t<div class=\"elementor-widget-container\">\n\t\t\t\t\t\t\t<div class=\"elementor-posts-container elementor-posts elementor-posts--skin-classic elementor-grid\" role=\"list\">\n\t\t\t\t<article class=\"elementor-post elementor-grid-item post-4886 post type-post status-publish format-standard has-post-thumbnail hentry category-uncategorized\" role=\"listitem\">\n\t\t\t\t<a class=\"elementor-post__thumbnail__link\" href=\"https:\/\/riadtizwa.com\/pt-pt\/as-nossas-recomendacoes\/\" tabindex=\"-1\" >\n\t\t\t<div class=\"elementor-post__thumbnail\"><img fetchpriority=\"high\" decoding=\"async\" width=\"768\" height=\"480\" src=\"https:\/\/i0.wp.com\/riadtizwa.com\/wp-content\/uploads\/2022\/01\/Blog-1.jpg?fit=768%2C480&amp;ssl=1\" class=\"attachment-medium_large size-medium_large wp-image-4370\" alt=\"\" srcset=\"https:\/\/i0.wp.com\/riadtizwa.com\/wp-content\/uploads\/2022\/01\/Blog-1.jpg?w=2106&amp;ssl=1 2106w, https:\/\/i0.wp.com\/riadtizwa.com\/wp-content\/uploads\/2022\/01\/Blog-1.jpg?resize=300%2C188&amp;ssl=1 300w, https:\/\/i0.wp.com\/riadtizwa.com\/wp-content\/uploads\/2022\/01\/Blog-1.jpg?resize=1024%2C640&amp;ssl=1 1024w, https:\/\/i0.wp.com\/riadtizwa.com\/wp-content\/uploads\/2022\/01\/Blog-1.jpg?resize=768%2C480&amp;ssl=1 768w, https:\/\/i0.wp.com\/riadtizwa.com\/wp-content\/uploads\/2022\/01\/Blog-1.jpg?resize=1536%2C961&amp;ssl=1 1536w, https:\/\/i0.wp.com\/riadtizwa.com\/wp-content\/uploads\/2022\/01\/Blog-1.jpg?resize=2048%2C1281&amp;ssl=1 2048w, https:\/\/i0.wp.com\/riadtizwa.com\/wp-content\/uploads\/2022\/01\/Blog-1.jpg?w=1600&amp;ssl=1 1600w\" sizes=\"(max-width: 768px) 100vw, 768px\" \/><\/div>\n\t\t<\/a>\n\t\t\t\t<div class=\"elementor-post__text\">\n\t\t\t\t<h3 class=\"elementor-post__title\">\n\t\t\t<a href=\"https:\/\/riadtizwa.com\/pt-pt\/as-nossas-recomendacoes\/\" >\n\t\t\t\tAs nossas recomenda\u00e7\u00f5es\t\t\t<\/a>\n\t\t<\/h3>\n\t\t\t\t<div class=\"elementor-post__meta-data\">\n\t\t\t\t\t<span class=\"elementor-post-date\">\n\t\t\t11 de Mar\u00e7o, 2022\t\t<\/span>\n\t\t\t\t<\/div>\n\t\t\t\t<div class=\"elementor-post__excerpt\">\n\t\t\t<p>Data Temos o prazer de ajud\u00e1-lo com qualquer pergunta que possa ter sobre o riad, nossos servi\u00e7os, sua viagem a Marraquexe ou Fes ou quaisquer<\/p>\n\t\t<\/div>\n\t\t\n\t\t<a class=\"elementor-post__read-more\" href=\"https:\/\/riadtizwa.com\/pt-pt\/as-nossas-recomendacoes\/\" aria-label=\"Read more about As nossas recomenda\u00e7\u00f5es\" tabindex=\"-1\" >\n\t\t\tLer Mais\t\t<\/a>\n\n\t\t\t\t<\/div>\n\t\t\t\t<\/article>\n\t\t\t\t<article class=\"elementor-post elementor-grid-item post-4851 post type-post status-publish format-standard has-post-thumbnail hentry category-uncategorized\" role=\"listitem\">\n\t\t\t\t<a class=\"elementor-post__thumbnail__link\" href=\"https:\/\/riadtizwa.com\/pt-pt\/excursoes-diarias\/\" tabindex=\"-1\" >\n\t\t\t<div class=\"elementor-post__thumbnail\"><img decoding=\"async\" width=\"768\" height=\"480\" src=\"https:\/\/i0.wp.com\/riadtizwa.com\/wp-content\/uploads\/2022\/01\/Blog-3.jpg?fit=768%2C480&amp;ssl=1\" class=\"attachment-medium_large size-medium_large wp-image-4374\" alt=\"\" srcset=\"https:\/\/i0.wp.com\/riadtizwa.com\/wp-content\/uploads\/2022\/01\/Blog-3.jpg?w=2106&amp;ssl=1 2106w, https:\/\/i0.wp.com\/riadtizwa.com\/wp-content\/uploads\/2022\/01\/Blog-3.jpg?resize=300%2C188&amp;ssl=1 300w, https:\/\/i0.wp.com\/riadtizwa.com\/wp-content\/uploads\/2022\/01\/Blog-3.jpg?resize=1024%2C640&amp;ssl=1 1024w, https:\/\/i0.wp.com\/riadtizwa.com\/wp-content\/uploads\/2022\/01\/Blog-3.jpg?resize=768%2C480&amp;ssl=1 768w, https:\/\/i0.wp.com\/riadtizwa.com\/wp-content\/uploads\/2022\/01\/Blog-3.jpg?resize=1536%2C961&amp;ssl=1 1536w, https:\/\/i0.wp.com\/riadtizwa.com\/wp-content\/uploads\/2022\/01\/Blog-3.jpg?resize=2048%2C1281&amp;ssl=1 2048w, https:\/\/i0.wp.com\/riadtizwa.com\/wp-content\/uploads\/2022\/01\/Blog-3.jpg?w=1600&amp;ssl=1 1600w\" sizes=\"(max-width: 768px) 100vw, 768px\" \/><\/div>\n\t\t<\/a>\n\t\t\t\t<div class=\"elementor-post__text\">\n\t\t\t\t<h3 class=\"elementor-post__title\">\n\t\t\t<a href=\"https:\/\/riadtizwa.com\/pt-pt\/excursoes-diarias\/\" >\n\t\t\t\tExcurs\u00f5es di\u00e1rias\t\t\t<\/a>\n\t\t<\/h3>\n\t\t\t\t<div class=\"elementor-post__meta-data\">\n\t\t\t\t\t<span class=\"elementor-post-date\">\n\t\t\t25 de Janeiro, 2022\t\t<\/span>\n\t\t\t\t<\/div>\n\t\t\t\t<div class=\"elementor-post__excerpt\">\n\t\t\t<p>Data Viagem: Com voos diretos regulares, Marrakech \u00e9 perfeito para uma longa pausa de fim de semana ou para umas f\u00e9rias em fam\u00edlia relaxantes. Marrakech<\/p>\n\t\t<\/div>\n\t\t\n\t\t<a class=\"elementor-post__read-more\" href=\"https:\/\/riadtizwa.com\/pt-pt\/excursoes-diarias\/\" aria-label=\"Read more about Excurs\u00f5es di\u00e1rias\" tabindex=\"-1\" >\n\t\t\tLer Mais\t\t<\/a>\n\n\t\t\t\t<\/div>\n\t\t\t\t<\/article>\n\t\t\t\t<article class=\"elementor-post elementor-grid-item post-4835 post type-post status-publish format-standard has-post-thumbnail hentry category-uncategorized\" role=\"listitem\">\n\t\t\t\t<a class=\"elementor-post__thumbnail__link\" href=\"https:\/\/riadtizwa.com\/pt-pt\/localizacao-localizacao\/\" tabindex=\"-1\" >\n\t\t\t<div class=\"elementor-post__thumbnail\"><img decoding=\"async\" width=\"768\" height=\"480\" src=\"https:\/\/i0.wp.com\/riadtizwa.com\/wp-content\/uploads\/2022\/01\/Blog-2.jpg?fit=768%2C480&amp;ssl=1\" class=\"attachment-medium_large size-medium_large wp-image-4372\" alt=\"\" srcset=\"https:\/\/i0.wp.com\/riadtizwa.com\/wp-content\/uploads\/2022\/01\/Blog-2.jpg?w=2106&amp;ssl=1 2106w, https:\/\/i0.wp.com\/riadtizwa.com\/wp-content\/uploads\/2022\/01\/Blog-2.jpg?resize=300%2C188&amp;ssl=1 300w, https:\/\/i0.wp.com\/riadtizwa.com\/wp-content\/uploads\/2022\/01\/Blog-2.jpg?resize=1024%2C640&amp;ssl=1 1024w, https:\/\/i0.wp.com\/riadtizwa.com\/wp-content\/uploads\/2022\/01\/Blog-2.jpg?resize=768%2C480&amp;ssl=1 768w, https:\/\/i0.wp.com\/riadtizwa.com\/wp-content\/uploads\/2022\/01\/Blog-2.jpg?resize=1536%2C961&amp;ssl=1 1536w, https:\/\/i0.wp.com\/riadtizwa.com\/wp-content\/uploads\/2022\/01\/Blog-2.jpg?resize=2048%2C1281&amp;ssl=1 2048w, https:\/\/i0.wp.com\/riadtizwa.com\/wp-content\/uploads\/2022\/01\/Blog-2.jpg?w=1600&amp;ssl=1 1600w\" sizes=\"(max-width: 768px) 100vw, 768px\" \/><\/div>\n\t\t<\/a>\n\t\t\t\t<div class=\"elementor-post__text\">\n\t\t\t\t<h3 class=\"elementor-post__title\">\n\t\t\t<a href=\"https:\/\/riadtizwa.com\/pt-pt\/localizacao-localizacao\/\" >\n\t\t\t\tLocaliza\u00e7\u00e3o, Localiza\u00e7\u00e3o\t\t\t<\/a>\n\t\t<\/h3>\n\t\t\t\t<div class=\"elementor-post__meta-data\">\n\t\t\t\t\t<span class=\"elementor-post-date\">\n\t\t\t23 de Dezembro, 2021\t\t<\/span>\n\t\t\t\t<\/div>\n\t\t\t\t<div class=\"elementor-post__excerpt\">\n\t\t\t<p>Data Marraquexe: A cidade de Marraquexe foi fundada h\u00e1 quase mil anos e tornou-se nas cidades mais vibrantes e ex\u00f3ticas de Marrocos. Situado contra as<\/p>\n\t\t<\/div>\n\t\t\n\t\t<a class=\"elementor-post__read-more\" href=\"https:\/\/riadtizwa.com\/pt-pt\/localizacao-localizacao\/\" aria-label=\"Read more about Localiza\u00e7\u00e3o, Localiza\u00e7\u00e3o\" tabindex=\"-1\" >\n\t\t\tLer Mais\t\t<\/a>\n\n\t\t\t\t<\/div>\n\t\t\t\t<\/article>\n\t\t\t\t<\/div>\n\t\t\n\t\t\t\t\t\t<\/div>\n\t\t\t\t<\/div>\n\t\t\t\t\t<\/div>\n\t\t<\/div>\n\t\t\t\t\t<\/div>\n\t\t<\/section>\n\t\t\t\t<\/div>\n\t\t","protected":false},"excerpt":{"rendered":"<p>Di\u00e1rio<\/p>\n","protected":false},"author":1,"featured_media":4366,"parent":0,"menu_order":0,"comment_status":"closed","ping_status":"closed","template":"","meta":{"nf_dc_page":"","content-type":"","_monsterinsights_skip_tracking":false,"_monsterinsights_sitenote_active":false,"_monsterinsights_sitenote_note":"","_monsterinsights_sitenote_category":0,"footnotes":""},"folder":[],"class_list":["post-4698","page","type-page","status-publish","has-post-thumbnail","hentry"],"yoast_head":"<!-- This site is optimized with the Yoast SEO plugin v27.4 - https:\/\/yoast.com\/product\/yoast-seo-wordpress\/ -->\n<title>Jornal Riad Tizwa | The Ultimate Hotel Booking, localiza\u00e7\u00f5es &amp; Guia de Viagem<\/title>\n<meta name=\"description\" content=\"Consulte o nosso Di\u00e1rio sobre Dicas e Truques de Viagem, Alugar quartos de hotel e localidades Guia ao visitar Marraquexe, Fes e Marrocos.\" \/>\n<meta name=\"robots\" content=\"index, follow, max-snippet:-1, max-image-preview:large, max-video-preview:-1\" \/>\n<link rel=\"canonical\" href=\"https:\/\/riadtizwa.com\/pt-pt\/diario\/\" \/>\n<meta property=\"og:locale\" content=\"pt_PT\" \/>\n<meta property=\"og:type\" content=\"article\" \/>\n<meta property=\"og:title\" content=\"Jornal Riad Tizwa | The Ultimate Hotel Booking, localiza\u00e7\u00f5es &amp; Guia de Viagem\" \/>\n<meta property=\"og:description\" content=\"Consulte o nosso Di\u00e1rio sobre Dicas e Truques de Viagem, Alugar quartos de hotel e localidades Guia ao visitar Marraquexe, Fes e Marrocos.\" \/>\n<meta property=\"og:url\" content=\"https:\/\/riadtizwa.com\/pt-pt\/diario\/\" \/>\n<meta property=\"og:site_name\" content=\"Riad Tizwa\" \/>\n<meta property=\"article:modified_time\" content=\"2022-04-18T10:45:39+00:00\" \/>\n<meta property=\"og:image\" content=\"https:\/\/i0.wp.com\/riadtizwa.com\/wp-content\/uploads\/2022\/01\/Blog.jpg?fit=1392%2C924&ssl=1\" \/>\n\t<meta property=\"og:image:width\" content=\"1392\" \/>\n\t<meta property=\"og:image:height\" content=\"924\" \/>\n\t<meta property=\"og:image:type\" content=\"image\/jpeg\" \/>\n<meta name=\"twitter:card\" content=\"summary_large_image\" \/>\n<!-- \/ Yoast SEO plugin. -->","yoast_head_json":{"title":"Jornal Riad Tizwa | The Ultimate Hotel Booking, localiza\u00e7\u00f5es & Guia de Viagem","description":"Consulte o nosso Di\u00e1rio sobre Dicas e Truques de Viagem, Alugar quartos de hotel e localidades Guia ao visitar Marraquexe, Fes e Marrocos.","robots":{"index":"index","follow":"follow","max-snippet":"max-snippet:-1","max-image-preview":"max-image-preview:large","max-video-preview":"max-video-preview:-1"},"canonical":"https:\/\/riadtizwa.com\/pt-pt\/diario\/","og_locale":"pt_PT","og_type":"article","og_title":"Jornal Riad Tizwa | The Ultimate Hotel Booking, localiza\u00e7\u00f5es & Guia de Viagem","og_description":"Consulte o nosso Di\u00e1rio sobre Dicas e Truques de Viagem, Alugar quartos de hotel e localidades Guia ao visitar Marraquexe, Fes e Marrocos.","og_url":"https:\/\/riadtizwa.com\/pt-pt\/diario\/","og_site_name":"Riad Tizwa","article_modified_time":"2022-04-18T10:45:39+00:00","og_image":[{"width":1392,"height":924,"url":"https:\/\/i0.wp.com\/riadtizwa.com\/wp-content\/uploads\/2022\/01\/Blog.jpg?fit=1392%2C924&ssl=1","type":"image\/jpeg"}],"twitter_card":"summary_large_image","schema":{"@context":"https:\/\/schema.org","@graph":[{"@type":"WebPage","@id":"https:\/\/riadtizwa.com\/pt-pt\/diario\/","url":"https:\/\/riadtizwa.com\/pt-pt\/diario\/","name":"Jornal Riad Tizwa | The Ultimate Hotel Booking, localiza\u00e7\u00f5es & Guia de Viagem","isPartOf":{"@id":"https:\/\/riadtizwa.com\/pt-pt\/#website"},"primaryImageOfPage":{"@id":"https:\/\/riadtizwa.com\/pt-pt\/diario\/#primaryimage"},"image":{"@id":"https:\/\/riadtizwa.com\/pt-pt\/diario\/#primaryimage"},"thumbnailUrl":"https:\/\/i0.wp.com\/riadtizwa.com\/wp-content\/uploads\/2022\/01\/Blog.jpg?fit=1392%2C924&ssl=1","datePublished":"2022-01-25T15:48:29+00:00","dateModified":"2022-04-18T10:45:39+00:00","description":"Consulte o nosso Di\u00e1rio sobre Dicas e Truques de Viagem, Alugar quartos de hotel e localidades Guia ao visitar Marraquexe, Fes e Marrocos.","breadcrumb":{"@id":"https:\/\/riadtizwa.com\/pt-pt\/diario\/#breadcrumb"},"inLanguage":"pt-PT","potentialAction":[{"@type":"ReadAction","target":["https:\/\/riadtizwa.com\/pt-pt\/diario\/"]}]},{"@type":"ImageObject","inLanguage":"pt-PT","@id":"https:\/\/riadtizwa.com\/pt-pt\/diario\/#primaryimage","url":"https:\/\/i0.wp.com\/riadtizwa.com\/wp-content\/uploads\/2022\/01\/Blog.jpg?fit=1392%2C924&ssl=1","contentUrl":"https:\/\/i0.wp.com\/riadtizwa.com\/wp-content\/uploads\/2022\/01\/Blog.jpg?fit=1392%2C924&ssl=1","width":1392,"height":924},{"@type":"BreadcrumbList","@id":"https:\/\/riadtizwa.com\/pt-pt\/diario\/#breadcrumb","itemListElement":[{"@type":"ListItem","position":1,"name":"Home","item":"https:\/\/riadtizwa.com\/pt-pt\/"},{"@type":"ListItem","position":2,"name":"Di\u00e1rio"}]},{"@type":"WebSite","@id":"https:\/\/riadtizwa.com\/pt-pt\/#website","url":"https:\/\/riadtizwa.com\/pt-pt\/","name":"Riad Tizwa","description":"","publisher":{"@id":"https:\/\/riadtizwa.com\/pt-pt\/#organization"},"potentialAction":[{"@type":"SearchAction","target":{"@type":"EntryPoint","urlTemplate":"https:\/\/riadtizwa.com\/pt-pt\/?s={search_term_string}"},"query-input":{"@type":"PropertyValueSpecification","valueRequired":true,"valueName":"search_term_string"}}],"inLanguage":"pt-PT"},{"@type":"Organization","@id":"https:\/\/riadtizwa.com\/pt-pt\/#organization","name":"Riad Tizwa","url":"https:\/\/riadtizwa.com\/pt-pt\/","logo":{"@type":"ImageObject","inLanguage":"pt-PT","@id":"https:\/\/riadtizwa.com\/pt-pt\/#\/schema\/logo\/image\/","url":"https:\/\/riadtizwa.com\/wp-content\/uploads\/2021\/12\/Tizwa-logo.svg","contentUrl":"https:\/\/riadtizwa.com\/wp-content\/uploads\/2021\/12\/Tizwa-logo.svg","width":91,"height":68,"caption":"Riad Tizwa"},"image":{"@id":"https:\/\/riadtizwa.com\/pt-pt\/#\/schema\/logo\/image\/"}}]}},"jetpack_sharing_enabled":true,"_links":{"self":[{"href":"https:\/\/riadtizwa.com\/pt-pt\/wp-json\/wp\/v2\/pages\/4698","targetHints":{"allow":["GET"]}}],"collection":[{"href":"https:\/\/riadtizwa.com\/pt-pt\/wp-json\/wp\/v2\/pages"}],"about":[{"href":"https:\/\/riadtizwa.com\/pt-pt\/wp-json\/wp\/v2\/types\/page"}],"author":[{"embeddable":true,"href":"https:\/\/riadtizwa.com\/pt-pt\/wp-json\/wp\/v2\/users\/1"}],"replies":[{"embeddable":true,"href":"https:\/\/riadtizwa.com\/pt-pt\/wp-json\/wp\/v2\/comments?post=4698"}],"version-history":[{"count":2,"href":"https:\/\/riadtizwa.com\/pt-pt\/wp-json\/wp\/v2\/pages\/4698\/revisions"}],"predecessor-version":[{"id":4705,"href":"https:\/\/riadtizwa.com\/pt-pt\/wp-json\/wp\/v2\/pages\/4698\/revisions\/4705"}],"wp:featuredmedia":[{"embeddable":true,"href":"https:\/\/riadtizwa.com\/pt-pt\/wp-json\/wp\/v2\/media\/4366"}],"wp:attachment":[{"href":"https:\/\/riadtizwa.com\/pt-pt\/wp-json\/wp\/v2\/media?parent=4698"}],"wp:term":[{"taxonomy":"folder","embeddable":true,"href":"https:\/\/riadtizwa.com\/pt-pt\/wp-json\/wp\/v2\/folder?post=4698"}],"curies":[{"name":"wp","href":"https:\/\/api.w.org\/{rel}","templated":true}]}}