{"id":4697,"date":"2022-01-24T21:25:06","date_gmt":"2022-01-24T21:25:06","guid":{"rendered":"https:\/\/riadtizwa.com\/riad-tizwa-fes\/"},"modified":"2022-04-20T06:29:15","modified_gmt":"2022-04-20T06:29:15","slug":"riad-tizwa-fes","status":"publish","type":"page","link":"https:\/\/riadtizwa.com\/pt-pt\/riad-tizwa-fes\/","title":{"rendered":"Riad Tizwa Fes"},"content":{"rendered":"\t\t<div data-elementor-type=\"wp-page\" data-elementor-id=\"4697\" class=\"elementor elementor-4697 elementor-272\" data-elementor-post-type=\"page\">\n\t\t\t\t\t\t<section class=\"elementor-section elementor-top-section elementor-element elementor-element-5867ebb6 elementor-section-content-middle elementor-section-height-min-height elementor-section-boxed elementor-section-height-default elementor-section-items-middle\" data-id=\"5867ebb6\" data-element_type=\"section\" data-e-type=\"section\" data-settings=\"{&quot;background_background&quot;:&quot;classic&quot;}\">\n\t\t\t\t\t\t<div class=\"elementor-container elementor-column-gap-no\">\n\t\t\t\t\t<div class=\"elementor-column elementor-col-100 elementor-top-column elementor-element elementor-element-10b342be\" data-id=\"10b342be\" data-element_type=\"column\" data-e-type=\"column\">\n\t\t\t<div class=\"elementor-widget-wrap\">\n\t\t\t\t\t\t\t<\/div>\n\t\t<\/div>\n\t\t\t\t\t<\/div>\n\t\t<\/section>\n\t\t\t\t<section class=\"elementor-section elementor-top-section elementor-element elementor-element-77eea86d elementor-section-boxed elementor-section-height-default elementor-section-height-default\" data-id=\"77eea86d\" data-element_type=\"section\" data-e-type=\"section\">\n\t\t\t\t\t\t<div class=\"elementor-container elementor-column-gap-default\">\n\t\t\t\t\t<div class=\"elementor-column elementor-col-100 elementor-top-column elementor-element elementor-element-2eac3c60\" data-id=\"2eac3c60\" data-element_type=\"column\" data-e-type=\"column\">\n\t\t\t<div class=\"elementor-widget-wrap elementor-element-populated\">\n\t\t\t\t\t\t<div class=\"elementor-element elementor-element-69dc3fb elementor-widget elementor-widget-heading\" data-id=\"69dc3fb\" data-element_type=\"widget\" data-e-type=\"widget\" data-widget_type=\"heading.default\">\n\t\t\t\t<div class=\"elementor-widget-container\">\n\t\t\t\t\t<h2 class=\"elementor-heading-title elementor-size-default\">Perfeitamente localizada, na melhor \u00e1rea da cidade velha<\/h2>\t\t\t\t<\/div>\n\t\t\t\t<\/div>\n\t\t\t\t<div class=\"elementor-element elementor-element-2e9cff8c elementor-widget elementor-widget-text-editor\" data-id=\"2e9cff8c\" data-element_type=\"widget\" data-e-type=\"widget\" data-widget_type=\"text-editor.default\">\n\t\t\t\t<div class=\"elementor-widget-container\">\n\t\t\t\t\t\t\t\t\tRiad Tizwa Fes \u00e9 um riad tradicional marroquino de propor\u00e7\u00f5es lindamente localizado dentro das muralhas do Medina (cidade velha). O hotel \u00e9 um elegante e calmo santu\u00e1rio situado naquela que \u00e9 simplesmente a melhor localiza\u00e7\u00e3o no Fes Medina, Batha.\t\t\t\t\t\t\t\t<\/div>\n\t\t\t\t<\/div>\n\t\t\t\t\t<\/div>\n\t\t<\/div>\n\t\t\t\t\t<\/div>\n\t\t<\/section>\n\t\t\t\t<section class=\"elementor-section elementor-top-section elementor-element elementor-element-a8111b7 elementor-section-boxed elementor-section-height-default elementor-section-height-default\" data-id=\"a8111b7\" data-element_type=\"section\" data-e-type=\"section\">\n\t\t\t\t\t\t<div class=\"elementor-container elementor-column-gap-default\">\n\t\t\t\t\t<div class=\"elementor-column elementor-col-100 elementor-top-column elementor-element elementor-element-d2f83a3\" data-id=\"d2f83a3\" data-element_type=\"column\" data-e-type=\"column\">\n\t\t\t<div class=\"elementor-widget-wrap elementor-element-populated\">\n\t\t\t\t\t\t<div class=\"elementor-element elementor-element-c21d6ce elementor-widget elementor-widget-text-editor\" data-id=\"c21d6ce\" data-element_type=\"widget\" data-e-type=\"widget\" data-widget_type=\"text-editor.default\">\n\t\t\t\t<div class=\"elementor-widget-container\">\n\t\t\t\t\t\t\t\t\t<a href=\"https:\/\/www.theguardian.com\/travel\/2014\/oct\/13\/top-10-riads-marrakech-morocco\" target=\"_blank\" rel=\"noopener\">  Refinaria29 Travel Diaries revis\u00e3o de Riad Tizwa  <\/a>\t\t\t\t\t\t\t\t<\/div>\n\t\t\t\t<\/div>\n\t\t\t\t\t<\/div>\n\t\t<\/div>\n\t\t\t\t\t<\/div>\n\t\t<\/section>\n\t\t\t\t<section class=\"elementor-section elementor-top-section elementor-element elementor-element-45e4abc1 elementor-section-boxed elementor-section-height-default elementor-section-height-default\" data-id=\"45e4abc1\" data-element_type=\"section\" data-e-type=\"section\">\n\t\t\t\t\t\t<div class=\"elementor-container elementor-column-gap-no\">\n\t\t\t\t\t<div class=\"elementor-column elementor-col-100 elementor-top-column elementor-element elementor-element-1180310 elementor-hidden-desktop elementor-hidden-tablet elementor-hidden-mobile\" data-id=\"1180310\" data-element_type=\"column\" data-e-type=\"column\">\n\t\t\t<div class=\"elementor-widget-wrap\">\n\t\t\t\t\t\t\t<\/div>\n\t\t<\/div>\n\t\t\t\t\t<\/div>\n\t\t<\/section>\n\t\t\t\t<section class=\"elementor-section elementor-top-section elementor-element elementor-element-307af61e elementor-section-height-min-height elementor-section-boxed elementor-section-height-default elementor-section-items-middle\" data-id=\"307af61e\" data-element_type=\"section\" data-e-type=\"section\" data-settings=\"{&quot;background_background&quot;:&quot;classic&quot;}\">\n\t\t\t\t\t\t<div class=\"elementor-container elementor-column-gap-default\">\n\t\t\t\t\t<div class=\"elementor-column elementor-col-100 elementor-top-column elementor-element elementor-element-4ad3422b\" data-id=\"4ad3422b\" data-element_type=\"column\" data-e-type=\"column\">\n\t\t\t<div class=\"elementor-widget-wrap\">\n\t\t\t\t\t\t\t<\/div>\n\t\t<\/div>\n\t\t\t\t\t<\/div>\n\t\t<\/section>\n\t\t\t\t<section class=\"elementor-section elementor-top-section elementor-element elementor-element-7963913c elementor-section-boxed elementor-section-height-default elementor-section-height-default\" data-id=\"7963913c\" data-element_type=\"section\" data-e-type=\"section\">\n\t\t\t\t\t\t<div class=\"elementor-container elementor-column-gap-default\">\n\t\t\t\t\t<div class=\"elementor-column elementor-col-100 elementor-top-column elementor-element elementor-element-941ee06\" data-id=\"941ee06\" data-element_type=\"column\" data-e-type=\"column\">\n\t\t\t<div class=\"elementor-widget-wrap elementor-element-populated\">\n\t\t\t\t\t\t<div class=\"elementor-element elementor-element-3b3d7496 elementor-widget elementor-widget-text-editor\" data-id=\"3b3d7496\" data-element_type=\"widget\" data-e-type=\"widget\" data-widget_type=\"text-editor.default\">\n\t\t\t\t<div class=\"elementor-widget-container\">\n\t\t\t\t\t\t\t\t\t<p>Esta casa tradicional carinhosamente remodelada foi restaurada ao mais alto padr\u00e3o \u2013 garantindo que o estilo marroquino e faisiano prevalece dentro das aten\u00e7\u00f5es do conforto contempor\u00e2neo. O riad tem funcion\u00e1rios marroquinos de l\u00edngua inglesa e francesa e \u00e9 perfeito para o viajante exigente que quer experimentar uma cultura marroquina genu\u00edna sem comprometer o conforto nas suas f\u00e9rias de luxo. Os quartos beneficiam da grandeza da vida faisiana. Riad Tizwa Fes \u00e9 a combina\u00e7\u00e3o perfeita de eleg\u00e2ncia, estilo e conforto.<\/p>\t\t\t\t\t\t\t\t<\/div>\n\t\t\t\t<\/div>\n\t\t\t\t\t<\/div>\n\t\t<\/div>\n\t\t\t\t\t<\/div>\n\t\t<\/section>\n\t\t\t\t<section class=\"elementor-section elementor-top-section elementor-element elementor-element-7d691b4f elementor-section-full_width elementor-section-height-default elementor-section-height-default\" data-id=\"7d691b4f\" data-element_type=\"section\" data-e-type=\"section\">\n\t\t\t\t\t\t<div class=\"elementor-container elementor-column-gap-custom\">\n\t\t\t\t\t<div class=\"elementor-column elementor-col-50 elementor-top-column elementor-element elementor-element-3c536dd3\" data-id=\"3c536dd3\" data-element_type=\"column\" data-e-type=\"column\">\n\t\t\t<div class=\"elementor-widget-wrap elementor-element-populated\">\n\t\t\t\t\t\t<div class=\"elementor-element elementor-element-235bfb2f elementor-widget elementor-widget-image\" data-id=\"235bfb2f\" data-element_type=\"widget\" data-e-type=\"widget\" data-widget_type=\"image.default\">\n\t\t\t\t<div class=\"elementor-widget-container\">\n\t\t\t\t\t\t\t\t\t\t\t\t\t\t\t<img fetchpriority=\"high\" decoding=\"async\" width=\"800\" height=\"499\" src=\"https:\/\/i0.wp.com\/riadtizwa.com\/wp-content\/uploads\/2022\/03\/Riad-Tizwa-Fes-carpet-slippers-MAIN.jpg?fit=800%2C499&amp;ssl=1\" class=\"attachment-large size-large wp-image-4580\" alt=\"Riad Tizwa Luxury Boutique Hotel in Fes | Traditional Moroccan Riad\" srcset=\"https:\/\/i0.wp.com\/riadtizwa.com\/wp-content\/uploads\/2022\/03\/Riad-Tizwa-Fes-carpet-slippers-MAIN.jpg?w=860&amp;ssl=1 860w, https:\/\/i0.wp.com\/riadtizwa.com\/wp-content\/uploads\/2022\/03\/Riad-Tizwa-Fes-carpet-slippers-MAIN.jpg?resize=300%2C187&amp;ssl=1 300w, https:\/\/i0.wp.com\/riadtizwa.com\/wp-content\/uploads\/2022\/03\/Riad-Tizwa-Fes-carpet-slippers-MAIN.jpg?resize=768%2C479&amp;ssl=1 768w\" sizes=\"(max-width: 800px) 100vw, 800px\" \/>\t\t\t\t\t\t\t\t\t\t\t\t\t\t\t<\/div>\n\t\t\t\t<\/div>\n\t\t\t\t<div class=\"elementor-element elementor-element-21f5f039 elementor-widget elementor-widget-heading\" data-id=\"21f5f039\" data-element_type=\"widget\" data-e-type=\"widget\" data-widget_type=\"heading.default\">\n\t\t\t\t<div class=\"elementor-widget-container\">\n\t\t\t\t\t<h3 class=\"elementor-heading-title elementor-size-default\">A uma curta dist\u00e2ncia a p\u00e9 de tudo<\/h3>\t\t\t\t<\/div>\n\t\t\t\t<\/div>\n\t\t\t\t<div class=\"elementor-element elementor-element-5e686e47 elementor-widget elementor-widget-text-editor\" data-id=\"5e686e47\" data-element_type=\"widget\" data-e-type=\"widget\" data-widget_type=\"text-editor.default\">\n\t\t\t\t<div class=\"elementor-widget-container\">\n\t\t\t\t\t\t\t\t\t<p>A localiza\u00e7\u00e3o em Fes \u00e9 tudo! e a boa not\u00edcia \u00e9 que Riad Tizwa Fes est\u00e1 naquele local perfeito. Situada a apenas 50 metros do acesso ao carro ( o que \u00e9 raro), a casa \u00e9 f\u00e1cil de encontrar e simples de chegar, deixando-o a descobrir a bela cidade velha muralhada pela UNESCO. A maravilha dos souks medievais aguarda-nos. Veja artes\u00e3os, hist\u00f3ria e cultura do cora\u00e7\u00e3o da cidade em Riad Tizwa Fes.<\/p>\t\t\t\t\t\t\t\t<\/div>\n\t\t\t\t<\/div>\n\t\t\t\t<div class=\"elementor-element elementor-element-1e61f48e elementor-mobile-align-justify elementor-widget elementor-widget-button\" data-id=\"1e61f48e\" data-element_type=\"widget\" data-e-type=\"widget\" data-widget_type=\"button.default\">\n\t\t\t\t<div class=\"elementor-widget-container\">\n\t\t\t\t\t\t\t\t\t<div class=\"elementor-button-wrapper\">\n\t\t\t\t\t<a class=\"elementor-button elementor-button-link elementor-size-md\" href=\"https:\/\/www.google.com\/maps\/place\/Riad+Tizwa+Fes\/@34.0591708,-4.9806092,18z\/data=!4m8!3m7!1s0x0:0xea6375f3be02ec9!5m2!4m1!1i2!8m2!3d34.0596063!4d-4.9801586\" target=\"_blank\">\n\t\t\t\t\t\t<span class=\"elementor-button-content-wrapper\">\n\t\t\t\t\t\t\t\t\t<span class=\"elementor-button-text\">Ver mapa<\/span>\n\t\t\t\t\t<\/span>\n\t\t\t\t\t<\/a>\n\t\t\t\t<\/div>\n\t\t\t\t\t\t\t\t<\/div>\n\t\t\t\t<\/div>\n\t\t\t\t\t<\/div>\n\t\t<\/div>\n\t\t\t\t<div class=\"elementor-column elementor-col-50 elementor-top-column elementor-element elementor-element-1d5570dd\" data-id=\"1d5570dd\" data-element_type=\"column\" data-e-type=\"column\">\n\t\t\t<div class=\"elementor-widget-wrap elementor-element-populated\">\n\t\t\t\t\t\t<div class=\"elementor-element elementor-element-4bd52408 elementor-widget elementor-widget-image\" data-id=\"4bd52408\" data-element_type=\"widget\" data-e-type=\"widget\" data-widget_type=\"image.default\">\n\t\t\t\t<div class=\"elementor-widget-container\">\n\t\t\t\t\t\t\t\t\t\t\t\t\t\t\t<img decoding=\"async\" width=\"800\" height=\"500\" src=\"https:\/\/i0.wp.com\/riadtizwa.com\/wp-content\/uploads\/2022\/01\/Riad-Tizwa-Fes-Room-1-1.jpg?fit=800%2C500&amp;ssl=1\" class=\"attachment-large size-large wp-image-4310\" alt=\"\" srcset=\"https:\/\/i0.wp.com\/riadtizwa.com\/wp-content\/uploads\/2022\/01\/Riad-Tizwa-Fes-Room-1-1.jpg?w=1008&amp;ssl=1 1008w, https:\/\/i0.wp.com\/riadtizwa.com\/wp-content\/uploads\/2022\/01\/Riad-Tizwa-Fes-Room-1-1.jpg?resize=300%2C188&amp;ssl=1 300w, https:\/\/i0.wp.com\/riadtizwa.com\/wp-content\/uploads\/2022\/01\/Riad-Tizwa-Fes-Room-1-1.jpg?resize=768%2C480&amp;ssl=1 768w\" sizes=\"(max-width: 800px) 100vw, 800px\" \/>\t\t\t\t\t\t\t\t\t\t\t\t\t\t\t<\/div>\n\t\t\t\t<\/div>\n\t\t\t\t<div class=\"elementor-element elementor-element-4cddd867 elementor-widget elementor-widget-heading\" data-id=\"4cddd867\" data-element_type=\"widget\" data-e-type=\"widget\" data-widget_type=\"heading.default\">\n\t\t\t\t<div class=\"elementor-widget-container\">\n\t\t\t\t\t<h3 class=\"elementor-heading-title elementor-size-default\">Quartos<\/h3>\t\t\t\t<\/div>\n\t\t\t\t<\/div>\n\t\t\t\t<div class=\"elementor-element elementor-element-46c13a0d elementor-widget elementor-widget-text-editor\" data-id=\"46c13a0d\" data-element_type=\"widget\" data-e-type=\"widget\" data-widget_type=\"text-editor.default\">\n\t\t\t\t<div class=\"elementor-widget-container\">\n\t\t\t\t\t\t\t\t\t<p>A casa \u00e9 composta por: 7 quartos duplos (en-suite, todos com ar condicionado), um enorme p\u00e1tio e uma bela sala de jantar\/sal\u00e3o. Tem um vasto terra\u00e7o de quatro lados que \u00e9 ideal para refei\u00e7\u00f5es ao ar livre e banhos de sol privados. Riad Tizwa combina o luxo de um hotel de 5 estrelas, mas sem ser an\u00f3nimo. O hotel \u00e9 elegante e pessoal, moderno mas tradicional. A casa tem WiFi de fibra \u00f3tica gratuita, equipe 24h por dia e um delicioso caf\u00e9 da manh\u00e3 caseiro dispon\u00edvel. O riad est\u00e1 aberto para reservas durante todo o ano e pode dormir at\u00e9 16 pessoas.<\/p>\t\t\t\t\t\t\t\t<\/div>\n\t\t\t\t<\/div>\n\t\t\t\t<div class=\"elementor-element elementor-element-bbc6c37 elementor-widget elementor-widget-text-editor\" data-id=\"bbc6c37\" data-element_type=\"widget\" data-e-type=\"widget\" data-widget_type=\"text-editor.default\">\n\t\t\t\t<div class=\"elementor-widget-container\">\n\t\t\t\t\t\t\t\t\t<p><a href=\"https:\/\/riadtizwa.com\/pt-pt\/quarto-1-grand-suite-1-fes\/\">Su\u00edte Grand<\/a><\/p><p><a href=\"https:\/\/riadtizwa.com\/pt-pt\/quarto-3-suite-1-fes\/\">Su\u00edte<\/a><\/p><p><a href=\"https:\/\/riadtizwa.com\/pt-pt\/quarto-6-grande-duplo-fes\/\">Grande Duplo<\/a><\/p>\t\t\t\t\t\t\t\t<\/div>\n\t\t\t\t<\/div>\n\t\t\t\t<div class=\"elementor-element elementor-element-cfcb9c4 elementor-mobile-align-justify elementor-widget elementor-widget-button\" data-id=\"cfcb9c4\" data-element_type=\"widget\" data-e-type=\"widget\" data-widget_type=\"button.default\">\n\t\t\t\t<div class=\"elementor-widget-container\">\n\t\t\t\t\t\t\t\t\t<div class=\"elementor-button-wrapper\">\n\t\t\t\t\t<a class=\"elementor-button elementor-button-link elementor-size-md\" href=\"https:\/\/riadtizwa.com\/fes-hotel-rooms\/\">\n\t\t\t\t\t\t<span class=\"elementor-button-content-wrapper\">\n\t\t\t\t\t\t\t\t\t<span class=\"elementor-button-text\">Descubra todos os quartos<\/span>\n\t\t\t\t\t<\/span>\n\t\t\t\t\t<\/a>\n\t\t\t\t<\/div>\n\t\t\t\t\t\t\t\t<\/div>\n\t\t\t\t<\/div>\n\t\t\t\t\t<\/div>\n\t\t<\/div>\n\t\t\t\t\t<\/div>\n\t\t<\/section>\n\t\t\t\t<section class=\"elementor-section elementor-top-section elementor-element elementor-element-f1a5168 elementor-section-boxed elementor-section-height-default elementor-section-height-default\" data-id=\"f1a5168\" data-element_type=\"section\" data-e-type=\"section\">\n\t\t\t\t\t\t<div class=\"elementor-container elementor-column-gap-default\">\n\t\t\t\t\t<div class=\"elementor-column elementor-col-100 elementor-top-column elementor-element elementor-element-26304d2c\" data-id=\"26304d2c\" data-element_type=\"column\" data-e-type=\"column\">\n\t\t\t<div class=\"elementor-widget-wrap elementor-element-populated\">\n\t\t\t\t\t\t<div class=\"elementor-element elementor-element-429b9ff0 elementor-widget elementor-widget-heading\" data-id=\"429b9ff0\" data-element_type=\"widget\" data-e-type=\"widget\" data-widget_type=\"heading.default\">\n\t\t\t\t<div class=\"elementor-widget-container\">\n\t\t\t\t\t<h2 class=\"elementor-heading-title elementor-size-default\">Outros locais<\/h2>\t\t\t\t<\/div>\n\t\t\t\t<\/div>\n\t\t\t\t\t<\/div>\n\t\t<\/div>\n\t\t\t\t\t<\/div>\n\t\t<\/section>\n\t\t\t\t<section class=\"elementor-section elementor-top-section elementor-element elementor-element-2524bc9 elementor-section-height-min-height elementor-section-boxed elementor-section-height-default elementor-section-items-middle\" data-id=\"2524bc9\" data-element_type=\"section\" data-e-type=\"section\" data-settings=\"{&quot;background_background&quot;:&quot;classic&quot;}\">\n\t\t\t\t\t\t<div class=\"elementor-container elementor-column-gap-default\">\n\t\t\t\t\t<div class=\"elementor-column elementor-col-100 elementor-top-column elementor-element elementor-element-6987f64f\" data-id=\"6987f64f\" data-element_type=\"column\" data-e-type=\"column\">\n\t\t\t<div class=\"elementor-widget-wrap\">\n\t\t\t\t\t\t\t<\/div>\n\t\t<\/div>\n\t\t\t\t\t<\/div>\n\t\t<\/section>\n\t\t\t\t<section class=\"elementor-section elementor-top-section elementor-element elementor-element-7760d094 elementor-section-boxed elementor-section-height-default elementor-section-height-default\" data-id=\"7760d094\" data-element_type=\"section\" data-e-type=\"section\">\n\t\t\t\t\t\t<div class=\"elementor-container elementor-column-gap-default\">\n\t\t\t\t\t<div class=\"elementor-column elementor-col-100 elementor-top-column elementor-element elementor-element-2c84af67\" data-id=\"2c84af67\" data-element_type=\"column\" data-e-type=\"column\">\n\t\t\t<div class=\"elementor-widget-wrap elementor-element-populated\">\n\t\t\t\t\t\t<div class=\"elementor-element elementor-element-1ff10f5d elementor-widget elementor-widget-text-editor\" data-id=\"1ff10f5d\" data-element_type=\"widget\" data-e-type=\"widget\" data-widget_type=\"text-editor.default\">\n\t\t\t\t<div class=\"elementor-widget-container\">\n\t\t\t\t\t\t\t\t\tRiad Tizwa Marrakech \u00e9 uma casa tradicional marroquina lindamente proporcionada localizada dentro das muralhas da Medina (cidade velha) na \u00e1rea mais elegante dar el Bacha.\t\t\t\t\t\t\t\t<\/div>\n\t\t\t\t<\/div>\n\t\t\t\t<div class=\"elementor-element elementor-element-5842423d elementor-align-center elementor-mobile-align-justify elementor-widget elementor-widget-button\" data-id=\"5842423d\" data-element_type=\"widget\" data-e-type=\"widget\" data-widget_type=\"button.default\">\n\t\t\t\t<div class=\"elementor-widget-container\">\n\t\t\t\t\t\t\t\t\t<div class=\"elementor-button-wrapper\">\n\t\t\t\t\t<a class=\"elementor-button elementor-button-link elementor-size-md\" href=\"https:\/\/riadtizwa.com\/pt-pt\/riad-tizwa-marrakech\/\">\n\t\t\t\t\t\t<span class=\"elementor-button-content-wrapper\">\n\t\t\t\t\t\t\t\t\t<span class=\"elementor-button-text\">Descubra Marraquexe<\/span>\n\t\t\t\t\t<\/span>\n\t\t\t\t\t<\/a>\n\t\t\t\t<\/div>\n\t\t\t\t\t\t\t\t<\/div>\n\t\t\t\t<\/div>\n\t\t\t\t\t<\/div>\n\t\t<\/div>\n\t\t\t\t\t<\/div>\n\t\t<\/section>\n\t\t\t\t<\/div>\n\t\t","protected":false},"excerpt":{"rendered":"<p>Perfeitamente localizada, na melhor \u00e1rea da cidade velha Riad Tizwa Fes \u00e9 um riad tradicional marroquino de propor\u00e7\u00f5es lindamente localizado dentro das muralhas do Medina (cidade velha). O hotel \u00e9 um elegante e calmo santu\u00e1rio situado naquela que \u00e9 simplesmente a melhor localiza\u00e7\u00e3o no Fes Medina, Batha. Refinaria29 Travel Diaries revis\u00e3o de Riad Tizwa Esta [&hellip;]<\/p>\n","protected":false},"author":1,"featured_media":4660,"parent":0,"menu_order":0,"comment_status":"closed","ping_status":"closed","template":"","meta":{"nf_dc_page":"","content-type":"","_monsterinsights_skip_tracking":false,"_monsterinsights_sitenote_active":false,"_monsterinsights_sitenote_note":"","_monsterinsights_sitenote_category":0,"footnotes":""},"folder":[],"class_list":["post-4697","page","type-page","status-publish","has-post-thumbnail","hentry"],"yoast_head":"<!-- This site is optimized with the Yoast SEO plugin v27.4 - https:\/\/yoast.com\/product\/yoast-seo-wordpress\/ -->\n<title>Riad Tizwa Luxury Boutique Hotel em Fes | Riad Tradicional Marroquino<\/title>\n<meta name=\"description\" content=\"Bem-vindo ao Riad Tizwa Boutique Bed &amp; Breakfast Hotel em Fes, Marrocos. Permane\u00e7a num luxuoso riad tradicional que tenha sido restaurado com carinho.\" \/>\n<meta name=\"robots\" content=\"index, follow, max-snippet:-1, max-image-preview:large, max-video-preview:-1\" \/>\n<link rel=\"canonical\" href=\"https:\/\/riadtizwa.com\/pt-pt\/riad-tizwa-fes\/\" \/>\n<meta property=\"og:locale\" content=\"pt_PT\" \/>\n<meta property=\"og:type\" content=\"article\" \/>\n<meta property=\"og:title\" content=\"Riad Tizwa Luxury Boutique Hotel em Fes | Riad Tradicional Marroquino\" \/>\n<meta property=\"og:description\" content=\"Bem-vindo ao Riad Tizwa Boutique Bed &amp; Breakfast Hotel em Fes, Marrocos. Permane\u00e7a num luxuoso riad tradicional que tenha sido restaurado com carinho.\" \/>\n<meta property=\"og:url\" content=\"https:\/\/riadtizwa.com\/pt-pt\/riad-tizwa-fes\/\" \/>\n<meta property=\"og:site_name\" content=\"Riad Tizwa\" \/>\n<meta property=\"article:modified_time\" content=\"2022-04-20T06:29:15+00:00\" \/>\n<meta property=\"og:image\" content=\"https:\/\/riadtizwa.com\/wp-content\/uploads\/2022\/03\/Riad-Tizwa-fes-roof-sunbed-MAIN4-1.jpg\" \/>\n\t<meta property=\"og:image:width\" content=\"672\" \/>\n\t<meta property=\"og:image:height\" content=\"890\" \/>\n\t<meta property=\"og:image:type\" content=\"image\/jpeg\" \/>\n<meta name=\"twitter:card\" content=\"summary_large_image\" \/>\n<meta name=\"twitter:label1\" content=\"Tempo estimado de leitura\" \/>\n\t<meta name=\"twitter:data1\" content=\"3 minutos\" \/>\n<!-- \/ Yoast SEO plugin. -->","yoast_head_json":{"title":"Riad Tizwa Luxury Boutique Hotel em Fes | Riad Tradicional Marroquino","description":"Bem-vindo ao Riad Tizwa Boutique Bed & Breakfast Hotel em Fes, Marrocos. Permane\u00e7a num luxuoso riad tradicional que tenha sido restaurado com carinho.","robots":{"index":"index","follow":"follow","max-snippet":"max-snippet:-1","max-image-preview":"max-image-preview:large","max-video-preview":"max-video-preview:-1"},"canonical":"https:\/\/riadtizwa.com\/pt-pt\/riad-tizwa-fes\/","og_locale":"pt_PT","og_type":"article","og_title":"Riad Tizwa Luxury Boutique Hotel em Fes | Riad Tradicional Marroquino","og_description":"Bem-vindo ao Riad Tizwa Boutique Bed & Breakfast Hotel em Fes, Marrocos. Permane\u00e7a num luxuoso riad tradicional que tenha sido restaurado com carinho.","og_url":"https:\/\/riadtizwa.com\/pt-pt\/riad-tizwa-fes\/","og_site_name":"Riad Tizwa","article_modified_time":"2022-04-20T06:29:15+00:00","og_image":[{"width":672,"height":890,"url":"https:\/\/riadtizwa.com\/wp-content\/uploads\/2022\/03\/Riad-Tizwa-fes-roof-sunbed-MAIN4-1.jpg","type":"image\/jpeg"}],"twitter_card":"summary_large_image","twitter_misc":{"Tempo estimado de leitura":"3 minutos"},"schema":{"@context":"https:\/\/schema.org","@graph":[{"@type":"WebPage","@id":"https:\/\/riadtizwa.com\/pt-pt\/riad-tizwa-fes\/","url":"https:\/\/riadtizwa.com\/pt-pt\/riad-tizwa-fes\/","name":"Riad Tizwa Luxury Boutique Hotel em Fes | Riad Tradicional Marroquino","isPartOf":{"@id":"https:\/\/riadtizwa.com\/pt-pt\/#website"},"primaryImageOfPage":{"@id":"https:\/\/riadtizwa.com\/pt-pt\/riad-tizwa-fes\/#primaryimage"},"image":{"@id":"https:\/\/riadtizwa.com\/pt-pt\/riad-tizwa-fes\/#primaryimage"},"thumbnailUrl":"https:\/\/i0.wp.com\/riadtizwa.com\/wp-content\/uploads\/2022\/03\/Riad-Tizwa-fes-roof-sunbed-MAIN4-1.jpg?fit=672%2C890&ssl=1","datePublished":"2022-01-24T21:25:06+00:00","dateModified":"2022-04-20T06:29:15+00:00","description":"Bem-vindo ao Riad Tizwa Boutique Bed & Breakfast Hotel em Fes, Marrocos. Permane\u00e7a num luxuoso riad tradicional que tenha sido restaurado com carinho.","breadcrumb":{"@id":"https:\/\/riadtizwa.com\/pt-pt\/riad-tizwa-fes\/#breadcrumb"},"inLanguage":"pt-PT","potentialAction":[{"@type":"ReadAction","target":["https:\/\/riadtizwa.com\/pt-pt\/riad-tizwa-fes\/"]}]},{"@type":"ImageObject","inLanguage":"pt-PT","@id":"https:\/\/riadtizwa.com\/pt-pt\/riad-tizwa-fes\/#primaryimage","url":"https:\/\/i0.wp.com\/riadtizwa.com\/wp-content\/uploads\/2022\/03\/Riad-Tizwa-fes-roof-sunbed-MAIN4-1.jpg?fit=672%2C890&ssl=1","contentUrl":"https:\/\/i0.wp.com\/riadtizwa.com\/wp-content\/uploads\/2022\/03\/Riad-Tizwa-fes-roof-sunbed-MAIN4-1.jpg?fit=672%2C890&ssl=1","width":672,"height":890,"caption":"Riad Tizwa Luxury Boutique Hotel in Fes | Traditional Moroccan Riad"},{"@type":"BreadcrumbList","@id":"https:\/\/riadtizwa.com\/pt-pt\/riad-tizwa-fes\/#breadcrumb","itemListElement":[{"@type":"ListItem","position":1,"name":"Home","item":"https:\/\/riadtizwa.com\/pt-pt\/"},{"@type":"ListItem","position":2,"name":"Riad Tizwa Fes"}]},{"@type":"WebSite","@id":"https:\/\/riadtizwa.com\/pt-pt\/#website","url":"https:\/\/riadtizwa.com\/pt-pt\/","name":"Riad Tizwa","description":"","publisher":{"@id":"https:\/\/riadtizwa.com\/pt-pt\/#organization"},"potentialAction":[{"@type":"SearchAction","target":{"@type":"EntryPoint","urlTemplate":"https:\/\/riadtizwa.com\/pt-pt\/?s={search_term_string}"},"query-input":{"@type":"PropertyValueSpecification","valueRequired":true,"valueName":"search_term_string"}}],"inLanguage":"pt-PT"},{"@type":"Organization","@id":"https:\/\/riadtizwa.com\/pt-pt\/#organization","name":"Riad Tizwa","url":"https:\/\/riadtizwa.com\/pt-pt\/","logo":{"@type":"ImageObject","inLanguage":"pt-PT","@id":"https:\/\/riadtizwa.com\/pt-pt\/#\/schema\/logo\/image\/","url":"https:\/\/riadtizwa.com\/wp-content\/uploads\/2021\/12\/Tizwa-logo.svg","contentUrl":"https:\/\/riadtizwa.com\/wp-content\/uploads\/2021\/12\/Tizwa-logo.svg","width":91,"height":68,"caption":"Riad Tizwa"},"image":{"@id":"https:\/\/riadtizwa.com\/pt-pt\/#\/schema\/logo\/image\/"}}]}},"jetpack_sharing_enabled":true,"_links":{"self":[{"href":"https:\/\/riadtizwa.com\/pt-pt\/wp-json\/wp\/v2\/pages\/4697","targetHints":{"allow":["GET"]}}],"collection":[{"href":"https:\/\/riadtizwa.com\/pt-pt\/wp-json\/wp\/v2\/pages"}],"about":[{"href":"https:\/\/riadtizwa.com\/pt-pt\/wp-json\/wp\/v2\/types\/page"}],"author":[{"embeddable":true,"href":"https:\/\/riadtizwa.com\/pt-pt\/wp-json\/wp\/v2\/users\/1"}],"replies":[{"embeddable":true,"href":"https:\/\/riadtizwa.com\/pt-pt\/wp-json\/wp\/v2\/comments?post=4697"}],"version-history":[{"count":5,"href":"https:\/\/riadtizwa.com\/pt-pt\/wp-json\/wp\/v2\/pages\/4697\/revisions"}],"predecessor-version":[{"id":6180,"href":"https:\/\/riadtizwa.com\/pt-pt\/wp-json\/wp\/v2\/pages\/4697\/revisions\/6180"}],"wp:featuredmedia":[{"embeddable":true,"href":"https:\/\/riadtizwa.com\/pt-pt\/wp-json\/wp\/v2\/media\/4660"}],"wp:attachment":[{"href":"https:\/\/riadtizwa.com\/pt-pt\/wp-json\/wp\/v2\/media?parent=4697"}],"wp:term":[{"taxonomy":"folder","embeddable":true,"href":"https:\/\/riadtizwa.com\/pt-pt\/wp-json\/wp\/v2\/folder?post=4697"}],"curies":[{"name":"wp","href":"https:\/\/api.w.org\/{rel}","templated":true}]}}