{"id":3842,"date":"2022-02-10T21:41:18","date_gmt":"2022-02-10T21:41:18","guid":{"rendered":"https:\/\/riadtizwa.com\/camera-2-suite-1-marrakech\/"},"modified":"2022-04-20T11:08:41","modified_gmt":"2022-04-20T11:08:41","slug":"camera-2-suite-1-marrakech","status":"publish","type":"page","link":"https:\/\/riadtizwa.com\/it\/camera-2-suite-1-marrakech\/","title":{"rendered":"Camera 2 (Suite 1) &#8211; Marrakech"},"content":{"rendered":"\t\t<div data-elementor-type=\"wp-page\" data-elementor-id=\"3842\" class=\"elementor elementor-3842 elementor-756\" data-elementor-post-type=\"page\">\n\t\t\t\t\t\t<section class=\"elementor-section elementor-top-section elementor-element elementor-element-63b0b65d elementor-section-content-middle elementor-section-height-min-height elementor-section-boxed elementor-section-height-default elementor-section-items-middle\" data-id=\"63b0b65d\" data-element_type=\"section\" data-e-type=\"section\" data-settings=\"{&quot;background_background&quot;:&quot;classic&quot;}\">\n\t\t\t\t\t\t<div class=\"elementor-container elementor-column-gap-no\">\n\t\t\t\t\t<div class=\"elementor-column elementor-col-100 elementor-top-column elementor-element elementor-element-64920b2e\" data-id=\"64920b2e\" data-element_type=\"column\" data-e-type=\"column\">\n\t\t\t<div class=\"elementor-widget-wrap\">\n\t\t\t\t\t\t\t<\/div>\n\t\t<\/div>\n\t\t\t\t\t<\/div>\n\t\t<\/section>\n\t\t\t\t<section class=\"elementor-section elementor-top-section elementor-element elementor-element-4fef899c elementor-section-boxed elementor-section-height-default elementor-section-height-default\" data-id=\"4fef899c\" data-element_type=\"section\" data-e-type=\"section\">\n\t\t\t\t\t\t<div class=\"elementor-container elementor-column-gap-default\">\n\t\t\t\t\t<div class=\"elementor-column elementor-col-100 elementor-top-column elementor-element elementor-element-492f781d\" data-id=\"492f781d\" data-element_type=\"column\" data-e-type=\"column\">\n\t\t\t<div class=\"elementor-widget-wrap elementor-element-populated\">\n\t\t\t\t\t\t<div class=\"elementor-element elementor-element-e1f4b8b elementor-widget elementor-widget-heading\" data-id=\"e1f4b8b\" data-element_type=\"widget\" data-e-type=\"widget\" data-widget_type=\"heading.default\">\n\t\t\t\t<div class=\"elementor-widget-container\">\n\t\t\t\t\t<h2 class=\"elementor-heading-title elementor-size-default\">Camera 2 - Suite<\/h2>\t\t\t\t<\/div>\n\t\t\t\t<\/div>\n\t\t\t\t<div class=\"elementor-element elementor-element-1a4761d7 elementor-widget elementor-widget-text-editor\" data-id=\"1a4761d7\" data-element_type=\"widget\" data-e-type=\"widget\" data-widget_type=\"text-editor.default\">\n\t\t\t\t<div class=\"elementor-widget-container\">\n\t\t\t\t\t\t\t\t\t<p>Si apre sulla vasta terrazza sul tetto. \u00c8 una stanza molto luminosa e luminosa che ha un delizioso bagno con doccia in tadelakt. \u00c8 forse la pi\u00f9 romantica delle suite e beneficia dell&#8217;essere in cima alla casa. Con aria condizionata e riscaldamento.<\/p>\t\t\t\t\t\t\t\t<\/div>\n\t\t\t\t<\/div>\n\t\t\t\t<div class=\"elementor-element elementor-element-a4b5afd elementor-align-center elementor-widget elementor-widget-global elementor-global-5251 elementor-global-959 elementor-widget-button\" data-id=\"a4b5afd\" data-element_type=\"widget\" data-e-type=\"widget\" data-widget_type=\"button.default\">\n\t\t\t\t<div class=\"elementor-widget-container\">\n\t\t\t\t\t\t\t\t\t<div class=\"elementor-button-wrapper\">\n\t\t\t\t\t<a class=\"elementor-button elementor-button-link elementor-size-md\" href=\"https:\/\/direct-book.com\/properties\/riadtizwamarrakechdirect\">\n\t\t\t\t\t\t<span class=\"elementor-button-content-wrapper\">\n\t\t\t\t\t\t\t\t\t<span class=\"elementor-button-text\">Prenota questa camera<\/span>\n\t\t\t\t\t<\/span>\n\t\t\t\t\t<\/a>\n\t\t\t\t<\/div>\n\t\t\t\t\t\t\t\t<\/div>\n\t\t\t\t<\/div>\n\t\t\t\t\t<\/div>\n\t\t<\/div>\n\t\t\t\t\t<\/div>\n\t\t<\/section>\n\t\t\t\t<section class=\"elementor-section elementor-top-section elementor-element elementor-element-13ee47cb elementor-section-boxed elementor-section-height-default elementor-section-height-default\" data-id=\"13ee47cb\" data-element_type=\"section\" data-e-type=\"section\">\n\t\t\t\t\t\t<div class=\"elementor-container elementor-column-gap-no\">\n\t\t\t\t\t<div class=\"elementor-column elementor-col-100 elementor-top-column elementor-element elementor-element-1b419151\" data-id=\"1b419151\" data-element_type=\"column\" data-e-type=\"column\">\n\t\t\t<div class=\"elementor-widget-wrap\">\n\t\t\t\t\t\t\t<\/div>\n\t\t<\/div>\n\t\t\t\t\t<\/div>\n\t\t<\/section>\n\t\t\t\t<section class=\"elementor-section elementor-top-section elementor-element elementor-element-3e4527b elementor-section-height-min-height elementor-section-boxed elementor-section-height-default elementor-section-items-middle\" data-id=\"3e4527b\" data-element_type=\"section\" data-e-type=\"section\" data-settings=\"{&quot;background_background&quot;:&quot;classic&quot;}\">\n\t\t\t\t\t\t<div class=\"elementor-container elementor-column-gap-default\">\n\t\t\t\t\t<div class=\"elementor-column elementor-col-100 elementor-top-column elementor-element elementor-element-4c010b4a\" data-id=\"4c010b4a\" data-element_type=\"column\" data-e-type=\"column\">\n\t\t\t<div class=\"elementor-widget-wrap\">\n\t\t\t\t\t\t\t<\/div>\n\t\t<\/div>\n\t\t\t\t\t<\/div>\n\t\t<\/section>\n\t\t\t\t<section class=\"elementor-section elementor-top-section elementor-element elementor-element-3e7d8a25 elementor-section-boxed elementor-section-height-default elementor-section-height-default\" data-id=\"3e7d8a25\" data-element_type=\"section\" data-e-type=\"section\">\n\t\t\t\t\t\t<div class=\"elementor-container elementor-column-gap-default\">\n\t\t\t\t\t<div class=\"elementor-column elementor-col-100 elementor-top-column elementor-element elementor-element-45229bd3\" data-id=\"45229bd3\" data-element_type=\"column\" data-e-type=\"column\">\n\t\t\t<div class=\"elementor-widget-wrap elementor-element-populated\">\n\t\t\t\t\t\t<div class=\"elementor-element elementor-element-5f0f84e3 elementor-widget elementor-widget-heading\" data-id=\"5f0f84e3\" data-element_type=\"widget\" data-e-type=\"widget\" data-widget_type=\"heading.default\">\n\t\t\t\t<div class=\"elementor-widget-container\">\n\t\t\t\t\t<h2 class=\"elementor-heading-title elementor-size-default\">Eleganza e stile. Letti comodi e lenzuola lussuose.<\/h2>\t\t\t\t<\/div>\n\t\t\t\t<\/div>\n\t\t\t\t\t<\/div>\n\t\t<\/div>\n\t\t\t\t\t<\/div>\n\t\t<\/section>\n\t\t\t\t<section class=\"elementor-section elementor-top-section elementor-element elementor-element-59e14d34 elementor-section-full_width elementor-section-height-default elementor-section-height-default\" data-id=\"59e14d34\" data-element_type=\"section\" data-e-type=\"section\">\n\t\t\t\t\t\t<div class=\"elementor-container elementor-column-gap-custom\">\n\t\t\t\t\t<div class=\"elementor-column elementor-col-50 elementor-top-column elementor-element elementor-element-6646189c\" data-id=\"6646189c\" data-element_type=\"column\" data-e-type=\"column\">\n\t\t\t<div class=\"elementor-widget-wrap elementor-element-populated\">\n\t\t\t\t\t\t<div class=\"elementor-element elementor-element-29f00b30 elementor-widget elementor-widget-image\" data-id=\"29f00b30\" data-element_type=\"widget\" data-e-type=\"widget\" data-widget_type=\"image.default\">\n\t\t\t\t<div class=\"elementor-widget-container\">\n\t\t\t\t\t\t\t\t\t\t\t\t\t\t\t<img fetchpriority=\"high\" decoding=\"async\" width=\"672\" height=\"420\" src=\"https:\/\/i0.wp.com\/riadtizwa.com\/wp-content\/uploads\/2022\/03\/Riad-Tizwa-Marrakech-room-1.jpg?fit=672%2C420&amp;ssl=1\" class=\"attachment-large size-large wp-image-3425\" alt=\"Riad Tizwa Marrakech room 2 bathroom\" srcset=\"https:\/\/i0.wp.com\/riadtizwa.com\/wp-content\/uploads\/2022\/03\/Riad-Tizwa-Marrakech-room-1.jpg?w=672&amp;ssl=1 672w, https:\/\/i0.wp.com\/riadtizwa.com\/wp-content\/uploads\/2022\/03\/Riad-Tizwa-Marrakech-room-1.jpg?resize=300%2C188&amp;ssl=1 300w\" sizes=\"(max-width: 672px) 100vw, 672px\" \/>\t\t\t\t\t\t\t\t\t\t\t\t\t\t\t<\/div>\n\t\t\t\t<\/div>\n\t\t\t\t<div class=\"elementor-element elementor-element-54fe7e6e elementor-widget elementor-widget-heading\" data-id=\"54fe7e6e\" data-element_type=\"widget\" data-e-type=\"widget\" data-widget_type=\"heading.default\">\n\t\t\t\t<div class=\"elementor-widget-container\">\n\t\t\t\t\t<h3 class=\"elementor-heading-title elementor-size-default\">Caratteristiche della camera<\/h3>\t\t\t\t<\/div>\n\t\t\t\t<\/div>\n\t\t\t\t<div class=\"elementor-element elementor-element-27f5a89d elementor-widget elementor-widget-text-editor\" data-id=\"27f5a89d\" data-element_type=\"widget\" data-e-type=\"widget\" data-widget_type=\"text-editor.default\">\n\t\t\t\t<div class=\"elementor-widget-container\">\n\t\t\t\t\t\t\t\t\tIl letto \u00e8 super king size e la camera ha una cabina doccia creata con intonaci tradizionali marocchini chiamati Tadalak. Aria condizionata e riscaldamento.\t\t\t\t\t\t\t\t<\/div>\n\t\t\t\t<\/div>\n\t\t\t\t<div class=\"elementor-element elementor-element-ac17327 elementor-widget elementor-widget-text-editor\" data-id=\"ac17327\" data-element_type=\"widget\" data-e-type=\"widget\" data-widget_type=\"text-editor.default\">\n\t\t\t\t<div class=\"elementor-widget-container\">\n\t\t\t\t\t\t\t\t\t<p>Letto super king size<\/p><p>Cabina doccia<\/p><p>Aria condizionata e riscaldamento<\/p>\t\t\t\t\t\t\t\t<\/div>\n\t\t\t\t<\/div>\n\t\t\t\t\t<\/div>\n\t\t<\/div>\n\t\t\t\t<div class=\"elementor-column elementor-col-50 elementor-top-column elementor-element elementor-element-1f9ef381\" data-id=\"1f9ef381\" data-element_type=\"column\" data-e-type=\"column\">\n\t\t\t<div class=\"elementor-widget-wrap elementor-element-populated\">\n\t\t\t\t\t\t<div class=\"elementor-element elementor-element-1403d122 elementor-widget elementor-widget-image\" data-id=\"1403d122\" data-element_type=\"widget\" data-e-type=\"widget\" data-widget_type=\"image.default\">\n\t\t\t\t<div class=\"elementor-widget-container\">\n\t\t\t\t\t\t\t\t\t\t\t\t\t\t\t<img decoding=\"async\" width=\"672\" height=\"420\" src=\"https:\/\/i0.wp.com\/riadtizwa.com\/wp-content\/uploads\/2022\/03\/Riad-Tizwa-Marrakech-room-1-1.jpg?fit=672%2C420&amp;ssl=1\" class=\"attachment-large size-large wp-image-3430\" alt=\"Riad Tizwa Marrakech room 2 bed view\" srcset=\"https:\/\/i0.wp.com\/riadtizwa.com\/wp-content\/uploads\/2022\/03\/Riad-Tizwa-Marrakech-room-1-1.jpg?w=672&amp;ssl=1 672w, https:\/\/i0.wp.com\/riadtizwa.com\/wp-content\/uploads\/2022\/03\/Riad-Tizwa-Marrakech-room-1-1.jpg?resize=300%2C188&amp;ssl=1 300w\" sizes=\"(max-width: 672px) 100vw, 672px\" \/>\t\t\t\t\t\t\t\t\t\t\t\t\t\t\t<\/div>\n\t\t\t\t<\/div>\n\t\t\t\t<div class=\"elementor-element elementor-element-5fffb775 elementor-widget elementor-widget-heading\" data-id=\"5fffb775\" data-element_type=\"widget\" data-e-type=\"widget\" data-widget_type=\"heading.default\">\n\t\t\t\t<div class=\"elementor-widget-container\">\n\t\t\t\t\t<h3 class=\"elementor-heading-title elementor-size-default\">Vista attraverso la terrazza<\/h3>\t\t\t\t<\/div>\n\t\t\t\t<\/div>\n\t\t\t\t<div class=\"elementor-element elementor-element-588bc921 elementor-widget elementor-widget-text-editor\" data-id=\"588bc921\" data-element_type=\"widget\" data-e-type=\"widget\" data-widget_type=\"text-editor.default\">\n\t\t\t\t<div class=\"elementor-widget-container\">\n\t\t\t\t\t\t\t\t\tSituato all&#8217;ultimo piano, ha una splendida vista sulla bellissima terrazza sul tetto e sembra di vivere il meglio della vita a Marrakech. \t\t\t\t\t\t\t\t<\/div>\n\t\t\t\t<\/div>\n\t\t\t\t\t<\/div>\n\t\t<\/div>\n\t\t\t\t\t<\/div>\n\t\t<\/section>\n\t\t\t\t<section class=\"elementor-section elementor-top-section elementor-element elementor-element-44bfe1aa elementor-section-full_width elementor-section-height-default elementor-section-height-default\" data-id=\"44bfe1aa\" data-element_type=\"section\" data-e-type=\"section\">\n\t\t\t\t\t\t<div class=\"elementor-container elementor-column-gap-default\">\n\t\t\t\t\t<div class=\"elementor-column elementor-col-100 elementor-top-column elementor-element elementor-element-29a1cd61\" data-id=\"29a1cd61\" data-element_type=\"column\" data-e-type=\"column\">\n\t\t\t<div class=\"elementor-widget-wrap elementor-element-populated\">\n\t\t\t\t\t\t<div class=\"elementor-element elementor-element-6c059be8 elementor-widget elementor-widget-heading\" data-id=\"6c059be8\" data-element_type=\"widget\" data-e-type=\"widget\" data-widget_type=\"heading.default\">\n\t\t\t\t<div class=\"elementor-widget-container\">\n\t\t\t\t\t<h2 class=\"elementor-heading-title elementor-size-default\">Altre stanze<\/h2>\t\t\t\t<\/div>\n\t\t\t\t<\/div>\n\t\t\t\t<div class=\"elementor-element elementor-element-0cfc45b elementor-skin-carousel elementor-arrows-yes elementor-pagination-type-bullets elementor-pagination-position-outside elementor-widget elementor-widget-global elementor-global-6486 elementor-widget-media-carousel\" data-id=\"0cfc45b\" data-element_type=\"widget\" data-e-type=\"widget\" data-settings=\"{&quot;slides_per_view&quot;:&quot;3&quot;,&quot;slides_to_scroll&quot;:&quot;3&quot;,&quot;space_between&quot;:{&quot;unit&quot;:&quot;px&quot;,&quot;size&quot;:16,&quot;sizes&quot;:[]},&quot;skin&quot;:&quot;carousel&quot;,&quot;effect&quot;:&quot;slide&quot;,&quot;show_arrows&quot;:&quot;yes&quot;,&quot;pagination&quot;:&quot;bullets&quot;,&quot;speed&quot;:500,&quot;autoplay&quot;:&quot;yes&quot;,&quot;autoplay_speed&quot;:5000,&quot;loop&quot;:&quot;yes&quot;,&quot;pause_on_hover&quot;:&quot;yes&quot;,&quot;pause_on_interaction&quot;:&quot;yes&quot;,&quot;space_between_tablet&quot;:{&quot;unit&quot;:&quot;px&quot;,&quot;size&quot;:10,&quot;sizes&quot;:[]},&quot;space_between_mobile&quot;:{&quot;unit&quot;:&quot;px&quot;,&quot;size&quot;:10,&quot;sizes&quot;:[]}}\" data-widget_type=\"media-carousel.default\">\n\t\t\t\t<div class=\"elementor-widget-container\">\n\t\t\t\t\t\t\t\t\t<div class=\"elementor-swiper\">\n\t\t\t\t\t<div class=\"elementor-main-swiper swiper\" role=\"region\" aria-roledescription=\"carousel\" aria-label=\"Slides\">\n\t\t\t\t<div class=\"swiper-wrapper\">\n\t\t\t\t\t\t\t\t\t\t\t<div class=\"swiper-slide\" role=\"group\" aria-roledescription=\"slide\">\n\t\t\t\t\t\t\t<a href=\"https:\/\/riadtizwa.com\/it\/camera-1-grand-suite-marrakech\/\">\t\t<div class=\"elementor-carousel-image\" role=\"img\" aria-label=\"Grand Suite Marrakech\" style=\"background-image: url(&#039;https:\/\/i0.wp.com\/riadtizwa.com\/wp-content\/uploads\/2022\/02\/Grand-Suite.jpg?fit=860%2C536&amp;ssl=1&#039;)\">\n\n\t\t\t\n\t\t\t\t\t<\/div>\n\t\t\t\t\t<div class=\"elementor-carousel-image-overlay e-overlay-animation-fade\">\n\t\t\t\tGrand Suite\t\t\t<\/div>\n\t\t\t<\/a>\t\t\t\t\t\t<\/div>\n\t\t\t\t\t\t\t\t\t\t\t<div class=\"swiper-slide\" role=\"group\" aria-roledescription=\"slide\">\n\t\t\t\t\t\t\t<a href=\"https:\/\/riadtizwa.com\/it\/camera-2-suite-1-marrakech\/\">\t\t<div class=\"elementor-carousel-image\" role=\"img\" aria-label=\"Suite 1 Marrakech\" style=\"background-image: url(&#039;https:\/\/i0.wp.com\/riadtizwa.com\/wp-content\/uploads\/2022\/02\/Suite-1.jpg?fit=860%2C536&amp;ssl=1&#039;)\">\n\n\t\t\t\n\t\t\t\t\t<\/div>\n\t\t\t\t\t<div class=\"elementor-carousel-image-overlay e-overlay-animation-fade\">\n\t\t\t\tSuite 1\t\t\t<\/div>\n\t\t\t<\/a>\t\t\t\t\t\t<\/div>\n\t\t\t\t\t\t\t\t\t\t\t<div class=\"swiper-slide\" role=\"group\" aria-roledescription=\"slide\">\n\t\t\t\t\t\t\t<a href=\"https:\/\/riadtizwa.com\/it\/camera-3-suite-2-marrakech\/\">\t\t<div class=\"elementor-carousel-image\" role=\"img\" aria-label=\"Suite 2 Marrakech\" style=\"background-image: url(&#039;https:\/\/i0.wp.com\/riadtizwa.com\/wp-content\/uploads\/2022\/02\/Suite-2.jpg?fit=860%2C536&amp;ssl=1&#039;)\">\n\n\t\t\t\n\t\t\t\t\t<\/div>\n\t\t\t\t\t<div class=\"elementor-carousel-image-overlay e-overlay-animation-fade\">\n\t\t\t\tSuite 2\t\t\t<\/div>\n\t\t\t<\/a>\t\t\t\t\t\t<\/div>\n\t\t\t\t\t\t\t\t\t\t\t<div class=\"swiper-slide\" role=\"group\" aria-roledescription=\"slide\">\n\t\t\t\t\t\t\t<a href=\"https:\/\/riadtizwa.com\/it\/camera-4-doppia-grande-marrakech\/\">\t\t<div class=\"elementor-carousel-image\" role=\"img\" aria-label=\"Large Double Marrakech\" style=\"background-image: url(&#039;https:\/\/i0.wp.com\/riadtizwa.com\/wp-content\/uploads\/2022\/02\/Large-Double.jpg?fit=860%2C536&amp;ssl=1&#039;)\">\n\n\t\t\t\n\t\t\t\t\t<\/div>\n\t\t\t\t\t<div class=\"elementor-carousel-image-overlay e-overlay-animation-fade\">\n\t\t\t\tLarge Double\t\t\t<\/div>\n\t\t\t<\/a>\t\t\t\t\t\t<\/div>\n\t\t\t\t\t\t\t\t\t\t\t<div class=\"swiper-slide\" role=\"group\" aria-roledescription=\"slide\">\n\t\t\t\t\t\t\t<a href=\"https:\/\/riadtizwa.com\/it\/camera-5-doppia-grande-marrakech\/\">\t\t<div class=\"elementor-carousel-image\" role=\"img\" aria-label=\"Double 1 Marrakech\" style=\"background-image: url(&#039;https:\/\/i0.wp.com\/riadtizwa.com\/wp-content\/uploads\/2022\/02\/Double-1.jpg?fit=860%2C536&amp;ssl=1&#039;)\">\n\n\t\t\t\n\t\t\t\t\t<\/div>\n\t\t\t\t\t<div class=\"elementor-carousel-image-overlay e-overlay-animation-fade\">\n\t\t\t\tDouble 1\t\t\t<\/div>\n\t\t\t<\/a>\t\t\t\t\t\t<\/div>\n\t\t\t\t\t\t\t\t\t\t\t<div class=\"swiper-slide\" role=\"group\" aria-roledescription=\"slide\">\n\t\t\t\t\t\t\t<a href=\"https:\/\/riadtizwa.com\/it\/camera-6-doppia-1-marrakech\/\">\t\t<div class=\"elementor-carousel-image\" role=\"img\" aria-label=\"Large Double 2 Marrakech\" style=\"background-image: url(&#039;https:\/\/i0.wp.com\/riadtizwa.com\/wp-content\/uploads\/2022\/02\/Double-2.jpg?fit=860%2C536&amp;ssl=1&#039;)\">\n\n\t\t\t\n\t\t\t\t\t<\/div>\n\t\t\t\t\t<div class=\"elementor-carousel-image-overlay e-overlay-animation-fade\">\n\t\t\t\tDouble 2\t\t\t<\/div>\n\t\t\t<\/a>\t\t\t\t\t\t<\/div>\n\t\t\t\t\t\t\t\t\t<\/div>\n\t\t\t\t\t\t\t\t\t\t\t\t\t\t\t<div class=\"elementor-swiper-button elementor-swiper-button-prev\" role=\"button\" tabindex=\"0\" aria-label=\"Precedente\">\n\t\t\t\t\t\t\t<i aria-hidden=\"true\" class=\"eicon-chevron-left\"><\/i>\t\t\t\t\t\t<\/div>\n\t\t\t\t\t\t<div class=\"elementor-swiper-button elementor-swiper-button-next\" role=\"button\" tabindex=\"0\" aria-label=\"Successivo\">\n\t\t\t\t\t\t\t<i aria-hidden=\"true\" class=\"eicon-chevron-right\"><\/i>\t\t\t\t\t\t<\/div>\n\t\t\t\t\t\t\t\t\t\t\t\t\t\t\t\t<div class=\"swiper-pagination\"><\/div>\n\t\t\t\t\t\t\t\t\t\t\t\t<\/div>\n\t\t\t\t<\/div>\n\t\t\t\t\t\t\t\t<\/div>\n\t\t\t\t<\/div>\n\t\t\t\t<div class=\"elementor-element elementor-element-6670f9d elementor-widget elementor-widget-text-editor\" data-id=\"6670f9d\" data-element_type=\"widget\" data-e-type=\"widget\" data-widget_type=\"text-editor.default\">\n\t\t\t\t<div class=\"elementor-widget-container\">\n\t\t\t\t\t\t\t\t\t<p><a href=\"https:\/\/riadtizwa.com\/it\/camere-di-marrakech\/\" data-wplink-edit=\"true\">Guarda tutte le nostre camere<\/a><\/p>\t\t\t\t\t\t\t\t<\/div>\n\t\t\t\t<\/div>\n\t\t\t\t\t<\/div>\n\t\t<\/div>\n\t\t\t\t\t<\/div>\n\t\t<\/section>\n\t\t\t\t<\/div>\n\t\t","protected":false},"excerpt":{"rendered":"<p>Camera 2 &#8211; Suite Si apre sulla vasta terrazza sul tetto. \u00c8 una stanza molto luminosa e luminosa che ha un delizioso bagno con doccia in tadelakt. \u00c8 forse la pi\u00f9 romantica delle suite e beneficia dell&#8217;essere in cima alla casa. Con aria condizionata e riscaldamento. Prenota questa camera Eleganza e stile. Letti comodi e [&hellip;]<\/p>\n","protected":false},"author":1,"featured_media":0,"parent":0,"menu_order":0,"comment_status":"closed","ping_status":"closed","template":"","meta":{"nf_dc_page":"","content-type":"","_monsterinsights_skip_tracking":false,"_monsterinsights_sitenote_active":false,"_monsterinsights_sitenote_note":"","_monsterinsights_sitenote_category":0,"footnotes":""},"folder":[12],"class_list":["post-3842","page","type-page","status-publish","hentry"],"yoast_head":"<!-- This site is optimized with the Yoast SEO plugin v27.4 - https:\/\/yoast.com\/product\/yoast-seo-wordpress\/ -->\n<title>Camera 2 (Suite 1) - Marrakech | Riad Tizwa<\/title>\n<meta name=\"description\" content=\"Soggiorna in una delle pi\u00f9 belle camere d&#039;albergo con terrazza sul tetto nel cuore del centro storico di Marrakech. Visita e rilassati in questo bellissimo riad.\" \/>\n<meta name=\"robots\" content=\"index, follow, max-snippet:-1, max-image-preview:large, max-video-preview:-1\" \/>\n<link rel=\"canonical\" href=\"https:\/\/riadtizwa.com\/it\/camera-2-suite-1-marrakech\/\" \/>\n<meta property=\"og:locale\" content=\"it_IT\" \/>\n<meta property=\"og:type\" content=\"article\" \/>\n<meta property=\"og:title\" content=\"Camera 2 (Suite 1) - Marrakech | Riad Tizwa\" \/>\n<meta property=\"og:description\" content=\"Soggiorna in una delle pi\u00f9 belle camere d&#039;albergo con terrazza sul tetto nel cuore del centro storico di Marrakech. Visita e rilassati in questo bellissimo riad.\" \/>\n<meta property=\"og:url\" content=\"https:\/\/riadtizwa.com\/it\/camera-2-suite-1-marrakech\/\" \/>\n<meta property=\"og:site_name\" content=\"Riad Tizwa\" \/>\n<meta property=\"article:modified_time\" content=\"2022-04-20T11:08:41+00:00\" \/>\n<meta property=\"og:image\" content=\"https:\/\/riadtizwa.com\/wp-content\/uploads\/2022\/03\/Riad-Tizwa-Marrakech-room-1.jpg\" \/>\n<meta name=\"twitter:card\" content=\"summary_large_image\" \/>\n<meta name=\"twitter:label1\" content=\"Tempo di lettura stimato\" \/>\n\t<meta name=\"twitter:data1\" content=\"2 minuti\" \/>\n<!-- \/ Yoast SEO plugin. -->","yoast_head_json":{"title":"Camera 2 (Suite 1) - Marrakech | Riad Tizwa","description":"Soggiorna in una delle pi\u00f9 belle camere d'albergo con terrazza sul tetto nel cuore del centro storico di Marrakech. Visita e rilassati in questo bellissimo riad.","robots":{"index":"index","follow":"follow","max-snippet":"max-snippet:-1","max-image-preview":"max-image-preview:large","max-video-preview":"max-video-preview:-1"},"canonical":"https:\/\/riadtizwa.com\/it\/camera-2-suite-1-marrakech\/","og_locale":"it_IT","og_type":"article","og_title":"Camera 2 (Suite 1) - Marrakech | Riad Tizwa","og_description":"Soggiorna in una delle pi\u00f9 belle camere d'albergo con terrazza sul tetto nel cuore del centro storico di Marrakech. Visita e rilassati in questo bellissimo riad.","og_url":"https:\/\/riadtizwa.com\/it\/camera-2-suite-1-marrakech\/","og_site_name":"Riad Tizwa","article_modified_time":"2022-04-20T11:08:41+00:00","og_image":[{"url":"https:\/\/riadtizwa.com\/wp-content\/uploads\/2022\/03\/Riad-Tizwa-Marrakech-room-1.jpg","type":"","width":"","height":""}],"twitter_card":"summary_large_image","twitter_misc":{"Tempo di lettura stimato":"2 minuti"},"schema":{"@context":"https:\/\/schema.org","@graph":[{"@type":"WebPage","@id":"https:\/\/riadtizwa.com\/it\/camera-2-suite-1-marrakech\/","url":"https:\/\/riadtizwa.com\/it\/camera-2-suite-1-marrakech\/","name":"Camera 2 (Suite 1) - Marrakech | Riad Tizwa","isPartOf":{"@id":"https:\/\/riadtizwa.com\/it\/#website"},"primaryImageOfPage":{"@id":"https:\/\/riadtizwa.com\/it\/camera-2-suite-1-marrakech\/#primaryimage"},"image":{"@id":"https:\/\/riadtizwa.com\/it\/camera-2-suite-1-marrakech\/#primaryimage"},"thumbnailUrl":"https:\/\/riadtizwa.com\/wp-content\/uploads\/2022\/03\/Riad-Tizwa-Marrakech-room-1.jpg","datePublished":"2022-02-10T21:41:18+00:00","dateModified":"2022-04-20T11:08:41+00:00","description":"Soggiorna in una delle pi\u00f9 belle camere d'albergo con terrazza sul tetto nel cuore del centro storico di Marrakech. Visita e rilassati in questo bellissimo riad.","breadcrumb":{"@id":"https:\/\/riadtizwa.com\/it\/camera-2-suite-1-marrakech\/#breadcrumb"},"inLanguage":"it-IT","potentialAction":[{"@type":"ReadAction","target":["https:\/\/riadtizwa.com\/it\/camera-2-suite-1-marrakech\/"]}]},{"@type":"ImageObject","inLanguage":"it-IT","@id":"https:\/\/riadtizwa.com\/it\/camera-2-suite-1-marrakech\/#primaryimage","url":"https:\/\/riadtizwa.com\/wp-content\/uploads\/2022\/03\/Riad-Tizwa-Marrakech-room-1.jpg","contentUrl":"https:\/\/riadtizwa.com\/wp-content\/uploads\/2022\/03\/Riad-Tizwa-Marrakech-room-1.jpg"},{"@type":"BreadcrumbList","@id":"https:\/\/riadtizwa.com\/it\/camera-2-suite-1-marrakech\/#breadcrumb","itemListElement":[{"@type":"ListItem","position":1,"name":"Home","item":"https:\/\/riadtizwa.com\/it\/"},{"@type":"ListItem","position":2,"name":"Camera 2 (Suite 1) &#8211; Marrakech"}]},{"@type":"WebSite","@id":"https:\/\/riadtizwa.com\/it\/#website","url":"https:\/\/riadtizwa.com\/it\/","name":"Riad Tizwa","description":"","publisher":{"@id":"https:\/\/riadtizwa.com\/it\/#organization"},"potentialAction":[{"@type":"SearchAction","target":{"@type":"EntryPoint","urlTemplate":"https:\/\/riadtizwa.com\/it\/?s={search_term_string}"},"query-input":{"@type":"PropertyValueSpecification","valueRequired":true,"valueName":"search_term_string"}}],"inLanguage":"it-IT"},{"@type":"Organization","@id":"https:\/\/riadtizwa.com\/it\/#organization","name":"Riad Tizwa","url":"https:\/\/riadtizwa.com\/it\/","logo":{"@type":"ImageObject","inLanguage":"it-IT","@id":"https:\/\/riadtizwa.com\/it\/#\/schema\/logo\/image\/","url":"https:\/\/riadtizwa.com\/wp-content\/uploads\/2021\/12\/Tizwa-logo.svg","contentUrl":"https:\/\/riadtizwa.com\/wp-content\/uploads\/2021\/12\/Tizwa-logo.svg","width":91,"height":68,"caption":"Riad Tizwa"},"image":{"@id":"https:\/\/riadtizwa.com\/it\/#\/schema\/logo\/image\/"}}]}},"jetpack_sharing_enabled":true,"_links":{"self":[{"href":"https:\/\/riadtizwa.com\/it\/wp-json\/wp\/v2\/pages\/3842","targetHints":{"allow":["GET"]}}],"collection":[{"href":"https:\/\/riadtizwa.com\/it\/wp-json\/wp\/v2\/pages"}],"about":[{"href":"https:\/\/riadtizwa.com\/it\/wp-json\/wp\/v2\/types\/page"}],"author":[{"embeddable":true,"href":"https:\/\/riadtizwa.com\/it\/wp-json\/wp\/v2\/users\/1"}],"replies":[{"embeddable":true,"href":"https:\/\/riadtizwa.com\/it\/wp-json\/wp\/v2\/comments?post=3842"}],"version-history":[{"count":5,"href":"https:\/\/riadtizwa.com\/it\/wp-json\/wp\/v2\/pages\/3842\/revisions"}],"predecessor-version":[{"id":6494,"href":"https:\/\/riadtizwa.com\/it\/wp-json\/wp\/v2\/pages\/3842\/revisions\/6494"}],"wp:attachment":[{"href":"https:\/\/riadtizwa.com\/it\/wp-json\/wp\/v2\/media?parent=3842"}],"wp:term":[{"taxonomy":"folder","embeddable":true,"href":"https:\/\/riadtizwa.com\/it\/wp-json\/wp\/v2\/folder?post=3842"}],"curies":[{"name":"wp","href":"https:\/\/api.w.org\/{rel}","templated":true}]}}