{"id":3833,"date":"2022-01-25T15:48:29","date_gmt":"2022-01-25T15:48:29","guid":{"rendered":"https:\/\/riadtizwa.com\/rivista\/"},"modified":"2022-04-18T10:21:20","modified_gmt":"2022-04-18T10:21:20","slug":"rivista","status":"publish","type":"page","link":"https:\/\/riadtizwa.com\/it\/rivista\/","title":{"rendered":"rivista"},"content":{"rendered":"\t\t<div data-elementor-type=\"wp-page\" data-elementor-id=\"3833\" class=\"elementor elementor-3833 elementor-395\" data-elementor-post-type=\"page\">\n\t\t\t\t\t\t<section class=\"elementor-section elementor-top-section elementor-element elementor-element-16aba82e elementor-section-content-middle elementor-section-height-min-height elementor-section-boxed elementor-section-height-default elementor-section-items-middle\" data-id=\"16aba82e\" data-element_type=\"section\" data-e-type=\"section\" data-settings=\"{&quot;background_background&quot;:&quot;classic&quot;}\">\n\t\t\t\t\t\t<div class=\"elementor-container elementor-column-gap-no\">\n\t\t\t\t\t<div class=\"elementor-column elementor-col-100 elementor-top-column elementor-element elementor-element-14707129\" data-id=\"14707129\" data-element_type=\"column\" data-e-type=\"column\">\n\t\t\t<div class=\"elementor-widget-wrap\">\n\t\t\t\t\t\t\t<\/div>\n\t\t<\/div>\n\t\t\t\t\t<\/div>\n\t\t<\/section>\n\t\t\t\t<section class=\"elementor-section elementor-top-section elementor-element elementor-element-7f88ab26 elementor-section-boxed elementor-section-height-default elementor-section-height-default\" data-id=\"7f88ab26\" data-element_type=\"section\" data-e-type=\"section\">\n\t\t\t\t\t\t<div class=\"elementor-container elementor-column-gap-default\">\n\t\t\t\t\t<div class=\"elementor-column elementor-col-100 elementor-top-column elementor-element elementor-element-79d1e6db\" data-id=\"79d1e6db\" data-element_type=\"column\" data-e-type=\"column\">\n\t\t\t<div class=\"elementor-widget-wrap elementor-element-populated\">\n\t\t\t\t\t\t<div class=\"elementor-element elementor-element-54711ea9 elementor-widget elementor-widget-heading\" data-id=\"54711ea9\" data-element_type=\"widget\" data-e-type=\"widget\" data-widget_type=\"heading.default\">\n\t\t\t\t<div class=\"elementor-widget-container\">\n\t\t\t\t\t<h2 class=\"elementor-heading-title elementor-size-default\">diario<\/h2>\t\t\t\t<\/div>\n\t\t\t\t<\/div>\n\t\t\t\t\t<\/div>\n\t\t<\/div>\n\t\t\t\t\t<\/div>\n\t\t<\/section>\n\t\t\t\t<section class=\"elementor-section elementor-top-section elementor-element elementor-element-fd7d768 elementor-section-boxed elementor-section-height-default elementor-section-height-default\" data-id=\"fd7d768\" data-element_type=\"section\" data-e-type=\"section\">\n\t\t\t\t\t\t<div class=\"elementor-container elementor-column-gap-default\">\n\t\t\t\t\t<div class=\"elementor-column elementor-col-100 elementor-top-column elementor-element elementor-element-73151fe4\" data-id=\"73151fe4\" data-element_type=\"column\" data-e-type=\"column\">\n\t\t\t<div class=\"elementor-widget-wrap elementor-element-populated\">\n\t\t\t\t\t\t<div class=\"elementor-element elementor-element-4e7382f0 elementor-grid-2 elementor-posts--align-left elementor-grid-tablet-2 elementor-grid-mobile-1 elementor-posts--thumbnail-top elementor-widget elementor-widget-posts\" data-id=\"4e7382f0\" data-element_type=\"widget\" data-e-type=\"widget\" data-settings=\"{&quot;classic_columns&quot;:&quot;2&quot;,&quot;classic_row_gap&quot;:{&quot;unit&quot;:&quot;px&quot;,&quot;size&quot;:40,&quot;sizes&quot;:[]},&quot;classic_columns_tablet&quot;:&quot;2&quot;,&quot;classic_columns_mobile&quot;:&quot;1&quot;,&quot;classic_row_gap_tablet&quot;:{&quot;unit&quot;:&quot;px&quot;,&quot;size&quot;:&quot;&quot;,&quot;sizes&quot;:[]},&quot;classic_row_gap_mobile&quot;:{&quot;unit&quot;:&quot;px&quot;,&quot;size&quot;:&quot;&quot;,&quot;sizes&quot;:[]}}\" data-widget_type=\"posts.classic\">\n\t\t\t\t<div class=\"elementor-widget-container\">\n\t\t\t\t\t\t\t<div class=\"elementor-posts-container elementor-posts elementor-posts--skin-classic elementor-grid\" role=\"list\">\n\t\t\t\t<article class=\"elementor-post elementor-grid-item post-4161 post type-post status-publish format-standard has-post-thumbnail hentry category-non-categorizzato\" role=\"listitem\">\n\t\t\t\t<a class=\"elementor-post__thumbnail__link\" href=\"https:\/\/riadtizwa.com\/it\/i-nostri-consigli\/\" tabindex=\"-1\" >\n\t\t\t<div class=\"elementor-post__thumbnail\"><img fetchpriority=\"high\" decoding=\"async\" width=\"768\" height=\"480\" src=\"https:\/\/i0.wp.com\/riadtizwa.com\/wp-content\/uploads\/2022\/01\/Blog-1.jpg?fit=768%2C480&amp;ssl=1\" class=\"attachment-medium_large size-medium_large wp-image-2895\" alt=\"\" srcset=\"https:\/\/i0.wp.com\/riadtizwa.com\/wp-content\/uploads\/2022\/01\/Blog-1.jpg?w=2106&amp;ssl=1 2106w, https:\/\/i0.wp.com\/riadtizwa.com\/wp-content\/uploads\/2022\/01\/Blog-1.jpg?resize=300%2C188&amp;ssl=1 300w, https:\/\/i0.wp.com\/riadtizwa.com\/wp-content\/uploads\/2022\/01\/Blog-1.jpg?resize=1024%2C640&amp;ssl=1 1024w, https:\/\/i0.wp.com\/riadtizwa.com\/wp-content\/uploads\/2022\/01\/Blog-1.jpg?resize=768%2C480&amp;ssl=1 768w, https:\/\/i0.wp.com\/riadtizwa.com\/wp-content\/uploads\/2022\/01\/Blog-1.jpg?resize=1536%2C961&amp;ssl=1 1536w, https:\/\/i0.wp.com\/riadtizwa.com\/wp-content\/uploads\/2022\/01\/Blog-1.jpg?resize=2048%2C1281&amp;ssl=1 2048w, https:\/\/i0.wp.com\/riadtizwa.com\/wp-content\/uploads\/2022\/01\/Blog-1.jpg?w=1600&amp;ssl=1 1600w\" sizes=\"(max-width: 768px) 100vw, 768px\" \/><\/div>\n\t\t<\/a>\n\t\t\t\t<div class=\"elementor-post__text\">\n\t\t\t\t<h3 class=\"elementor-post__title\">\n\t\t\t<a href=\"https:\/\/riadtizwa.com\/it\/i-nostri-consigli\/\" >\n\t\t\t\tI nostri consigli\t\t\t<\/a>\n\t\t<\/h3>\n\t\t\t\t<div class=\"elementor-post__meta-data\">\n\t\t\t\t\t<span class=\"elementor-post-date\">\n\t\t\t11 Marzo 2022\t\t<\/span>\n\t\t\t\t<\/div>\n\t\t\t\t<div class=\"elementor-post__excerpt\">\n\t\t\t<p>Data Siamo felici di aiutarti con qualsiasi domanda tu possa avere sul riad, i nostri servizi, il tuo viaggio a Marrakech o Fes o qualsiasi<\/p>\n\t\t<\/div>\n\t\t\n\t\t<a class=\"elementor-post__read-more\" href=\"https:\/\/riadtizwa.com\/it\/i-nostri-consigli\/\" aria-label=\"Leggi tutto I nostri consigli\" tabindex=\"-1\" >\n\t\t\tPer saperne di pi\u00f9\t\t<\/a>\n\n\t\t\t\t<\/div>\n\t\t\t\t<\/article>\n\t\t\t\t<article class=\"elementor-post elementor-grid-item post-4155 post type-post status-publish format-standard has-post-thumbnail hentry category-non-categorizzato\" role=\"listitem\">\n\t\t\t\t<a class=\"elementor-post__thumbnail__link\" href=\"https:\/\/riadtizwa.com\/it\/gite-di-un-giorno\/\" tabindex=\"-1\" >\n\t\t\t<div class=\"elementor-post__thumbnail\"><img decoding=\"async\" width=\"768\" height=\"480\" src=\"https:\/\/i0.wp.com\/riadtizwa.com\/wp-content\/uploads\/2022\/01\/Blog-3.jpg?fit=768%2C480&amp;ssl=1\" class=\"attachment-medium_large size-medium_large wp-image-2905\" alt=\"\" srcset=\"https:\/\/i0.wp.com\/riadtizwa.com\/wp-content\/uploads\/2022\/01\/Blog-3.jpg?w=2106&amp;ssl=1 2106w, https:\/\/i0.wp.com\/riadtizwa.com\/wp-content\/uploads\/2022\/01\/Blog-3.jpg?resize=300%2C188&amp;ssl=1 300w, https:\/\/i0.wp.com\/riadtizwa.com\/wp-content\/uploads\/2022\/01\/Blog-3.jpg?resize=1024%2C640&amp;ssl=1 1024w, https:\/\/i0.wp.com\/riadtizwa.com\/wp-content\/uploads\/2022\/01\/Blog-3.jpg?resize=768%2C480&amp;ssl=1 768w, https:\/\/i0.wp.com\/riadtizwa.com\/wp-content\/uploads\/2022\/01\/Blog-3.jpg?resize=1536%2C961&amp;ssl=1 1536w, https:\/\/i0.wp.com\/riadtizwa.com\/wp-content\/uploads\/2022\/01\/Blog-3.jpg?resize=2048%2C1281&amp;ssl=1 2048w, https:\/\/i0.wp.com\/riadtizwa.com\/wp-content\/uploads\/2022\/01\/Blog-3.jpg?w=1600&amp;ssl=1 1600w\" sizes=\"(max-width: 768px) 100vw, 768px\" \/><\/div>\n\t\t<\/a>\n\t\t\t\t<div class=\"elementor-post__text\">\n\t\t\t\t<h3 class=\"elementor-post__title\">\n\t\t\t<a href=\"https:\/\/riadtizwa.com\/it\/gite-di-un-giorno\/\" >\n\t\t\t\tGite di un giorno\t\t\t<\/a>\n\t\t<\/h3>\n\t\t\t\t<div class=\"elementor-post__meta-data\">\n\t\t\t\t\t<span class=\"elementor-post-date\">\n\t\t\t25 Gennaio 2022\t\t<\/span>\n\t\t\t\t<\/div>\n\t\t\t\t<div class=\"elementor-post__excerpt\">\n\t\t\t<p>Data Viaggiare: Con voli diretti regolari, Marrakech \u00e8 perfetta per un lungo weekend o per una rilassante vacanza di lusso in famiglia. Marrakech \u00e8 un<\/p>\n\t\t<\/div>\n\t\t\n\t\t<a class=\"elementor-post__read-more\" href=\"https:\/\/riadtizwa.com\/it\/gite-di-un-giorno\/\" aria-label=\"Leggi tutto Gite di un giorno\" tabindex=\"-1\" >\n\t\t\tPer saperne di pi\u00f9\t\t<\/a>\n\n\t\t\t\t<\/div>\n\t\t\t\t<\/article>\n\t\t\t\t<article class=\"elementor-post elementor-grid-item post-4159 post type-post status-publish format-standard has-post-thumbnail hentry category-non-categorizzato\" role=\"listitem\">\n\t\t\t\t<a class=\"elementor-post__thumbnail__link\" href=\"https:\/\/riadtizwa.com\/it\/posizione-posizione-posizione\/\" tabindex=\"-1\" >\n\t\t\t<div class=\"elementor-post__thumbnail\"><img decoding=\"async\" width=\"768\" height=\"480\" src=\"https:\/\/i0.wp.com\/riadtizwa.com\/wp-content\/uploads\/2022\/01\/Blog-2.jpg?fit=768%2C480&amp;ssl=1\" class=\"attachment-medium_large size-medium_large wp-image-2900\" alt=\"\" srcset=\"https:\/\/i0.wp.com\/riadtizwa.com\/wp-content\/uploads\/2022\/01\/Blog-2.jpg?w=2106&amp;ssl=1 2106w, https:\/\/i0.wp.com\/riadtizwa.com\/wp-content\/uploads\/2022\/01\/Blog-2.jpg?resize=300%2C188&amp;ssl=1 300w, https:\/\/i0.wp.com\/riadtizwa.com\/wp-content\/uploads\/2022\/01\/Blog-2.jpg?resize=1024%2C640&amp;ssl=1 1024w, https:\/\/i0.wp.com\/riadtizwa.com\/wp-content\/uploads\/2022\/01\/Blog-2.jpg?resize=768%2C480&amp;ssl=1 768w, https:\/\/i0.wp.com\/riadtizwa.com\/wp-content\/uploads\/2022\/01\/Blog-2.jpg?resize=1536%2C961&amp;ssl=1 1536w, https:\/\/i0.wp.com\/riadtizwa.com\/wp-content\/uploads\/2022\/01\/Blog-2.jpg?resize=2048%2C1281&amp;ssl=1 2048w, https:\/\/i0.wp.com\/riadtizwa.com\/wp-content\/uploads\/2022\/01\/Blog-2.jpg?w=1600&amp;ssl=1 1600w\" sizes=\"(max-width: 768px) 100vw, 768px\" \/><\/div>\n\t\t<\/a>\n\t\t\t\t<div class=\"elementor-post__text\">\n\t\t\t\t<h3 class=\"elementor-post__title\">\n\t\t\t<a href=\"https:\/\/riadtizwa.com\/it\/posizione-posizione-posizione\/\" >\n\t\t\t\tPosizione, Posizione Posizione\t\t\t<\/a>\n\t\t<\/h3>\n\t\t\t\t<div class=\"elementor-post__meta-data\">\n\t\t\t\t\t<span class=\"elementor-post-date\">\n\t\t\t23 Dicembre 2021\t\t<\/span>\n\t\t\t\t<\/div>\n\t\t\t\t<div class=\"elementor-post__excerpt\">\n\t\t\t<p>Data Marrakech: La citt\u00e0 di Marrakech \u00e8 stata fondata quasi 1.000 anni fa ed \u00e8 diventata la citt\u00e0 pi\u00f9 vivace ed esotica del Marocco. Adagiato<\/p>\n\t\t<\/div>\n\t\t\n\t\t<a class=\"elementor-post__read-more\" href=\"https:\/\/riadtizwa.com\/it\/posizione-posizione-posizione\/\" aria-label=\"Leggi tutto Posizione, Posizione Posizione\" tabindex=\"-1\" >\n\t\t\tPer saperne di pi\u00f9\t\t<\/a>\n\n\t\t\t\t<\/div>\n\t\t\t\t<\/article>\n\t\t\t\t<\/div>\n\t\t\n\t\t\t\t\t\t<\/div>\n\t\t\t\t<\/div>\n\t\t\t\t\t<\/div>\n\t\t<\/div>\n\t\t\t\t\t<\/div>\n\t\t<\/section>\n\t\t\t\t<\/div>\n\t\t","protected":false},"excerpt":{"rendered":"<p>diario<\/p>\n","protected":false},"author":1,"featured_media":2885,"parent":0,"menu_order":0,"comment_status":"closed","ping_status":"closed","template":"","meta":{"nf_dc_page":"","content-type":"","_monsterinsights_skip_tracking":false,"_monsterinsights_sitenote_active":false,"_monsterinsights_sitenote_note":"","_monsterinsights_sitenote_category":0,"footnotes":""},"folder":[],"class_list":["post-3833","page","type-page","status-publish","has-post-thumbnail","hentry"],"yoast_head":"<!-- This site is optimized with the Yoast SEO plugin v27.4 - https:\/\/yoast.com\/product\/yoast-seo-wordpress\/ -->\n<title>Riad Tizwa ufficiale | L&#039;ultima prenotazione di hotel, posizioni e guida di viaggio<\/title>\n<meta name=\"description\" content=\"Dai un&#039;occhiata al nostro diario sui consigli e suggerimenti di viaggio, sull&#039;affitto di camere d&#039;albergo e sulla guida ai luoghi quando visiti Marrakech, Fes e il Marocco.\" \/>\n<meta name=\"robots\" content=\"index, follow, max-snippet:-1, max-image-preview:large, max-video-preview:-1\" \/>\n<link rel=\"canonical\" href=\"https:\/\/riadtizwa.com\/it\/rivista\/\" \/>\n<meta property=\"og:locale\" content=\"it_IT\" \/>\n<meta property=\"og:type\" content=\"article\" \/>\n<meta property=\"og:title\" content=\"Riad Tizwa ufficiale | L&#039;ultima prenotazione di hotel, posizioni e guida di viaggio\" \/>\n<meta property=\"og:description\" content=\"Dai un&#039;occhiata al nostro diario sui consigli e suggerimenti di viaggio, sull&#039;affitto di camere d&#039;albergo e sulla guida ai luoghi quando visiti Marrakech, Fes e il Marocco.\" \/>\n<meta property=\"og:url\" content=\"https:\/\/riadtizwa.com\/it\/rivista\/\" \/>\n<meta property=\"og:site_name\" content=\"Riad Tizwa\" \/>\n<meta property=\"article:modified_time\" content=\"2022-04-18T10:21:20+00:00\" \/>\n<meta property=\"og:image\" content=\"https:\/\/riadtizwa.com\/wp-content\/uploads\/2022\/01\/Blog.jpg\" \/>\n\t<meta property=\"og:image:width\" content=\"1392\" \/>\n\t<meta property=\"og:image:height\" content=\"924\" \/>\n\t<meta property=\"og:image:type\" content=\"image\/jpeg\" \/>\n<meta name=\"twitter:card\" content=\"summary_large_image\" \/>\n<!-- \/ Yoast SEO plugin. -->","yoast_head_json":{"title":"Riad Tizwa ufficiale | L'ultima prenotazione di hotel, posizioni e guida di viaggio","description":"Dai un'occhiata al nostro diario sui consigli e suggerimenti di viaggio, sull'affitto di camere d'albergo e sulla guida ai luoghi quando visiti Marrakech, Fes e il Marocco.","robots":{"index":"index","follow":"follow","max-snippet":"max-snippet:-1","max-image-preview":"max-image-preview:large","max-video-preview":"max-video-preview:-1"},"canonical":"https:\/\/riadtizwa.com\/it\/rivista\/","og_locale":"it_IT","og_type":"article","og_title":"Riad Tizwa ufficiale | L'ultima prenotazione di hotel, posizioni e guida di viaggio","og_description":"Dai un'occhiata al nostro diario sui consigli e suggerimenti di viaggio, sull'affitto di camere d'albergo e sulla guida ai luoghi quando visiti Marrakech, Fes e il Marocco.","og_url":"https:\/\/riadtizwa.com\/it\/rivista\/","og_site_name":"Riad Tizwa","article_modified_time":"2022-04-18T10:21:20+00:00","og_image":[{"width":1392,"height":924,"url":"https:\/\/riadtizwa.com\/wp-content\/uploads\/2022\/01\/Blog.jpg","type":"image\/jpeg"}],"twitter_card":"summary_large_image","schema":{"@context":"https:\/\/schema.org","@graph":[{"@type":"WebPage","@id":"https:\/\/riadtizwa.com\/it\/rivista\/","url":"https:\/\/riadtizwa.com\/it\/rivista\/","name":"Riad Tizwa ufficiale | L'ultima prenotazione di hotel, posizioni e guida di viaggio","isPartOf":{"@id":"https:\/\/riadtizwa.com\/it\/#website"},"primaryImageOfPage":{"@id":"https:\/\/riadtizwa.com\/it\/rivista\/#primaryimage"},"image":{"@id":"https:\/\/riadtizwa.com\/it\/rivista\/#primaryimage"},"thumbnailUrl":"https:\/\/i0.wp.com\/riadtizwa.com\/wp-content\/uploads\/2022\/01\/Blog.jpg?fit=1392%2C924&ssl=1","datePublished":"2022-01-25T15:48:29+00:00","dateModified":"2022-04-18T10:21:20+00:00","description":"Dai un'occhiata al nostro diario sui consigli e suggerimenti di viaggio, sull'affitto di camere d'albergo e sulla guida ai luoghi quando visiti Marrakech, Fes e il Marocco.","breadcrumb":{"@id":"https:\/\/riadtizwa.com\/it\/rivista\/#breadcrumb"},"inLanguage":"it-IT","potentialAction":[{"@type":"ReadAction","target":["https:\/\/riadtizwa.com\/it\/rivista\/"]}]},{"@type":"ImageObject","inLanguage":"it-IT","@id":"https:\/\/riadtizwa.com\/it\/rivista\/#primaryimage","url":"https:\/\/i0.wp.com\/riadtizwa.com\/wp-content\/uploads\/2022\/01\/Blog.jpg?fit=1392%2C924&ssl=1","contentUrl":"https:\/\/i0.wp.com\/riadtizwa.com\/wp-content\/uploads\/2022\/01\/Blog.jpg?fit=1392%2C924&ssl=1","width":1392,"height":924},{"@type":"BreadcrumbList","@id":"https:\/\/riadtizwa.com\/it\/rivista\/#breadcrumb","itemListElement":[{"@type":"ListItem","position":1,"name":"Home","item":"https:\/\/riadtizwa.com\/it\/"},{"@type":"ListItem","position":2,"name":"rivista"}]},{"@type":"WebSite","@id":"https:\/\/riadtizwa.com\/it\/#website","url":"https:\/\/riadtizwa.com\/it\/","name":"Riad Tizwa","description":"","publisher":{"@id":"https:\/\/riadtizwa.com\/it\/#organization"},"potentialAction":[{"@type":"SearchAction","target":{"@type":"EntryPoint","urlTemplate":"https:\/\/riadtizwa.com\/it\/?s={search_term_string}"},"query-input":{"@type":"PropertyValueSpecification","valueRequired":true,"valueName":"search_term_string"}}],"inLanguage":"it-IT"},{"@type":"Organization","@id":"https:\/\/riadtizwa.com\/it\/#organization","name":"Riad Tizwa","url":"https:\/\/riadtizwa.com\/it\/","logo":{"@type":"ImageObject","inLanguage":"it-IT","@id":"https:\/\/riadtizwa.com\/it\/#\/schema\/logo\/image\/","url":"https:\/\/riadtizwa.com\/wp-content\/uploads\/2021\/12\/Tizwa-logo.svg","contentUrl":"https:\/\/riadtizwa.com\/wp-content\/uploads\/2021\/12\/Tizwa-logo.svg","width":91,"height":68,"caption":"Riad Tizwa"},"image":{"@id":"https:\/\/riadtizwa.com\/it\/#\/schema\/logo\/image\/"}}]}},"jetpack_sharing_enabled":true,"_links":{"self":[{"href":"https:\/\/riadtizwa.com\/it\/wp-json\/wp\/v2\/pages\/3833","targetHints":{"allow":["GET"]}}],"collection":[{"href":"https:\/\/riadtizwa.com\/it\/wp-json\/wp\/v2\/pages"}],"about":[{"href":"https:\/\/riadtizwa.com\/it\/wp-json\/wp\/v2\/types\/page"}],"author":[{"embeddable":true,"href":"https:\/\/riadtizwa.com\/it\/wp-json\/wp\/v2\/users\/1"}],"replies":[{"embeddable":true,"href":"https:\/\/riadtizwa.com\/it\/wp-json\/wp\/v2\/comments?post=3833"}],"version-history":[{"count":2,"href":"https:\/\/riadtizwa.com\/it\/wp-json\/wp\/v2\/pages\/3833\/revisions"}],"predecessor-version":[{"id":3851,"href":"https:\/\/riadtizwa.com\/it\/wp-json\/wp\/v2\/pages\/3833\/revisions\/3851"}],"wp:featuredmedia":[{"embeddable":true,"href":"https:\/\/riadtizwa.com\/it\/wp-json\/wp\/v2\/media\/2885"}],"wp:attachment":[{"href":"https:\/\/riadtizwa.com\/it\/wp-json\/wp\/v2\/media?parent=3833"}],"wp:term":[{"taxonomy":"folder","embeddable":true,"href":"https:\/\/riadtizwa.com\/it\/wp-json\/wp\/v2\/folder?post=3833"}],"curies":[{"name":"wp","href":"https:\/\/api.w.org\/{rel}","templated":true}]}}