{"id":3980,"date":"2022-02-17T09:45:23","date_gmt":"2022-02-17T09:45:23","guid":{"rendered":"https:\/\/riadtizwa.com\/chambre-8-double-2-fes\/"},"modified":"2022-04-20T10:20:16","modified_gmt":"2022-04-20T10:20:16","slug":"chambre-8-double-2-fes","status":"publish","type":"page","link":"https:\/\/riadtizwa.com\/fr\/chambre-8-double-2-fes\/","title":{"rendered":"Chambre 8 (Double 2) &#8211; F\u00e8s"},"content":{"rendered":"\t\t<div data-elementor-type=\"wp-page\" data-elementor-id=\"3980\" class=\"elementor elementor-3980 elementor-1052\" data-elementor-post-type=\"page\">\n\t\t\t\t\t\t<section class=\"elementor-section elementor-top-section elementor-element elementor-element-63b0b65d elementor-section-content-middle elementor-section-height-min-height elementor-section-boxed elementor-section-height-default elementor-section-items-middle\" data-id=\"63b0b65d\" data-element_type=\"section\" data-e-type=\"section\" data-settings=\"{&quot;background_background&quot;:&quot;classic&quot;}\">\n\t\t\t\t\t\t<div class=\"elementor-container elementor-column-gap-no\">\n\t\t\t\t\t<div class=\"elementor-column elementor-col-100 elementor-top-column elementor-element elementor-element-64920b2e\" data-id=\"64920b2e\" data-element_type=\"column\" data-e-type=\"column\">\n\t\t\t<div class=\"elementor-widget-wrap\">\n\t\t\t\t\t\t\t<\/div>\n\t\t<\/div>\n\t\t\t\t\t<\/div>\n\t\t<\/section>\n\t\t\t\t<section class=\"elementor-section elementor-top-section elementor-element elementor-element-4fef899c elementor-section-boxed elementor-section-height-default elementor-section-height-default\" data-id=\"4fef899c\" data-element_type=\"section\" data-e-type=\"section\">\n\t\t\t\t\t\t<div class=\"elementor-container elementor-column-gap-default\">\n\t\t\t\t\t<div class=\"elementor-column elementor-col-100 elementor-top-column elementor-element elementor-element-492f781d\" data-id=\"492f781d\" data-element_type=\"column\" data-e-type=\"column\">\n\t\t\t<div class=\"elementor-widget-wrap elementor-element-populated\">\n\t\t\t\t\t\t<div class=\"elementor-element elementor-element-e1f4b8b elementor-widget elementor-widget-heading\" data-id=\"e1f4b8b\" data-element_type=\"widget\" data-e-type=\"widget\" data-widget_type=\"heading.default\">\n\t\t\t\t<div class=\"elementor-widget-container\">\n\t\t\t\t\t<h2 class=\"elementor-heading-title elementor-size-default\">Chambre 8, Double<\/h2>\t\t\t\t<\/div>\n\t\t\t\t<\/div>\n\t\t\t\t<div class=\"elementor-element elementor-element-1a4761d7 elementor-widget elementor-widget-text-editor\" data-id=\"1a4761d7\" data-element_type=\"widget\" data-e-type=\"widget\" data-widget_type=\"text-editor.default\">\n\t\t\t\t<div class=\"elementor-widget-container\">\n\t\t\t\t\t\t\t\t\t<p>Notre chambre la plus grandiose mesure plus de 9 m\u00e8tres ou 30 pieds de long (sans compter sa salle de bain et sa salle d&#8217;eau privatives).<\/p>\t\t\t\t\t\t\t\t<\/div>\n\t\t\t\t<\/div>\n\t\t\t\t<div class=\"elementor-element elementor-element-33d3c26 elementor-align-center elementor-widget elementor-widget-global elementor-global-5382 elementor-global-959 elementor-widget-button\" data-id=\"33d3c26\" data-element_type=\"widget\" data-e-type=\"widget\" data-widget_type=\"button.default\">\n\t\t\t\t<div class=\"elementor-widget-container\">\n\t\t\t\t\t\t\t\t\t<div class=\"elementor-button-wrapper\">\n\t\t\t\t\t<a class=\"elementor-button elementor-button-link elementor-size-md\" href=\"https:\/\/direct-book.com\/properties\/riadtizwamarrakechdirect\">\n\t\t\t\t\t\t<span class=\"elementor-button-content-wrapper\">\n\t\t\t\t\t\t\t\t\t<span class=\"elementor-button-text\">R\u00e9servez cette chambre<\/span>\n\t\t\t\t\t<\/span>\n\t\t\t\t\t<\/a>\n\t\t\t\t<\/div>\n\t\t\t\t\t\t\t\t<\/div>\n\t\t\t\t<\/div>\n\t\t\t\t\t<\/div>\n\t\t<\/div>\n\t\t\t\t\t<\/div>\n\t\t<\/section>\n\t\t\t\t<section class=\"elementor-section elementor-top-section elementor-element elementor-element-13ee47cb elementor-section-boxed elementor-section-height-default elementor-section-height-default\" data-id=\"13ee47cb\" data-element_type=\"section\" data-e-type=\"section\">\n\t\t\t\t\t\t<div class=\"elementor-container elementor-column-gap-no\">\n\t\t\t\t\t<div class=\"elementor-column elementor-col-100 elementor-top-column elementor-element elementor-element-1b419151\" data-id=\"1b419151\" data-element_type=\"column\" data-e-type=\"column\">\n\t\t\t<div class=\"elementor-widget-wrap\">\n\t\t\t\t\t\t\t<\/div>\n\t\t<\/div>\n\t\t\t\t\t<\/div>\n\t\t<\/section>\n\t\t\t\t<section class=\"elementor-section elementor-top-section elementor-element elementor-element-3e4527b elementor-section-height-min-height elementor-section-boxed elementor-section-height-default elementor-section-items-middle\" data-id=\"3e4527b\" data-element_type=\"section\" data-e-type=\"section\" data-settings=\"{&quot;background_background&quot;:&quot;classic&quot;}\">\n\t\t\t\t\t\t<div class=\"elementor-container elementor-column-gap-default\">\n\t\t\t\t\t<div class=\"elementor-column elementor-col-100 elementor-top-column elementor-element elementor-element-4c010b4a\" data-id=\"4c010b4a\" data-element_type=\"column\" data-e-type=\"column\">\n\t\t\t<div class=\"elementor-widget-wrap\">\n\t\t\t\t\t\t\t<\/div>\n\t\t<\/div>\n\t\t\t\t\t<\/div>\n\t\t<\/section>\n\t\t\t\t<section class=\"elementor-section elementor-top-section elementor-element elementor-element-3e7d8a25 elementor-section-boxed elementor-section-height-default elementor-section-height-default\" data-id=\"3e7d8a25\" data-element_type=\"section\" data-e-type=\"section\">\n\t\t\t\t\t\t<div class=\"elementor-container elementor-column-gap-default\">\n\t\t\t\t\t<div class=\"elementor-column elementor-col-100 elementor-top-column elementor-element elementor-element-45229bd3\" data-id=\"45229bd3\" data-element_type=\"column\" data-e-type=\"column\">\n\t\t\t<div class=\"elementor-widget-wrap elementor-element-populated\">\n\t\t\t\t\t\t<div class=\"elementor-element elementor-element-5f0f84e3 elementor-widget elementor-widget-heading\" data-id=\"5f0f84e3\" data-element_type=\"widget\" data-e-type=\"widget\" data-widget_type=\"heading.default\">\n\t\t\t\t<div class=\"elementor-widget-container\">\n\t\t\t\t\t<h2 class=\"elementor-heading-title elementor-size-default\">\u00c9l\u00e9gance et style. Lits confortables et draps luxueux.<\/h2>\t\t\t\t<\/div>\n\t\t\t\t<\/div>\n\t\t\t\t\t<\/div>\n\t\t<\/div>\n\t\t\t\t\t<\/div>\n\t\t<\/section>\n\t\t\t\t<section class=\"elementor-section elementor-top-section elementor-element elementor-element-f7bcd22 elementor-section-full_width elementor-section-height-default elementor-section-height-default\" data-id=\"f7bcd22\" data-element_type=\"section\" data-e-type=\"section\">\n\t\t\t\t\t\t<div class=\"elementor-container elementor-column-gap-custom\">\n\t\t\t\t\t<div class=\"elementor-column elementor-col-50 elementor-top-column elementor-element elementor-element-548e5625\" data-id=\"548e5625\" data-element_type=\"column\" data-e-type=\"column\">\n\t\t\t<div class=\"elementor-widget-wrap elementor-element-populated\">\n\t\t\t\t\t\t<div class=\"elementor-element elementor-element-3af106d9 elementor-widget elementor-widget-image\" data-id=\"3af106d9\" data-element_type=\"widget\" data-e-type=\"widget\" data-widget_type=\"image.default\">\n\t\t\t\t<div class=\"elementor-widget-container\">\n\t\t\t\t\t\t\t\t\t\t\t\t\t\t\t<img fetchpriority=\"high\" decoding=\"async\" width=\"672\" height=\"890\" src=\"https:\/\/i0.wp.com\/riadtizwa.com\/wp-content\/uploads\/2022\/03\/Room-7-bathroom.jpg?fit=672%2C890&amp;ssl=1\" class=\"attachment-large size-large wp-image-3653\" alt=\"Riad Tizwa Fes Room 7  bathroom\" srcset=\"https:\/\/i0.wp.com\/riadtizwa.com\/wp-content\/uploads\/2022\/03\/Room-7-bathroom.jpg?w=672&amp;ssl=1 672w, https:\/\/i0.wp.com\/riadtizwa.com\/wp-content\/uploads\/2022\/03\/Room-7-bathroom.jpg?resize=227%2C300&amp;ssl=1 227w\" sizes=\"(max-width: 672px) 100vw, 672px\" \/>\t\t\t\t\t\t\t\t\t\t\t\t\t\t\t<\/div>\n\t\t\t\t<\/div>\n\t\t\t\t<div class=\"elementor-element elementor-element-bfedac4 elementor-widget elementor-widget-heading\" data-id=\"bfedac4\" data-element_type=\"widget\" data-e-type=\"widget\" data-widget_type=\"heading.default\">\n\t\t\t\t<div class=\"elementor-widget-container\">\n\t\t\t\t\t<h3 class=\"elementor-heading-title elementor-size-default\">Caract\u00e9ristiques de la chambre<\/h3>\t\t\t\t<\/div>\n\t\t\t\t<\/div>\n\t\t\t\t<div class=\"elementor-element elementor-element-2cd2f89c elementor-widget elementor-widget-text-editor\" data-id=\"2cd2f89c\" data-element_type=\"widget\" data-e-type=\"widget\" data-widget_type=\"text-editor.default\">\n\t\t\t\t<div class=\"elementor-widget-container\">\n\t\t\t\t\t\t\t\t\t<p>La petite chambre mignonne au coeur du riad <\/p>\t\t\t\t\t\t\t\t<\/div>\n\t\t\t\t<\/div>\n\t\t\t\t<div class=\"elementor-element elementor-element-3458e22c elementor-widget elementor-widget-text-editor\" data-id=\"3458e22c\" data-element_type=\"widget\" data-e-type=\"widget\" data-widget_type=\"text-editor.default\">\n\t\t\t\t<div class=\"elementor-widget-container\">\n\t\t\t\t\t\t\t\t\t<p>Lit double<\/p><p>Grande douche \u00e0 l&#8217;italienne<\/p><p>Climatisation &amp; chauffage<\/p>\t\t\t\t\t\t\t\t<\/div>\n\t\t\t\t<\/div>\n\t\t\t\t\t<\/div>\n\t\t<\/div>\n\t\t\t\t<div class=\"elementor-column elementor-col-50 elementor-top-column elementor-element elementor-element-44bb5ee0\" data-id=\"44bb5ee0\" data-element_type=\"column\" data-e-type=\"column\">\n\t\t\t<div class=\"elementor-widget-wrap elementor-element-populated\">\n\t\t\t\t\t\t<div class=\"elementor-element elementor-element-5c9ab5a1 elementor-widget elementor-widget-image\" data-id=\"5c9ab5a1\" data-element_type=\"widget\" data-e-type=\"widget\" data-widget_type=\"image.default\">\n\t\t\t\t<div class=\"elementor-widget-container\">\n\t\t\t\t\t\t\t\t\t\t\t\t\t\t\t<img decoding=\"async\" width=\"672\" height=\"890\" src=\"https:\/\/i0.wp.com\/riadtizwa.com\/wp-content\/uploads\/2022\/03\/Riad-Tizwa-fes-room-courtyard-plasterwork-MAIN5.jpg?fit=672%2C890&amp;ssl=1\" class=\"attachment-large size-large wp-image-3658\" alt=\"Riad Tizwa Fes decorative plasterwork\" srcset=\"https:\/\/i0.wp.com\/riadtizwa.com\/wp-content\/uploads\/2022\/03\/Riad-Tizwa-fes-room-courtyard-plasterwork-MAIN5.jpg?w=672&amp;ssl=1 672w, https:\/\/i0.wp.com\/riadtizwa.com\/wp-content\/uploads\/2022\/03\/Riad-Tizwa-fes-room-courtyard-plasterwork-MAIN5.jpg?resize=227%2C300&amp;ssl=1 227w\" sizes=\"(max-width: 672px) 100vw, 672px\" \/>\t\t\t\t\t\t\t\t\t\t\t\t\t\t\t<\/div>\n\t\t\t\t<\/div>\n\t\t\t\t<div class=\"elementor-element elementor-element-4bd8d7b1 elementor-widget elementor-widget-heading\" data-id=\"4bd8d7b1\" data-element_type=\"widget\" data-e-type=\"widget\" data-widget_type=\"heading.default\">\n\t\t\t\t<div class=\"elementor-widget-container\">\n\t\t\t\t\t<h3 class=\"elementor-heading-title elementor-size-default\">Au coeur du riad<\/h3>\t\t\t\t<\/div>\n\t\t\t\t<\/div>\n\t\t\t\t<div class=\"elementor-element elementor-element-3779934f elementor-widget elementor-widget-text-editor\" data-id=\"3779934f\" data-element_type=\"widget\" data-e-type=\"widget\" data-widget_type=\"text-editor.default\">\n\t\t\t\t<div class=\"elementor-widget-container\">\n\t\t\t\t\t\t\t\t\t<p>Situ\u00e9e au 1\/2 premier \u00e9tage cette chambre est parfaite comme chambre d&#8217;enfant\/s &#8211; \u00e0 c\u00f4t\u00e9 des parents dans la chambre 7<\/p>\t\t\t\t\t\t\t\t<\/div>\n\t\t\t\t<\/div>\n\t\t\t\t\t<\/div>\n\t\t<\/div>\n\t\t\t\t\t<\/div>\n\t\t<\/section>\n\t\t\t\t<section class=\"elementor-section elementor-top-section elementor-element elementor-element-76e5725f elementor-section-full_width elementor-section-height-default elementor-section-height-default\" data-id=\"76e5725f\" data-element_type=\"section\" data-e-type=\"section\">\n\t\t\t\t\t\t<div class=\"elementor-container elementor-column-gap-default\">\n\t\t\t\t\t<div class=\"elementor-column elementor-col-100 elementor-top-column elementor-element elementor-element-792d62c8\" data-id=\"792d62c8\" data-element_type=\"column\" data-e-type=\"column\">\n\t\t\t<div class=\"elementor-widget-wrap elementor-element-populated\">\n\t\t\t\t\t\t<div class=\"elementor-element elementor-element-3d87d401 elementor-widget elementor-widget-heading\" data-id=\"3d87d401\" data-element_type=\"widget\" data-e-type=\"widget\" data-widget_type=\"heading.default\">\n\t\t\t\t<div class=\"elementor-widget-container\">\n\t\t\t\t\t<h2 class=\"elementor-heading-title elementor-size-default\">Autres pi\u00e8ces<\/h2>\t\t\t\t<\/div>\n\t\t\t\t<\/div>\n\t\t\t\t<div class=\"elementor-element elementor-element-4c30342e elementor-skin-carousel elementor-arrows-yes elementor-pagination-type-bullets elementor-pagination-position-outside elementor-widget elementor-widget-media-carousel\" data-id=\"4c30342e\" data-element_type=\"widget\" data-e-type=\"widget\" data-settings=\"{&quot;slides_per_view&quot;:&quot;3&quot;,&quot;slides_to_scroll&quot;:&quot;3&quot;,&quot;space_between&quot;:{&quot;unit&quot;:&quot;px&quot;,&quot;size&quot;:16,&quot;sizes&quot;:[]},&quot;skin&quot;:&quot;carousel&quot;,&quot;effect&quot;:&quot;slide&quot;,&quot;show_arrows&quot;:&quot;yes&quot;,&quot;pagination&quot;:&quot;bullets&quot;,&quot;speed&quot;:500,&quot;autoplay&quot;:&quot;yes&quot;,&quot;autoplay_speed&quot;:5000,&quot;loop&quot;:&quot;yes&quot;,&quot;pause_on_hover&quot;:&quot;yes&quot;,&quot;pause_on_interaction&quot;:&quot;yes&quot;,&quot;space_between_tablet&quot;:{&quot;unit&quot;:&quot;px&quot;,&quot;size&quot;:10,&quot;sizes&quot;:[]},&quot;space_between_mobile&quot;:{&quot;unit&quot;:&quot;px&quot;,&quot;size&quot;:10,&quot;sizes&quot;:[]}}\" data-widget_type=\"media-carousel.default\">\n\t\t\t\t<div class=\"elementor-widget-container\">\n\t\t\t\t\t\t\t\t\t<div class=\"elementor-swiper\">\n\t\t\t\t\t<div class=\"elementor-main-swiper swiper\" role=\"region\" aria-roledescription=\"carousel\" aria-label=\"Diapositives\">\n\t\t\t\t<div class=\"swiper-wrapper\">\n\t\t\t\t\t\t\t\t\t\t\t<div class=\"swiper-slide\" role=\"group\" aria-roledescription=\"slide\">\n\t\t\t\t\t\t\t<a href=\"https:\/\/riadtizwa.com\/fr\/chambre-1-grande-suite-1-fes\/\">\t\t<div class=\"elementor-carousel-image\" role=\"img\" aria-label=\"Riad Tizwa marrakech Grand Suite 1\" style=\"background-image: url(&#039;https:\/\/i0.wp.com\/riadtizwa.com\/wp-content\/uploads\/2022\/02\/Grand-Suite-1.jpg?fit=860%2C536&amp;ssl=1&#039;)\">\n\n\t\t\t\n\t\t\t\t\t<\/div>\n\t\t\t\t\t<div class=\"elementor-carousel-image-overlay e-overlay-animation-fade\">\n\t\t\t\tGrand Suite 1\t\t\t<\/div>\n\t\t\t<\/a>\t\t\t\t\t\t<\/div>\n\t\t\t\t\t\t\t\t\t\t\t<div class=\"swiper-slide\" role=\"group\" aria-roledescription=\"slide\">\n\t\t\t\t\t\t\t<a href=\"https:\/\/riadtizwa.com\/fr\/chambre-2-grande-suite-2-fes\/\">\t\t<div class=\"elementor-carousel-image\" role=\"img\" aria-label=\"Luxury Hotel Rooms for Rent\" style=\"background-image: url(&#039;https:\/\/i0.wp.com\/riadtizwa.com\/wp-content\/uploads\/2022\/02\/Grand-Suite-2.jpg?fit=860%2C536&amp;ssl=1&#039;)\">\n\n\t\t\t\n\t\t\t\t\t<\/div>\n\t\t\t\t\t<div class=\"elementor-carousel-image-overlay e-overlay-animation-fade\">\n\t\t\t\tGrand Suite 2\t\t\t<\/div>\n\t\t\t<\/a>\t\t\t\t\t\t<\/div>\n\t\t\t\t\t\t\t\t\t\t\t<div class=\"swiper-slide\" role=\"group\" aria-roledescription=\"slide\">\n\t\t\t\t\t\t\t<a href=\"https:\/\/riadtizwa.com\/fr\/chambre-3-suite-1-fes\/\">\t\t<div class=\"elementor-carousel-image\" role=\"img\" aria-label=\"Traditional Moroccan Riad\" style=\"background-image: url(&#039;https:\/\/i0.wp.com\/riadtizwa.com\/wp-content\/uploads\/2022\/02\/Suite-1-1.jpg?fit=860%2C536&amp;ssl=1&#039;)\">\n\n\t\t\t\n\t\t\t\t\t<\/div>\n\t\t\t\t\t<div class=\"elementor-carousel-image-overlay e-overlay-animation-fade\">\n\t\t\t\tSuite 1\t\t\t<\/div>\n\t\t\t<\/a>\t\t\t\t\t\t<\/div>\n\t\t\t\t\t\t\t\t\t\t\t<div class=\"swiper-slide\" role=\"group\" aria-roledescription=\"slide\">\n\t\t\t\t\t\t\t<a href=\"https:\/\/riadtizwa.com\/fr\/chambre-4-suite-2-fes\/\">\t\t<div class=\"elementor-carousel-image\" role=\"img\" aria-label=\"Suite 2\" style=\"background-image: url(&#039;https:\/\/i0.wp.com\/riadtizwa.com\/wp-content\/uploads\/2022\/02\/Suite-2-1.jpg?fit=860%2C536&amp;ssl=1&#039;)\">\n\n\t\t\t\n\t\t\t\t\t<\/div>\n\t\t\t\t\t<div class=\"elementor-carousel-image-overlay e-overlay-animation-fade\">\n\t\t\t\tSuite 2\t\t\t<\/div>\n\t\t\t<\/a>\t\t\t\t\t\t<\/div>\n\t\t\t\t\t\t\t\t\t\t\t<div class=\"swiper-slide\" role=\"group\" aria-roledescription=\"slide\">\n\t\t\t\t\t\t\t<a href=\"https:\/\/riadtizwa.com\/fr\/chambre-5-grande-suite-3-fes\/\">\t\t<div class=\"elementor-carousel-image\" role=\"img\" aria-label=\"Double Bedroom for Rent in Fes, Morocco | Riad Tizwa Boutique Hotel\" style=\"background-image: url(&#039;https:\/\/i0.wp.com\/riadtizwa.com\/wp-content\/uploads\/2022\/02\/Grand-Suite-3.jpg?fit=860%2C536&amp;ssl=1&#039;)\">\n\n\t\t\t\n\t\t\t\t\t<\/div>\n\t\t\t\t\t<div class=\"elementor-carousel-image-overlay e-overlay-animation-fade\">\n\t\t\t\tRiad Tizwa marrakech Grand Suite 3\t\t\t<\/div>\n\t\t\t<\/a>\t\t\t\t\t\t<\/div>\n\t\t\t\t\t\t\t\t\t\t\t<div class=\"swiper-slide\" role=\"group\" aria-roledescription=\"slide\">\n\t\t\t\t\t\t\t<a href=\"https:\/\/riadtizwa.com\/fr\/chambre-6-grande-double-fes\/\">\t\t<div class=\"elementor-carousel-image\" role=\"img\" aria-label=\"Large Double\" style=\"background-image: url(&#039;https:\/\/i0.wp.com\/riadtizwa.com\/wp-content\/uploads\/2022\/02\/Large-Double-1.jpg?fit=860%2C536&amp;ssl=1&#039;)\">\n\n\t\t\t\n\t\t\t\t\t<\/div>\n\t\t\t\t\t<div class=\"elementor-carousel-image-overlay e-overlay-animation-fade\">\n\t\t\t\tLarge Double\t\t\t<\/div>\n\t\t\t<\/a>\t\t\t\t\t\t<\/div>\n\t\t\t\t\t\t\t\t\t\t\t<div class=\"swiper-slide\" role=\"group\" aria-roledescription=\"slide\">\n\t\t\t\t\t\t\t<a href=\"https:\/\/riadtizwa.com\/fr\/chambre-7-double-1-fes\/\">\t\t<div class=\"elementor-carousel-image\" role=\"img\" aria-label=\"Double 1\" style=\"background-image: url(&#039;https:\/\/i0.wp.com\/riadtizwa.com\/wp-content\/uploads\/2022\/02\/Double-1-1.jpg?fit=860%2C536&amp;ssl=1&#039;)\">\n\n\t\t\t\n\t\t\t\t\t<\/div>\n\t\t\t\t\t<div class=\"elementor-carousel-image-overlay e-overlay-animation-fade\">\n\t\t\t\tDouble 1\t\t\t<\/div>\n\t\t\t<\/a>\t\t\t\t\t\t<\/div>\n\t\t\t\t\t\t\t\t\t\t\t<div class=\"swiper-slide\" role=\"group\" aria-roledescription=\"slide\">\n\t\t\t\t\t\t\t<a href=\"https:\/\/riadtizwa.com\/fr\/chambre-8-double-2-fes\/\">\t\t<div class=\"elementor-carousel-image\" role=\"img\" aria-label=\"Double 2\" style=\"background-image: url(&#039;https:\/\/i0.wp.com\/riadtizwa.com\/wp-content\/uploads\/2022\/02\/Double-2-1.jpg?fit=860%2C536&amp;ssl=1&#039;)\">\n\n\t\t\t\n\t\t\t\t\t<\/div>\n\t\t\t\t\t<div class=\"elementor-carousel-image-overlay e-overlay-animation-fade\">\n\t\t\t\tDouble 2\t\t\t<\/div>\n\t\t\t<\/a>\t\t\t\t\t\t<\/div>\n\t\t\t\t\t\t\t\t\t\t\t<div class=\"swiper-slide\" role=\"group\" aria-roledescription=\"slide\">\n\t\t\t\t\t\t\t<a href=\"https:\/\/riadtizwa.com\/fr\/chambre-9-double-3-fes\/\">\t\t<div class=\"elementor-carousel-image\" role=\"img\" aria-label=\"Riad Tizwa Boutique Hotel marrakech\" style=\"background-image: url(&#039;https:\/\/i0.wp.com\/riadtizwa.com\/wp-content\/uploads\/2022\/02\/Double-3.jpg?fit=860%2C536&amp;ssl=1&#039;)\">\n\n\t\t\t\n\t\t\t\t\t<\/div>\n\t\t\t\t\t<div class=\"elementor-carousel-image-overlay e-overlay-animation-fade\">\n\t\t\t\tRiad Tizwa Boutique Hotel marrakech\t\t\t<\/div>\n\t\t\t<\/a>\t\t\t\t\t\t<\/div>\n\t\t\t\t\t\t\t\t\t<\/div>\n\t\t\t\t\t\t\t\t\t\t\t\t\t\t\t<div class=\"elementor-swiper-button elementor-swiper-button-prev\" role=\"button\" tabindex=\"0\" aria-label=\"Pr\u00e9c\u00e9dent\">\n\t\t\t\t\t\t\t<i aria-hidden=\"true\" class=\"eicon-chevron-left\"><\/i>\t\t\t\t\t\t<\/div>\n\t\t\t\t\t\t<div class=\"elementor-swiper-button elementor-swiper-button-next\" role=\"button\" tabindex=\"0\" aria-label=\"Suivant\">\n\t\t\t\t\t\t\t<i aria-hidden=\"true\" class=\"eicon-chevron-right\"><\/i>\t\t\t\t\t\t<\/div>\n\t\t\t\t\t\t\t\t\t\t\t\t\t\t\t\t<div class=\"swiper-pagination\"><\/div>\n\t\t\t\t\t\t\t\t\t\t\t\t<\/div>\n\t\t\t\t<\/div>\n\t\t\t\t\t\t\t\t<\/div>\n\t\t\t\t<\/div>\n\t\t\t\t<div class=\"elementor-element elementor-element-c517cce elementor-widget elementor-widget-text-editor\" data-id=\"c517cce\" data-element_type=\"widget\" data-e-type=\"widget\" data-widget_type=\"text-editor.default\">\n\t\t\t\t<div class=\"elementor-widget-container\">\n\t\t\t\t\t\t\t\t\t<p><span style=\"text-decoration: underline;\"><a href=\"https:\/\/riadtizwa.com\/fr\/fes-chambres\/\">Voir toutes nos chambres<\/a><\/span><\/p>\t\t\t\t\t\t\t\t<\/div>\n\t\t\t\t<\/div>\n\t\t\t\t\t<\/div>\n\t\t<\/div>\n\t\t\t\t\t<\/div>\n\t\t<\/section>\n\t\t\t\t<\/div>\n\t\t","protected":false},"excerpt":{"rendered":"<p>Chambre 8, Double Notre chambre la plus grandiose mesure plus de 9 m\u00e8tres ou 30 pieds de long (sans compter sa salle de bain et sa salle d&#8217;eau privatives). R\u00e9servez cette chambre \u00c9l\u00e9gance et style. Lits confortables et draps luxueux. Caract\u00e9ristiques de la chambre La petite chambre mignonne au coeur du riad Lit double Grande [&hellip;]<\/p>\n","protected":false},"author":1,"featured_media":0,"parent":0,"menu_order":0,"comment_status":"closed","ping_status":"closed","template":"","meta":{"nf_dc_page":"","content-type":"","_monsterinsights_skip_tracking":false,"_monsterinsights_sitenote_active":false,"_monsterinsights_sitenote_note":"","_monsterinsights_sitenote_category":0,"footnotes":""},"folder":[13],"class_list":["post-3980","page","type-page","status-publish","hentry"],"yoast_head":"<!-- This site is optimized with the Yoast SEO plugin v27.4 - https:\/\/yoast.com\/product\/yoast-seo-wordpress\/ -->\n<title>Chambre 8 (Double 2) - F\u00e8s | Riad Tizwa<\/title>\n<meta name=\"robots\" content=\"index, follow, max-snippet:-1, max-image-preview:large, max-video-preview:-1\" \/>\n<link rel=\"canonical\" href=\"https:\/\/riadtizwa.com\/fr\/chambre-8-double-2-fes\/\" \/>\n<meta property=\"og:locale\" content=\"fr_FR\" \/>\n<meta property=\"og:type\" content=\"article\" \/>\n<meta property=\"og:title\" content=\"Chambre 8 (Double 2) - F\u00e8s | Riad Tizwa\" \/>\n<meta property=\"og:description\" content=\"Chambre 8, Double Notre chambre la plus grandiose mesure plus de 9 m\u00e8tres ou 30 pieds de long (sans compter sa salle de bain et sa salle d&#8217;eau privatives). R\u00e9servez cette chambre \u00c9l\u00e9gance et style. Lits confortables et draps luxueux. Caract\u00e9ristiques de la chambre La petite chambre mignonne au coeur du riad Lit double Grande [&hellip;]\" \/>\n<meta property=\"og:url\" content=\"https:\/\/riadtizwa.com\/fr\/chambre-8-double-2-fes\/\" \/>\n<meta property=\"og:site_name\" content=\"Riad Tizwa\" \/>\n<meta property=\"article:modified_time\" content=\"2022-04-20T10:20:16+00:00\" \/>\n<meta property=\"og:image\" content=\"https:\/\/riadtizwa.com\/wp-content\/uploads\/2022\/03\/Room-7-bathroom.jpg\" \/>\n<meta name=\"twitter:card\" content=\"summary_large_image\" \/>\n<meta name=\"twitter:label1\" content=\"Dur\u00e9e de lecture estim\u00e9e\" \/>\n\t<meta name=\"twitter:data1\" content=\"2 minutes\" \/>\n<!-- \/ Yoast SEO plugin. -->","yoast_head_json":{"title":"Chambre 8 (Double 2) - F\u00e8s | Riad Tizwa","robots":{"index":"index","follow":"follow","max-snippet":"max-snippet:-1","max-image-preview":"max-image-preview:large","max-video-preview":"max-video-preview:-1"},"canonical":"https:\/\/riadtizwa.com\/fr\/chambre-8-double-2-fes\/","og_locale":"fr_FR","og_type":"article","og_title":"Chambre 8 (Double 2) - F\u00e8s | Riad Tizwa","og_description":"Chambre 8, Double Notre chambre la plus grandiose mesure plus de 9 m\u00e8tres ou 30 pieds de long (sans compter sa salle de bain et sa salle d&#8217;eau privatives). R\u00e9servez cette chambre \u00c9l\u00e9gance et style. Lits confortables et draps luxueux. Caract\u00e9ristiques de la chambre La petite chambre mignonne au coeur du riad Lit double Grande [&hellip;]","og_url":"https:\/\/riadtizwa.com\/fr\/chambre-8-double-2-fes\/","og_site_name":"Riad Tizwa","article_modified_time":"2022-04-20T10:20:16+00:00","og_image":[{"url":"https:\/\/riadtizwa.com\/wp-content\/uploads\/2022\/03\/Room-7-bathroom.jpg","type":"","width":"","height":""}],"twitter_card":"summary_large_image","twitter_misc":{"Dur\u00e9e de lecture estim\u00e9e":"2 minutes"},"schema":{"@context":"https:\/\/schema.org","@graph":[{"@type":"WebPage","@id":"https:\/\/riadtizwa.com\/fr\/chambre-8-double-2-fes\/","url":"https:\/\/riadtizwa.com\/fr\/chambre-8-double-2-fes\/","name":"Chambre 8 (Double 2) - F\u00e8s | Riad Tizwa","isPartOf":{"@id":"https:\/\/riadtizwa.com\/fr\/#website"},"primaryImageOfPage":{"@id":"https:\/\/riadtizwa.com\/fr\/chambre-8-double-2-fes\/#primaryimage"},"image":{"@id":"https:\/\/riadtizwa.com\/fr\/chambre-8-double-2-fes\/#primaryimage"},"thumbnailUrl":"https:\/\/riadtizwa.com\/wp-content\/uploads\/2022\/03\/Room-7-bathroom.jpg","datePublished":"2022-02-17T09:45:23+00:00","dateModified":"2022-04-20T10:20:16+00:00","breadcrumb":{"@id":"https:\/\/riadtizwa.com\/fr\/chambre-8-double-2-fes\/#breadcrumb"},"inLanguage":"fr-FR","potentialAction":[{"@type":"ReadAction","target":["https:\/\/riadtizwa.com\/fr\/chambre-8-double-2-fes\/"]}]},{"@type":"ImageObject","inLanguage":"fr-FR","@id":"https:\/\/riadtizwa.com\/fr\/chambre-8-double-2-fes\/#primaryimage","url":"https:\/\/riadtizwa.com\/wp-content\/uploads\/2022\/03\/Room-7-bathroom.jpg","contentUrl":"https:\/\/riadtizwa.com\/wp-content\/uploads\/2022\/03\/Room-7-bathroom.jpg"},{"@type":"BreadcrumbList","@id":"https:\/\/riadtizwa.com\/fr\/chambre-8-double-2-fes\/#breadcrumb","itemListElement":[{"@type":"ListItem","position":1,"name":"Home","item":"https:\/\/riadtizwa.com\/fr\/"},{"@type":"ListItem","position":2,"name":"Chambre 8 (Double 2) &#8211; F\u00e8s"}]},{"@type":"WebSite","@id":"https:\/\/riadtizwa.com\/fr\/#website","url":"https:\/\/riadtizwa.com\/fr\/","name":"Riad Tizwa","description":"","publisher":{"@id":"https:\/\/riadtizwa.com\/fr\/#organization"},"potentialAction":[{"@type":"SearchAction","target":{"@type":"EntryPoint","urlTemplate":"https:\/\/riadtizwa.com\/fr\/?s={search_term_string}"},"query-input":{"@type":"PropertyValueSpecification","valueRequired":true,"valueName":"search_term_string"}}],"inLanguage":"fr-FR"},{"@type":"Organization","@id":"https:\/\/riadtizwa.com\/fr\/#organization","name":"Riad Tizwa","url":"https:\/\/riadtizwa.com\/fr\/","logo":{"@type":"ImageObject","inLanguage":"fr-FR","@id":"https:\/\/riadtizwa.com\/fr\/#\/schema\/logo\/image\/","url":"https:\/\/riadtizwa.com\/wp-content\/uploads\/2021\/12\/Tizwa-logo.svg","contentUrl":"https:\/\/riadtizwa.com\/wp-content\/uploads\/2021\/12\/Tizwa-logo.svg","width":91,"height":68,"caption":"Riad Tizwa"},"image":{"@id":"https:\/\/riadtizwa.com\/fr\/#\/schema\/logo\/image\/"}}]}},"jetpack_sharing_enabled":true,"_links":{"self":[{"href":"https:\/\/riadtizwa.com\/fr\/wp-json\/wp\/v2\/pages\/3980","targetHints":{"allow":["GET"]}}],"collection":[{"href":"https:\/\/riadtizwa.com\/fr\/wp-json\/wp\/v2\/pages"}],"about":[{"href":"https:\/\/riadtizwa.com\/fr\/wp-json\/wp\/v2\/types\/page"}],"author":[{"embeddable":true,"href":"https:\/\/riadtizwa.com\/fr\/wp-json\/wp\/v2\/users\/1"}],"replies":[{"embeddable":true,"href":"https:\/\/riadtizwa.com\/fr\/wp-json\/wp\/v2\/comments?post=3980"}],"version-history":[{"count":5,"href":"https:\/\/riadtizwa.com\/fr\/wp-json\/wp\/v2\/pages\/3980\/revisions"}],"predecessor-version":[{"id":6359,"href":"https:\/\/riadtizwa.com\/fr\/wp-json\/wp\/v2\/pages\/3980\/revisions\/6359"}],"wp:attachment":[{"href":"https:\/\/riadtizwa.com\/fr\/wp-json\/wp\/v2\/media?parent=3980"}],"wp:term":[{"taxonomy":"folder","embeddable":true,"href":"https:\/\/riadtizwa.com\/fr\/wp-json\/wp\/v2\/folder?post=3980"}],"curies":[{"name":"wp","href":"https:\/\/api.w.org\/{rel}","templated":true}]}}