{"id":3680,"date":"2022-01-24T21:25:06","date_gmt":"2022-01-24T21:25:06","guid":{"rendered":"https:\/\/riadtizwa.com\/riad-tizwa-fes\/"},"modified":"2022-04-18T10:22:24","modified_gmt":"2022-04-18T10:22:24","slug":"riad-tizwa-fes","status":"publish","type":"page","link":"https:\/\/riadtizwa.com\/fr\/riad-tizwa-fes\/","title":{"rendered":"Riad Tizwa F\u00e8s"},"content":{"rendered":"\t\t<div data-elementor-type=\"wp-page\" data-elementor-id=\"3680\" class=\"elementor elementor-3680 elementor-272\" data-elementor-post-type=\"page\">\n\t\t\t\t\t\t<section class=\"elementor-section elementor-top-section elementor-element elementor-element-5867ebb6 elementor-section-content-middle elementor-section-height-min-height elementor-section-boxed elementor-section-height-default elementor-section-items-middle\" data-id=\"5867ebb6\" data-element_type=\"section\" data-e-type=\"section\" data-settings=\"{&quot;background_background&quot;:&quot;classic&quot;}\">\n\t\t\t\t\t\t<div class=\"elementor-container elementor-column-gap-no\">\n\t\t\t\t\t<div class=\"elementor-column elementor-col-100 elementor-top-column elementor-element elementor-element-10b342be\" data-id=\"10b342be\" data-element_type=\"column\" data-e-type=\"column\">\n\t\t\t<div class=\"elementor-widget-wrap\">\n\t\t\t\t\t\t\t<\/div>\n\t\t<\/div>\n\t\t\t\t\t<\/div>\n\t\t<\/section>\n\t\t\t\t<section class=\"elementor-section elementor-top-section elementor-element elementor-element-77eea86d elementor-section-boxed elementor-section-height-default elementor-section-height-default\" data-id=\"77eea86d\" data-element_type=\"section\" data-e-type=\"section\">\n\t\t\t\t\t\t<div class=\"elementor-container elementor-column-gap-default\">\n\t\t\t\t\t<div class=\"elementor-column elementor-col-100 elementor-top-column elementor-element elementor-element-2eac3c60\" data-id=\"2eac3c60\" data-element_type=\"column\" data-e-type=\"column\">\n\t\t\t<div class=\"elementor-widget-wrap elementor-element-populated\">\n\t\t\t\t\t\t<div class=\"elementor-element elementor-element-69dc3fb elementor-widget elementor-widget-heading\" data-id=\"69dc3fb\" data-element_type=\"widget\" data-e-type=\"widget\" data-widget_type=\"heading.default\">\n\t\t\t\t<div class=\"elementor-widget-container\">\n\t\t\t\t\t<h2 class=\"elementor-heading-title elementor-size-default\">Id\u00e9alement situ\u00e9, dans le meilleur quartier de la vieille ville<\/h2>\t\t\t\t<\/div>\n\t\t\t\t<\/div>\n\t\t\t\t<div class=\"elementor-element elementor-element-2e9cff8c elementor-widget elementor-widget-text-editor\" data-id=\"2e9cff8c\" data-element_type=\"widget\" data-e-type=\"widget\" data-widget_type=\"text-editor.default\">\n\t\t\t\t<div class=\"elementor-widget-container\">\n\t\t\t\t\t\t\t\t\tRiad Tizwa Fes est un riad marocain traditionnel magnifiquement proportionn\u00e9 situ\u00e9 dans l&#8217;enceinte de la M\u00e9dina (vieille ville). L&#8217;h\u00f4tel est un sanctuaire \u00e9l\u00e9gant et calme situ\u00e9 dans ce qui est tout simplement le meilleur emplacement de la m\u00e9dina de F\u00e8s, Batha.\t\t\t\t\t\t\t\t<\/div>\n\t\t\t\t<\/div>\n\t\t\t\t\t<\/div>\n\t\t<\/div>\n\t\t\t\t\t<\/div>\n\t\t<\/section>\n\t\t\t\t<section class=\"elementor-section elementor-top-section elementor-element elementor-element-a8111b7 elementor-section-boxed elementor-section-height-default elementor-section-height-default\" data-id=\"a8111b7\" data-element_type=\"section\" data-e-type=\"section\">\n\t\t\t\t\t\t<div class=\"elementor-container elementor-column-gap-default\">\n\t\t\t\t\t<div class=\"elementor-column elementor-col-100 elementor-top-column elementor-element elementor-element-d2f83a3\" data-id=\"d2f83a3\" data-element_type=\"column\" data-e-type=\"column\">\n\t\t\t<div class=\"elementor-widget-wrap elementor-element-populated\">\n\t\t\t\t\t\t<div class=\"elementor-element elementor-element-c21d6ce elementor-widget elementor-widget-text-editor\" data-id=\"c21d6ce\" data-element_type=\"widget\" data-e-type=\"widget\" data-widget_type=\"text-editor.default\">\n\t\t\t\t<div class=\"elementor-widget-container\">\n\t\t\t\t\t\t\t\t\t<a href=\"https:\/\/www.theguardian.com\/travel\/2014\/oct\/13\/top-10-riads-marrakech-morocco\" target=\"_blank\" rel=\"noopener\"> Refinery29 Carnets de voyage avis sur Riad Tizwa <\/a>\t\t\t\t\t\t\t\t<\/div>\n\t\t\t\t<\/div>\n\t\t\t\t\t<\/div>\n\t\t<\/div>\n\t\t\t\t\t<\/div>\n\t\t<\/section>\n\t\t\t\t<section class=\"elementor-section elementor-top-section elementor-element elementor-element-45e4abc1 elementor-section-boxed elementor-section-height-default elementor-section-height-default\" data-id=\"45e4abc1\" data-element_type=\"section\" data-e-type=\"section\">\n\t\t\t\t\t\t<div class=\"elementor-container elementor-column-gap-no\">\n\t\t\t\t\t<div class=\"elementor-column elementor-col-100 elementor-top-column elementor-element elementor-element-1180310 elementor-hidden-desktop elementor-hidden-tablet elementor-hidden-mobile\" data-id=\"1180310\" data-element_type=\"column\" data-e-type=\"column\">\n\t\t\t<div class=\"elementor-widget-wrap\">\n\t\t\t\t\t\t\t<\/div>\n\t\t<\/div>\n\t\t\t\t\t<\/div>\n\t\t<\/section>\n\t\t\t\t<section class=\"elementor-section elementor-top-section elementor-element elementor-element-307af61e elementor-section-height-min-height elementor-section-boxed elementor-section-height-default elementor-section-items-middle\" data-id=\"307af61e\" data-element_type=\"section\" data-e-type=\"section\" data-settings=\"{&quot;background_background&quot;:&quot;classic&quot;}\">\n\t\t\t\t\t\t<div class=\"elementor-container elementor-column-gap-default\">\n\t\t\t\t\t<div class=\"elementor-column elementor-col-100 elementor-top-column elementor-element elementor-element-4ad3422b\" data-id=\"4ad3422b\" data-element_type=\"column\" data-e-type=\"column\">\n\t\t\t<div class=\"elementor-widget-wrap\">\n\t\t\t\t\t\t\t<\/div>\n\t\t<\/div>\n\t\t\t\t\t<\/div>\n\t\t<\/section>\n\t\t\t\t<section class=\"elementor-section elementor-top-section elementor-element elementor-element-7963913c elementor-section-boxed elementor-section-height-default elementor-section-height-default\" data-id=\"7963913c\" data-element_type=\"section\" data-e-type=\"section\">\n\t\t\t\t\t\t<div class=\"elementor-container elementor-column-gap-default\">\n\t\t\t\t\t<div class=\"elementor-column elementor-col-100 elementor-top-column elementor-element elementor-element-941ee06\" data-id=\"941ee06\" data-element_type=\"column\" data-e-type=\"column\">\n\t\t\t<div class=\"elementor-widget-wrap elementor-element-populated\">\n\t\t\t\t\t\t<div class=\"elementor-element elementor-element-3b3d7496 elementor-widget elementor-widget-text-editor\" data-id=\"3b3d7496\" data-element_type=\"widget\" data-e-type=\"widget\" data-widget_type=\"text-editor.default\">\n\t\t\t\t<div class=\"elementor-widget-container\">\n\t\t\t\t\t\t\t\t\t<p>Cette maison traditionnelle r\u00e9nov\u00e9e avec amour a \u00e9t\u00e9 restaur\u00e9e au plus haut niveau &#8211; garantissant que le style marocain et faisien pr\u00e9vaut dans les attentions du confort contemporain. Le riad dispose d&#8217;un personnel marocain parlant anglais et fran\u00e7ais et est parfait pour les voyageurs exigeants qui souhaitent d\u00e9couvrir la v\u00e9ritable culture marocaine sans compromettre le confort lors de leurs vacances de luxe. Les chambres b\u00e9n\u00e9ficient de la grandeur de la vie faisienne. Riad Tizwa Fes est la combinaison parfaite d&#8217;\u00e9l\u00e9gance, de style et de confort.<\/p>\t\t\t\t\t\t\t\t<\/div>\n\t\t\t\t<\/div>\n\t\t\t\t\t<\/div>\n\t\t<\/div>\n\t\t\t\t\t<\/div>\n\t\t<\/section>\n\t\t\t\t<section class=\"elementor-section elementor-top-section elementor-element elementor-element-7d691b4f elementor-section-full_width elementor-section-height-default elementor-section-height-default\" data-id=\"7d691b4f\" data-element_type=\"section\" data-e-type=\"section\">\n\t\t\t\t\t\t<div class=\"elementor-container elementor-column-gap-custom\">\n\t\t\t\t\t<div class=\"elementor-column elementor-col-50 elementor-top-column elementor-element elementor-element-3c536dd3\" data-id=\"3c536dd3\" data-element_type=\"column\" data-e-type=\"column\">\n\t\t\t<div class=\"elementor-widget-wrap elementor-element-populated\">\n\t\t\t\t\t\t<div class=\"elementor-element elementor-element-235bfb2f elementor-widget elementor-widget-image\" data-id=\"235bfb2f\" data-element_type=\"widget\" data-e-type=\"widget\" data-widget_type=\"image.default\">\n\t\t\t\t<div class=\"elementor-widget-container\">\n\t\t\t\t\t\t\t\t\t\t\t\t\t\t\t<img fetchpriority=\"high\" decoding=\"async\" width=\"800\" height=\"499\" src=\"https:\/\/i0.wp.com\/riadtizwa.com\/wp-content\/uploads\/2022\/03\/Riad-Tizwa-Fes-carpet-slippers-MAIN.jpg?fit=800%2C499&amp;ssl=1\" class=\"attachment-large size-large wp-image-3418\" alt=\"Riad Tizwa Luxury Boutique Hotel in Fes | Traditional Moroccan Riad\" srcset=\"https:\/\/i0.wp.com\/riadtizwa.com\/wp-content\/uploads\/2022\/03\/Riad-Tizwa-Fes-carpet-slippers-MAIN.jpg?w=860&amp;ssl=1 860w, https:\/\/i0.wp.com\/riadtizwa.com\/wp-content\/uploads\/2022\/03\/Riad-Tizwa-Fes-carpet-slippers-MAIN.jpg?resize=300%2C187&amp;ssl=1 300w, https:\/\/i0.wp.com\/riadtizwa.com\/wp-content\/uploads\/2022\/03\/Riad-Tizwa-Fes-carpet-slippers-MAIN.jpg?resize=768%2C479&amp;ssl=1 768w\" sizes=\"(max-width: 800px) 100vw, 800px\" \/>\t\t\t\t\t\t\t\t\t\t\t\t\t\t\t<\/div>\n\t\t\t\t<\/div>\n\t\t\t\t<div class=\"elementor-element elementor-element-21f5f039 elementor-widget elementor-widget-heading\" data-id=\"21f5f039\" data-element_type=\"widget\" data-e-type=\"widget\" data-widget_type=\"heading.default\">\n\t\t\t\t<div class=\"elementor-widget-container\">\n\t\t\t\t\t<h3 class=\"elementor-heading-title elementor-size-default\">\u00c0 distance de marche de tout<\/h3>\t\t\t\t<\/div>\n\t\t\t\t<\/div>\n\t\t\t\t<div class=\"elementor-element elementor-element-5e686e47 elementor-widget elementor-widget-text-editor\" data-id=\"5e686e47\" data-element_type=\"widget\" data-e-type=\"widget\" data-widget_type=\"text-editor.default\">\n\t\t\t\t<div class=\"elementor-widget-container\">\n\t\t\t\t\t\t\t\t\t<p>L&#8217;emplacement \u00e0 F\u00e8s est tout! et la bonne nouvelle est que le Riad Tizwa Fes est id\u00e9alement situ\u00e9. Situ\u00e9e \u00e0 seulement 50 m\u00e8tres de l&#8217;acc\u00e8s en voiture (ce qui est rare), la maison est \u00e0 la fois facile \u00e0 trouver et simple d&#8217;acc\u00e8s, vous permettant de d\u00e9couvrir la magnifique vieille ville fortifi\u00e9e prot\u00e9g\u00e9e par l&#8217;UNESCO. La merveille des souks m\u00e9di\u00e9vaux vous attend. D\u00e9couvrez les artisans, l&#8217;histoire et la culture du c\u0153ur de la ville au Riad Tizwa Fes.<\/p>\t\t\t\t\t\t\t\t<\/div>\n\t\t\t\t<\/div>\n\t\t\t\t<div class=\"elementor-element elementor-element-1e61f48e elementor-mobile-align-justify elementor-widget elementor-widget-button\" data-id=\"1e61f48e\" data-element_type=\"widget\" data-e-type=\"widget\" data-widget_type=\"button.default\">\n\t\t\t\t<div class=\"elementor-widget-container\">\n\t\t\t\t\t\t\t\t\t<div class=\"elementor-button-wrapper\">\n\t\t\t\t\t<a class=\"elementor-button elementor-button-link elementor-size-md\" href=\"https:\/\/www.google.com\/maps\/place\/Riad+Tizwa+Fes\/@34.0591708,-4.9806092,18z\/data=!4m8!3m7!1s0x0:0xea6375f3be02ec9!5m2!4m1!1i2!8m2!3d34.0596063!4d-4.9801586\" target=\"_blank\">\n\t\t\t\t\t\t<span class=\"elementor-button-content-wrapper\">\n\t\t\t\t\t\t\t\t\t<span class=\"elementor-button-text\">Voir la carte<\/span>\n\t\t\t\t\t<\/span>\n\t\t\t\t\t<\/a>\n\t\t\t\t<\/div>\n\t\t\t\t\t\t\t\t<\/div>\n\t\t\t\t<\/div>\n\t\t\t\t\t<\/div>\n\t\t<\/div>\n\t\t\t\t<div class=\"elementor-column elementor-col-50 elementor-top-column elementor-element elementor-element-1d5570dd\" data-id=\"1d5570dd\" data-element_type=\"column\" data-e-type=\"column\">\n\t\t\t<div class=\"elementor-widget-wrap elementor-element-populated\">\n\t\t\t\t\t\t<div class=\"elementor-element elementor-element-4bd52408 elementor-widget elementor-widget-image\" data-id=\"4bd52408\" data-element_type=\"widget\" data-e-type=\"widget\" data-widget_type=\"image.default\">\n\t\t\t\t<div class=\"elementor-widget-container\">\n\t\t\t\t\t\t\t\t\t\t\t\t\t\t\t<img decoding=\"async\" width=\"800\" height=\"500\" src=\"https:\/\/i0.wp.com\/riadtizwa.com\/wp-content\/uploads\/2022\/01\/Riad-Tizwa-Fes-Room-1-1.jpg?fit=800%2C500&amp;ssl=1\" class=\"attachment-large size-large wp-image-2743\" alt=\"\" srcset=\"https:\/\/i0.wp.com\/riadtizwa.com\/wp-content\/uploads\/2022\/01\/Riad-Tizwa-Fes-Room-1-1.jpg?w=1008&amp;ssl=1 1008w, https:\/\/i0.wp.com\/riadtizwa.com\/wp-content\/uploads\/2022\/01\/Riad-Tizwa-Fes-Room-1-1.jpg?resize=300%2C188&amp;ssl=1 300w, https:\/\/i0.wp.com\/riadtizwa.com\/wp-content\/uploads\/2022\/01\/Riad-Tizwa-Fes-Room-1-1.jpg?resize=768%2C480&amp;ssl=1 768w\" sizes=\"(max-width: 800px) 100vw, 800px\" \/>\t\t\t\t\t\t\t\t\t\t\t\t\t\t\t<\/div>\n\t\t\t\t<\/div>\n\t\t\t\t<div class=\"elementor-element elementor-element-4cddd867 elementor-widget elementor-widget-heading\" data-id=\"4cddd867\" data-element_type=\"widget\" data-e-type=\"widget\" data-widget_type=\"heading.default\">\n\t\t\t\t<div class=\"elementor-widget-container\">\n\t\t\t\t\t<h3 class=\"elementor-heading-title elementor-size-default\">Pi\u00e8ces<\/h3>\t\t\t\t<\/div>\n\t\t\t\t<\/div>\n\t\t\t\t<div class=\"elementor-element elementor-element-46c13a0d elementor-widget elementor-widget-text-editor\" data-id=\"46c13a0d\" data-element_type=\"widget\" data-e-type=\"widget\" data-widget_type=\"text-editor.default\">\n\t\t\t\t<div class=\"elementor-widget-container\">\n\t\t\t\t\t\t\t\t\t<p>La maison comprend : 7 chambres doubles (en-suite, toutes climatis\u00e9es), une immense cour et une belle salle \u00e0 manger\/salon. Il poss\u00e8de une vaste terrasse sur le toit \u00e0 quatre c\u00f4t\u00e9s, id\u00e9ale pour les repas en plein air et les bains de soleil priv\u00e9s. Riad Tizwa allie le luxe d&#8217;un h\u00f4tel 5 \u00e9toiles, mais sans \u00eatre anonyme. L&#8217;h\u00f4tel est \u00e9l\u00e9gant et personnel, moderne mais traditionnel. La maison dispose d&#8217;une connexion Wi-Fi gratuite par fibre optique, d&#8217;un personnel 24h\/24 et d&#8217;un d\u00e9licieux petit-d\u00e9jeuner fait maison. Le riad est ouvert aux r\u00e9servations toute l&#8217;ann\u00e9e et peut accueillir jusqu&#8217;\u00e0 16 personnes.<\/p>\t\t\t\t\t\t\t\t<\/div>\n\t\t\t\t<\/div>\n\t\t\t\t<div class=\"elementor-element elementor-element-bbc6c37 elementor-widget elementor-widget-text-editor\" data-id=\"bbc6c37\" data-element_type=\"widget\" data-e-type=\"widget\" data-widget_type=\"text-editor.default\">\n\t\t\t\t<div class=\"elementor-widget-container\">\n\t\t\t\t\t\t\t\t\t<p><a href=\"https:\/\/riadtizwa.com\/grand-hotel-suite-fes\/\">Grande Suite<\/a><\/p><p><a href=\"https:\/\/riadtizwa.com\/large-hotel-room-3-suite-fes-bathroom-courtyard-view\/\">Suite<\/a><\/p><p><a href=\"https:\/\/riadtizwa.com\/room-6-suite-fes\/\">Grand double<\/a><\/p>\t\t\t\t\t\t\t\t<\/div>\n\t\t\t\t<\/div>\n\t\t\t\t<div class=\"elementor-element elementor-element-cfcb9c4 elementor-mobile-align-justify elementor-widget elementor-widget-button\" data-id=\"cfcb9c4\" data-element_type=\"widget\" data-e-type=\"widget\" data-widget_type=\"button.default\">\n\t\t\t\t<div class=\"elementor-widget-container\">\n\t\t\t\t\t\t\t\t\t<div class=\"elementor-button-wrapper\">\n\t\t\t\t\t<a class=\"elementor-button elementor-button-link elementor-size-md\" href=\"https:\/\/riadtizwa.com\/fes-hotel-rooms\/\">\n\t\t\t\t\t\t<span class=\"elementor-button-content-wrapper\">\n\t\t\t\t\t\t\t\t\t<span class=\"elementor-button-text\">D\u00e9couvrir toutes les chambres<\/span>\n\t\t\t\t\t<\/span>\n\t\t\t\t\t<\/a>\n\t\t\t\t<\/div>\n\t\t\t\t\t\t\t\t<\/div>\n\t\t\t\t<\/div>\n\t\t\t\t\t<\/div>\n\t\t<\/div>\n\t\t\t\t\t<\/div>\n\t\t<\/section>\n\t\t\t\t<section class=\"elementor-section elementor-top-section elementor-element elementor-element-f1a5168 elementor-section-boxed elementor-section-height-default elementor-section-height-default\" data-id=\"f1a5168\" data-element_type=\"section\" data-e-type=\"section\">\n\t\t\t\t\t\t<div class=\"elementor-container elementor-column-gap-default\">\n\t\t\t\t\t<div class=\"elementor-column elementor-col-100 elementor-top-column elementor-element elementor-element-26304d2c\" data-id=\"26304d2c\" data-element_type=\"column\" data-e-type=\"column\">\n\t\t\t<div class=\"elementor-widget-wrap elementor-element-populated\">\n\t\t\t\t\t\t<div class=\"elementor-element elementor-element-429b9ff0 elementor-widget elementor-widget-heading\" data-id=\"429b9ff0\" data-element_type=\"widget\" data-e-type=\"widget\" data-widget_type=\"heading.default\">\n\t\t\t\t<div class=\"elementor-widget-container\">\n\t\t\t\t\t<h2 class=\"elementor-heading-title elementor-size-default\">Autres emplacements<\/h2>\t\t\t\t<\/div>\n\t\t\t\t<\/div>\n\t\t\t\t\t<\/div>\n\t\t<\/div>\n\t\t\t\t\t<\/div>\n\t\t<\/section>\n\t\t\t\t<section class=\"elementor-section elementor-top-section elementor-element elementor-element-2524bc9 elementor-section-height-min-height elementor-section-boxed elementor-section-height-default elementor-section-items-middle\" data-id=\"2524bc9\" data-element_type=\"section\" data-e-type=\"section\" data-settings=\"{&quot;background_background&quot;:&quot;classic&quot;}\">\n\t\t\t\t\t\t<div class=\"elementor-container elementor-column-gap-default\">\n\t\t\t\t\t<div class=\"elementor-column elementor-col-100 elementor-top-column elementor-element elementor-element-6987f64f\" data-id=\"6987f64f\" data-element_type=\"column\" data-e-type=\"column\">\n\t\t\t<div class=\"elementor-widget-wrap\">\n\t\t\t\t\t\t\t<\/div>\n\t\t<\/div>\n\t\t\t\t\t<\/div>\n\t\t<\/section>\n\t\t\t\t<section class=\"elementor-section elementor-top-section elementor-element elementor-element-7760d094 elementor-section-boxed elementor-section-height-default elementor-section-height-default\" data-id=\"7760d094\" data-element_type=\"section\" data-e-type=\"section\">\n\t\t\t\t\t\t<div class=\"elementor-container elementor-column-gap-default\">\n\t\t\t\t\t<div class=\"elementor-column elementor-col-100 elementor-top-column elementor-element elementor-element-2c84af67\" data-id=\"2c84af67\" data-element_type=\"column\" data-e-type=\"column\">\n\t\t\t<div class=\"elementor-widget-wrap elementor-element-populated\">\n\t\t\t\t\t\t<div class=\"elementor-element elementor-element-1ff10f5d elementor-widget elementor-widget-text-editor\" data-id=\"1ff10f5d\" data-element_type=\"widget\" data-e-type=\"widget\" data-widget_type=\"text-editor.default\">\n\t\t\t\t<div class=\"elementor-widget-container\">\n\t\t\t\t\t\t\t\t\tRiad Tizwa Marrakech est une maison marocaine traditionnelle magnifiquement proportionn\u00e9e situ\u00e9e dans les murs de la M\u00e9dina (vieille ville) dans le quartier le plus \u00e9l\u00e9gant de la ville, Dar el Bacha.\t\t\t\t\t\t\t\t<\/div>\n\t\t\t\t<\/div>\n\t\t\t\t<div class=\"elementor-element elementor-element-5842423d elementor-align-center elementor-mobile-align-justify elementor-widget elementor-widget-button\" data-id=\"5842423d\" data-element_type=\"widget\" data-e-type=\"widget\" data-widget_type=\"button.default\">\n\t\t\t\t<div class=\"elementor-widget-container\">\n\t\t\t\t\t\t\t\t\t<div class=\"elementor-button-wrapper\">\n\t\t\t\t\t<a class=\"elementor-button elementor-button-link elementor-size-md\" href=\"https:\/\/riadtizwa.com\/riad-tizwa-marrakech\/\">\n\t\t\t\t\t\t<span class=\"elementor-button-content-wrapper\">\n\t\t\t\t\t\t\t\t\t<span class=\"elementor-button-text\">D\u00e9couvrir Marrakech<\/span>\n\t\t\t\t\t<\/span>\n\t\t\t\t\t<\/a>\n\t\t\t\t<\/div>\n\t\t\t\t\t\t\t\t<\/div>\n\t\t\t\t<\/div>\n\t\t\t\t\t<\/div>\n\t\t<\/div>\n\t\t\t\t\t<\/div>\n\t\t<\/section>\n\t\t\t\t<\/div>\n\t\t","protected":false},"excerpt":{"rendered":"<p>Id\u00e9alement situ\u00e9, dans le meilleur quartier de la vieille ville Riad Tizwa Fes est un riad marocain traditionnel magnifiquement proportionn\u00e9 situ\u00e9 dans l&#8217;enceinte de la M\u00e9dina (vieille ville). L&#8217;h\u00f4tel est un sanctuaire \u00e9l\u00e9gant et calme situ\u00e9 dans ce qui est tout simplement le meilleur emplacement de la m\u00e9dina de F\u00e8s, Batha. Refinery29 Carnets de voyage [&hellip;]<\/p>\n","protected":false},"author":1,"featured_media":3618,"parent":0,"menu_order":0,"comment_status":"closed","ping_status":"closed","template":"","meta":{"nf_dc_page":"","content-type":"","_monsterinsights_skip_tracking":false,"_monsterinsights_sitenote_active":false,"_monsterinsights_sitenote_note":"","_monsterinsights_sitenote_category":0,"footnotes":""},"folder":[],"class_list":["post-3680","page","type-page","status-publish","has-post-thumbnail","hentry"],"yoast_head":"<!-- This site is optimized with the Yoast SEO plugin v27.4 - https:\/\/yoast.com\/product\/yoast-seo-wordpress\/ -->\n<title>Riad Tizwa Boutique H\u00f4tel de Luxe \u00e0 F\u00e8s | Riad marocain traditionnel<\/title>\n<meta name=\"description\" content=\"Bienvenue au Riad Tizwa Boutique Bed &amp; Breakfast Hotel \u00e0 F\u00e8s, au Maroc. S\u00e9journez dans un riad traditionnel de luxe restaur\u00e9 avec amour.\" \/>\n<meta name=\"robots\" content=\"index, follow, max-snippet:-1, max-image-preview:large, max-video-preview:-1\" \/>\n<link rel=\"canonical\" href=\"https:\/\/riadtizwa.com\/fr\/riad-tizwa-fes\/\" \/>\n<meta property=\"og:locale\" content=\"fr_FR\" \/>\n<meta property=\"og:type\" content=\"article\" \/>\n<meta property=\"og:title\" content=\"Riad Tizwa Boutique H\u00f4tel de Luxe \u00e0 F\u00e8s | Riad marocain traditionnel\" \/>\n<meta property=\"og:description\" content=\"Bienvenue au Riad Tizwa Boutique Bed &amp; Breakfast Hotel \u00e0 F\u00e8s, au Maroc. S\u00e9journez dans un riad traditionnel de luxe restaur\u00e9 avec amour.\" \/>\n<meta property=\"og:url\" content=\"https:\/\/riadtizwa.com\/fr\/riad-tizwa-fes\/\" \/>\n<meta property=\"og:site_name\" content=\"Riad Tizwa\" \/>\n<meta property=\"article:modified_time\" content=\"2022-04-18T10:22:24+00:00\" \/>\n<meta property=\"og:image\" content=\"https:\/\/riadtizwa.com\/wp-content\/uploads\/2022\/03\/Riad-Tizwa-fes-roof-sunbed-MAIN4-1.jpg\" \/>\n\t<meta property=\"og:image:width\" content=\"672\" \/>\n\t<meta property=\"og:image:height\" content=\"890\" \/>\n\t<meta property=\"og:image:type\" content=\"image\/jpeg\" \/>\n<meta name=\"twitter:card\" content=\"summary_large_image\" \/>\n<meta name=\"twitter:label1\" content=\"Dur\u00e9e de lecture estim\u00e9e\" \/>\n\t<meta name=\"twitter:data1\" content=\"2 minutes\" \/>\n<!-- \/ Yoast SEO plugin. -->","yoast_head_json":{"title":"Riad Tizwa Boutique H\u00f4tel de Luxe \u00e0 F\u00e8s | Riad marocain traditionnel","description":"Bienvenue au Riad Tizwa Boutique Bed & Breakfast Hotel \u00e0 F\u00e8s, au Maroc. S\u00e9journez dans un riad traditionnel de luxe restaur\u00e9 avec amour.","robots":{"index":"index","follow":"follow","max-snippet":"max-snippet:-1","max-image-preview":"max-image-preview:large","max-video-preview":"max-video-preview:-1"},"canonical":"https:\/\/riadtizwa.com\/fr\/riad-tizwa-fes\/","og_locale":"fr_FR","og_type":"article","og_title":"Riad Tizwa Boutique H\u00f4tel de Luxe \u00e0 F\u00e8s | Riad marocain traditionnel","og_description":"Bienvenue au Riad Tizwa Boutique Bed & Breakfast Hotel \u00e0 F\u00e8s, au Maroc. S\u00e9journez dans un riad traditionnel de luxe restaur\u00e9 avec amour.","og_url":"https:\/\/riadtizwa.com\/fr\/riad-tizwa-fes\/","og_site_name":"Riad Tizwa","article_modified_time":"2022-04-18T10:22:24+00:00","og_image":[{"width":672,"height":890,"url":"https:\/\/riadtizwa.com\/wp-content\/uploads\/2022\/03\/Riad-Tizwa-fes-roof-sunbed-MAIN4-1.jpg","type":"image\/jpeg"}],"twitter_card":"summary_large_image","twitter_misc":{"Dur\u00e9e de lecture estim\u00e9e":"2 minutes"},"schema":{"@context":"https:\/\/schema.org","@graph":[{"@type":"WebPage","@id":"https:\/\/riadtizwa.com\/fr\/riad-tizwa-fes\/","url":"https:\/\/riadtizwa.com\/fr\/riad-tizwa-fes\/","name":"Riad Tizwa Boutique H\u00f4tel de Luxe \u00e0 F\u00e8s | Riad marocain traditionnel","isPartOf":{"@id":"https:\/\/riadtizwa.com\/fr\/#website"},"primaryImageOfPage":{"@id":"https:\/\/riadtizwa.com\/fr\/riad-tizwa-fes\/#primaryimage"},"image":{"@id":"https:\/\/riadtizwa.com\/fr\/riad-tizwa-fes\/#primaryimage"},"thumbnailUrl":"https:\/\/i0.wp.com\/riadtizwa.com\/wp-content\/uploads\/2022\/03\/Riad-Tizwa-fes-roof-sunbed-MAIN4-1.jpg?fit=672%2C890&ssl=1","datePublished":"2022-01-24T21:25:06+00:00","dateModified":"2022-04-18T10:22:24+00:00","description":"Bienvenue au Riad Tizwa Boutique Bed & Breakfast Hotel \u00e0 F\u00e8s, au Maroc. S\u00e9journez dans un riad traditionnel de luxe restaur\u00e9 avec amour.","breadcrumb":{"@id":"https:\/\/riadtizwa.com\/fr\/riad-tizwa-fes\/#breadcrumb"},"inLanguage":"fr-FR","potentialAction":[{"@type":"ReadAction","target":["https:\/\/riadtizwa.com\/fr\/riad-tizwa-fes\/"]}]},{"@type":"ImageObject","inLanguage":"fr-FR","@id":"https:\/\/riadtizwa.com\/fr\/riad-tizwa-fes\/#primaryimage","url":"https:\/\/i0.wp.com\/riadtizwa.com\/wp-content\/uploads\/2022\/03\/Riad-Tizwa-fes-roof-sunbed-MAIN4-1.jpg?fit=672%2C890&ssl=1","contentUrl":"https:\/\/i0.wp.com\/riadtizwa.com\/wp-content\/uploads\/2022\/03\/Riad-Tizwa-fes-roof-sunbed-MAIN4-1.jpg?fit=672%2C890&ssl=1","width":672,"height":890,"caption":"Riad Tizwa Luxury Boutique Hotel in Fes | Traditional Moroccan Riad"},{"@type":"BreadcrumbList","@id":"https:\/\/riadtizwa.com\/fr\/riad-tizwa-fes\/#breadcrumb","itemListElement":[{"@type":"ListItem","position":1,"name":"Home","item":"https:\/\/riadtizwa.com\/fr\/"},{"@type":"ListItem","position":2,"name":"Riad Tizwa F\u00e8s"}]},{"@type":"WebSite","@id":"https:\/\/riadtizwa.com\/fr\/#website","url":"https:\/\/riadtizwa.com\/fr\/","name":"Riad Tizwa","description":"","publisher":{"@id":"https:\/\/riadtizwa.com\/fr\/#organization"},"potentialAction":[{"@type":"SearchAction","target":{"@type":"EntryPoint","urlTemplate":"https:\/\/riadtizwa.com\/fr\/?s={search_term_string}"},"query-input":{"@type":"PropertyValueSpecification","valueRequired":true,"valueName":"search_term_string"}}],"inLanguage":"fr-FR"},{"@type":"Organization","@id":"https:\/\/riadtizwa.com\/fr\/#organization","name":"Riad Tizwa","url":"https:\/\/riadtizwa.com\/fr\/","logo":{"@type":"ImageObject","inLanguage":"fr-FR","@id":"https:\/\/riadtizwa.com\/fr\/#\/schema\/logo\/image\/","url":"https:\/\/riadtizwa.com\/wp-content\/uploads\/2021\/12\/Tizwa-logo.svg","contentUrl":"https:\/\/riadtizwa.com\/wp-content\/uploads\/2021\/12\/Tizwa-logo.svg","width":91,"height":68,"caption":"Riad Tizwa"},"image":{"@id":"https:\/\/riadtizwa.com\/fr\/#\/schema\/logo\/image\/"}}]}},"jetpack_sharing_enabled":true,"_links":{"self":[{"href":"https:\/\/riadtizwa.com\/fr\/wp-json\/wp\/v2\/pages\/3680","targetHints":{"allow":["GET"]}}],"collection":[{"href":"https:\/\/riadtizwa.com\/fr\/wp-json\/wp\/v2\/pages"}],"about":[{"href":"https:\/\/riadtizwa.com\/fr\/wp-json\/wp\/v2\/types\/page"}],"author":[{"embeddable":true,"href":"https:\/\/riadtizwa.com\/fr\/wp-json\/wp\/v2\/users\/1"}],"replies":[{"embeddable":true,"href":"https:\/\/riadtizwa.com\/fr\/wp-json\/wp\/v2\/comments?post=3680"}],"version-history":[{"count":2,"href":"https:\/\/riadtizwa.com\/fr\/wp-json\/wp\/v2\/pages\/3680\/revisions"}],"predecessor-version":[{"id":3708,"href":"https:\/\/riadtizwa.com\/fr\/wp-json\/wp\/v2\/pages\/3680\/revisions\/3708"}],"wp:featuredmedia":[{"embeddable":true,"href":"https:\/\/riadtizwa.com\/fr\/wp-json\/wp\/v2\/media\/3618"}],"wp:attachment":[{"href":"https:\/\/riadtizwa.com\/fr\/wp-json\/wp\/v2\/media?parent=3680"}],"wp:term":[{"taxonomy":"folder","embeddable":true,"href":"https:\/\/riadtizwa.com\/fr\/wp-json\/wp\/v2\/folder?post=3680"}],"curies":[{"name":"wp","href":"https:\/\/api.w.org\/{rel}","templated":true}]}}