{"id":3679,"date":"2022-01-24T21:25:06","date_gmt":"2022-01-24T21:25:06","guid":{"rendered":"https:\/\/riadtizwa.com\/riad-tizwa-fez\/"},"modified":"2022-04-18T10:22:25","modified_gmt":"2022-04-18T10:22:25","slug":"riad-tizwa-fez","status":"publish","type":"page","link":"https:\/\/riadtizwa.com\/es\/riad-tizwa-fez\/","title":{"rendered":"Riad Tizwa Fez"},"content":{"rendered":"\t\t<div data-elementor-type=\"wp-page\" data-elementor-id=\"3679\" class=\"elementor elementor-3679 elementor-272\" data-elementor-post-type=\"page\">\n\t\t\t\t\t\t<section class=\"elementor-section elementor-top-section elementor-element elementor-element-5867ebb6 elementor-section-content-middle elementor-section-height-min-height elementor-section-boxed elementor-section-height-default elementor-section-items-middle\" data-id=\"5867ebb6\" data-element_type=\"section\" data-e-type=\"section\" data-settings=\"{&quot;background_background&quot;:&quot;classic&quot;}\">\n\t\t\t\t\t\t<div class=\"elementor-container elementor-column-gap-no\">\n\t\t\t\t\t<div class=\"elementor-column elementor-col-100 elementor-top-column elementor-element elementor-element-10b342be\" data-id=\"10b342be\" data-element_type=\"column\" data-e-type=\"column\">\n\t\t\t<div class=\"elementor-widget-wrap\">\n\t\t\t\t\t\t\t<\/div>\n\t\t<\/div>\n\t\t\t\t\t<\/div>\n\t\t<\/section>\n\t\t\t\t<section class=\"elementor-section elementor-top-section elementor-element elementor-element-77eea86d elementor-section-boxed elementor-section-height-default elementor-section-height-default\" data-id=\"77eea86d\" data-element_type=\"section\" data-e-type=\"section\">\n\t\t\t\t\t\t<div class=\"elementor-container elementor-column-gap-default\">\n\t\t\t\t\t<div class=\"elementor-column elementor-col-100 elementor-top-column elementor-element elementor-element-2eac3c60\" data-id=\"2eac3c60\" data-element_type=\"column\" data-e-type=\"column\">\n\t\t\t<div class=\"elementor-widget-wrap elementor-element-populated\">\n\t\t\t\t\t\t<div class=\"elementor-element elementor-element-69dc3fb elementor-widget elementor-widget-heading\" data-id=\"69dc3fb\" data-element_type=\"widget\" data-e-type=\"widget\" data-widget_type=\"heading.default\">\n\t\t\t\t<div class=\"elementor-widget-container\">\n\t\t\t\t\t<h2 class=\"elementor-heading-title elementor-size-default\">Perfectamente ubicado, en la mejor zona del casco antiguo<\/h2>\t\t\t\t<\/div>\n\t\t\t\t<\/div>\n\t\t\t\t<div class=\"elementor-element elementor-element-2e9cff8c elementor-widget elementor-widget-text-editor\" data-id=\"2e9cff8c\" data-element_type=\"widget\" data-e-type=\"widget\" data-widget_type=\"text-editor.default\">\n\t\t\t\t<div class=\"elementor-widget-container\">\n\t\t\t\t\t\t\t\t\tRiad Tizwa Fes es un riad tradicional marroqu\u00ed bellamente proporcionado ubicado dentro de las murallas de la Medina (casco antiguo). El hotel es un santuario elegante y tranquilo situado en la mejor ubicaci\u00f3n de la medina de Fes, Batha.\t\t\t\t\t\t\t\t<\/div>\n\t\t\t\t<\/div>\n\t\t\t\t\t<\/div>\n\t\t<\/div>\n\t\t\t\t\t<\/div>\n\t\t<\/section>\n\t\t\t\t<section class=\"elementor-section elementor-top-section elementor-element elementor-element-a8111b7 elementor-section-boxed elementor-section-height-default elementor-section-height-default\" data-id=\"a8111b7\" data-element_type=\"section\" data-e-type=\"section\">\n\t\t\t\t\t\t<div class=\"elementor-container elementor-column-gap-default\">\n\t\t\t\t\t<div class=\"elementor-column elementor-col-100 elementor-top-column elementor-element elementor-element-d2f83a3\" data-id=\"d2f83a3\" data-element_type=\"column\" data-e-type=\"column\">\n\t\t\t<div class=\"elementor-widget-wrap elementor-element-populated\">\n\t\t\t\t\t\t<div class=\"elementor-element elementor-element-c21d6ce elementor-widget elementor-widget-text-editor\" data-id=\"c21d6ce\" data-element_type=\"widget\" data-e-type=\"widget\" data-widget_type=\"text-editor.default\">\n\t\t\t\t<div class=\"elementor-widget-container\">\n\t\t\t\t\t\t\t\t\t<a href=\"https:\/\/www.theguardian.com\/travel\/2014\/oct\/13\/top-10-riads-marrakech-morocco\" target=\"_blank\" rel=\"noopener\"> Refinery29 Travel Diaries revisi\u00f3n de Riad Tizwa <\/a>\t\t\t\t\t\t\t\t<\/div>\n\t\t\t\t<\/div>\n\t\t\t\t\t<\/div>\n\t\t<\/div>\n\t\t\t\t\t<\/div>\n\t\t<\/section>\n\t\t\t\t<section class=\"elementor-section elementor-top-section elementor-element elementor-element-45e4abc1 elementor-section-boxed elementor-section-height-default elementor-section-height-default\" data-id=\"45e4abc1\" data-element_type=\"section\" data-e-type=\"section\">\n\t\t\t\t\t\t<div class=\"elementor-container elementor-column-gap-no\">\n\t\t\t\t\t<div class=\"elementor-column elementor-col-100 elementor-top-column elementor-element elementor-element-1180310 elementor-hidden-desktop elementor-hidden-tablet elementor-hidden-mobile\" data-id=\"1180310\" data-element_type=\"column\" data-e-type=\"column\">\n\t\t\t<div class=\"elementor-widget-wrap\">\n\t\t\t\t\t\t\t<\/div>\n\t\t<\/div>\n\t\t\t\t\t<\/div>\n\t\t<\/section>\n\t\t\t\t<section class=\"elementor-section elementor-top-section elementor-element elementor-element-307af61e elementor-section-height-min-height elementor-section-boxed elementor-section-height-default elementor-section-items-middle\" data-id=\"307af61e\" data-element_type=\"section\" data-e-type=\"section\" data-settings=\"{&quot;background_background&quot;:&quot;classic&quot;}\">\n\t\t\t\t\t\t<div class=\"elementor-container elementor-column-gap-default\">\n\t\t\t\t\t<div class=\"elementor-column elementor-col-100 elementor-top-column elementor-element elementor-element-4ad3422b\" data-id=\"4ad3422b\" data-element_type=\"column\" data-e-type=\"column\">\n\t\t\t<div class=\"elementor-widget-wrap\">\n\t\t\t\t\t\t\t<\/div>\n\t\t<\/div>\n\t\t\t\t\t<\/div>\n\t\t<\/section>\n\t\t\t\t<section class=\"elementor-section elementor-top-section elementor-element elementor-element-7963913c elementor-section-boxed elementor-section-height-default elementor-section-height-default\" data-id=\"7963913c\" data-element_type=\"section\" data-e-type=\"section\">\n\t\t\t\t\t\t<div class=\"elementor-container elementor-column-gap-default\">\n\t\t\t\t\t<div class=\"elementor-column elementor-col-100 elementor-top-column elementor-element elementor-element-941ee06\" data-id=\"941ee06\" data-element_type=\"column\" data-e-type=\"column\">\n\t\t\t<div class=\"elementor-widget-wrap elementor-element-populated\">\n\t\t\t\t\t\t<div class=\"elementor-element elementor-element-3b3d7496 elementor-widget elementor-widget-text-editor\" data-id=\"3b3d7496\" data-element_type=\"widget\" data-e-type=\"widget\" data-widget_type=\"text-editor.default\">\n\t\t\t\t<div class=\"elementor-widget-container\">\n\t\t\t\t\t\t\t\t\t<p>Esta casa tradicional restaurada con amor ha sido restaurada al m\u00e1s alto nivel, asegurando que el estilo marroqu\u00ed y faisiano prevalezcan dentro de las atenciones de la comodidad contempor\u00e1nea. El riad cuenta con personal marroqu\u00ed que habla ingl\u00e9s y franc\u00e9s y es perfecto para el viajero exigente que quiere experimentar la genuina cultura marroqu\u00ed sin comprometer la comodidad en sus vacaciones de lujo. Las habitaciones se benefician de la grandeza de la vida de Faisian. Riad Tizwa Fes es la combinaci\u00f3n perfecta de elegancia, estilo y comodidad.<\/p>\t\t\t\t\t\t\t\t<\/div>\n\t\t\t\t<\/div>\n\t\t\t\t\t<\/div>\n\t\t<\/div>\n\t\t\t\t\t<\/div>\n\t\t<\/section>\n\t\t\t\t<section class=\"elementor-section elementor-top-section elementor-element elementor-element-7d691b4f elementor-section-full_width elementor-section-height-default elementor-section-height-default\" data-id=\"7d691b4f\" data-element_type=\"section\" data-e-type=\"section\">\n\t\t\t\t\t\t<div class=\"elementor-container elementor-column-gap-custom\">\n\t\t\t\t\t<div class=\"elementor-column elementor-col-50 elementor-top-column elementor-element elementor-element-3c536dd3\" data-id=\"3c536dd3\" data-element_type=\"column\" data-e-type=\"column\">\n\t\t\t<div class=\"elementor-widget-wrap elementor-element-populated\">\n\t\t\t\t\t\t<div class=\"elementor-element elementor-element-235bfb2f elementor-widget elementor-widget-image\" data-id=\"235bfb2f\" data-element_type=\"widget\" data-e-type=\"widget\" data-widget_type=\"image.default\">\n\t\t\t\t<div class=\"elementor-widget-container\">\n\t\t\t\t\t\t\t\t\t\t\t\t\t\t\t<img fetchpriority=\"high\" decoding=\"async\" width=\"800\" height=\"499\" src=\"https:\/\/i0.wp.com\/riadtizwa.com\/wp-content\/uploads\/2022\/03\/Riad-Tizwa-Fes-carpet-slippers-MAIN.jpg?fit=800%2C499&amp;ssl=1\" class=\"attachment-large size-large wp-image-3421\" alt=\"Riad Tizwa Luxury Boutique Hotel in Fes | Traditional Moroccan Riad\" srcset=\"https:\/\/i0.wp.com\/riadtizwa.com\/wp-content\/uploads\/2022\/03\/Riad-Tizwa-Fes-carpet-slippers-MAIN.jpg?w=860&amp;ssl=1 860w, https:\/\/i0.wp.com\/riadtizwa.com\/wp-content\/uploads\/2022\/03\/Riad-Tizwa-Fes-carpet-slippers-MAIN.jpg?resize=300%2C187&amp;ssl=1 300w, https:\/\/i0.wp.com\/riadtizwa.com\/wp-content\/uploads\/2022\/03\/Riad-Tizwa-Fes-carpet-slippers-MAIN.jpg?resize=768%2C479&amp;ssl=1 768w\" sizes=\"(max-width: 800px) 100vw, 800px\" \/>\t\t\t\t\t\t\t\t\t\t\t\t\t\t\t<\/div>\n\t\t\t\t<\/div>\n\t\t\t\t<div class=\"elementor-element elementor-element-21f5f039 elementor-widget elementor-widget-heading\" data-id=\"21f5f039\" data-element_type=\"widget\" data-e-type=\"widget\" data-widget_type=\"heading.default\">\n\t\t\t\t<div class=\"elementor-widget-container\">\n\t\t\t\t\t<h3 class=\"elementor-heading-title elementor-size-default\">A poca distancia a pie de todo<\/h3>\t\t\t\t<\/div>\n\t\t\t\t<\/div>\n\t\t\t\t<div class=\"elementor-element elementor-element-5e686e47 elementor-widget elementor-widget-text-editor\" data-id=\"5e686e47\" data-element_type=\"widget\" data-e-type=\"widget\" data-widget_type=\"text-editor.default\">\n\t\t\t\t<div class=\"elementor-widget-container\">\n\t\t\t\t\t\t\t\t\t<p>\u00a1La ubicaci\u00f3n en Fez lo es todo! y la buena noticia es que Riad Tizwa Fes est\u00e1 en esa ubicaci\u00f3n perfecta. Situada a solo 50 metros del acceso para autom\u00f3viles (lo cual es raro), la casa es f\u00e1cil de encontrar y f\u00e1cil de llegar, lo que le permite descubrir el hermoso casco antiguo amurallado protegido por la UNESCO como patrimonio de la humanidad. La maravilla de los zocos medievales te espera. Vea artesanos, historia y cultura desde el coraz\u00f3n de la ciudad en Riad Tizwa Fes.<\/p>\t\t\t\t\t\t\t\t<\/div>\n\t\t\t\t<\/div>\n\t\t\t\t<div class=\"elementor-element elementor-element-1e61f48e elementor-mobile-align-justify elementor-widget elementor-widget-button\" data-id=\"1e61f48e\" data-element_type=\"widget\" data-e-type=\"widget\" data-widget_type=\"button.default\">\n\t\t\t\t<div class=\"elementor-widget-container\">\n\t\t\t\t\t\t\t\t\t<div class=\"elementor-button-wrapper\">\n\t\t\t\t\t<a class=\"elementor-button elementor-button-link elementor-size-md\" href=\"https:\/\/www.google.com\/maps\/place\/Riad+Tizwa+Fes\/@34.0591708,-4.9806092,18z\/data=!4m8!3m7!1s0x0:0xea6375f3be02ec9!5m2!4m1!1i2!8m2!3d34.0596063!4d-4.9801586\" target=\"_blank\">\n\t\t\t\t\t\t<span class=\"elementor-button-content-wrapper\">\n\t\t\t\t\t\t\t\t\t<span class=\"elementor-button-text\">ver mapa<\/span>\n\t\t\t\t\t<\/span>\n\t\t\t\t\t<\/a>\n\t\t\t\t<\/div>\n\t\t\t\t\t\t\t\t<\/div>\n\t\t\t\t<\/div>\n\t\t\t\t\t<\/div>\n\t\t<\/div>\n\t\t\t\t<div class=\"elementor-column elementor-col-50 elementor-top-column elementor-element elementor-element-1d5570dd\" data-id=\"1d5570dd\" data-element_type=\"column\" data-e-type=\"column\">\n\t\t\t<div class=\"elementor-widget-wrap elementor-element-populated\">\n\t\t\t\t\t\t<div class=\"elementor-element elementor-element-4bd52408 elementor-widget elementor-widget-image\" data-id=\"4bd52408\" data-element_type=\"widget\" data-e-type=\"widget\" data-widget_type=\"image.default\">\n\t\t\t\t<div class=\"elementor-widget-container\">\n\t\t\t\t\t\t\t\t\t\t\t\t\t\t\t<img decoding=\"async\" width=\"800\" height=\"500\" src=\"https:\/\/i0.wp.com\/riadtizwa.com\/wp-content\/uploads\/2022\/01\/Riad-Tizwa-Fes-Room-1-1.jpg?fit=800%2C500&amp;ssl=1\" class=\"attachment-large size-large wp-image-2746\" alt=\"\" srcset=\"https:\/\/i0.wp.com\/riadtizwa.com\/wp-content\/uploads\/2022\/01\/Riad-Tizwa-Fes-Room-1-1.jpg?w=1008&amp;ssl=1 1008w, https:\/\/i0.wp.com\/riadtizwa.com\/wp-content\/uploads\/2022\/01\/Riad-Tizwa-Fes-Room-1-1.jpg?resize=300%2C188&amp;ssl=1 300w, https:\/\/i0.wp.com\/riadtizwa.com\/wp-content\/uploads\/2022\/01\/Riad-Tizwa-Fes-Room-1-1.jpg?resize=768%2C480&amp;ssl=1 768w\" sizes=\"(max-width: 800px) 100vw, 800px\" \/>\t\t\t\t\t\t\t\t\t\t\t\t\t\t\t<\/div>\n\t\t\t\t<\/div>\n\t\t\t\t<div class=\"elementor-element elementor-element-4cddd867 elementor-widget elementor-widget-heading\" data-id=\"4cddd867\" data-element_type=\"widget\" data-e-type=\"widget\" data-widget_type=\"heading.default\">\n\t\t\t\t<div class=\"elementor-widget-container\">\n\t\t\t\t\t<h3 class=\"elementor-heading-title elementor-size-default\">Habitaciones<\/h3>\t\t\t\t<\/div>\n\t\t\t\t<\/div>\n\t\t\t\t<div class=\"elementor-element elementor-element-46c13a0d elementor-widget elementor-widget-text-editor\" data-id=\"46c13a0d\" data-element_type=\"widget\" data-e-type=\"widget\" data-widget_type=\"text-editor.default\">\n\t\t\t\t<div class=\"elementor-widget-container\">\n\t\t\t\t\t\t\t\t\t<p>La casa consta de: 7 habitaciones dobles (en suite, todas con aire acondicionado), un gran patio y un hermoso comedor\/sal\u00f3n. Tiene una gran terraza en la azotea de cuatro lados que es ideal para cenar al aire libre y tomar el sol en privado. Riad Tizwa combina el lujo de un hotel de 5 estrellas, pero sin ser an\u00f3nimo. El hotel es elegante y personal, moderno pero tradicional. La casa dispone de WiFi de fibra \u00f3ptica gratis, personal las 24h y un delicioso desayuno casero disponible. El riad est\u00e1 abierto para reservas durante todo el a\u00f1o y puede alojar hasta 16 personas.<\/p>\t\t\t\t\t\t\t\t<\/div>\n\t\t\t\t<\/div>\n\t\t\t\t<div class=\"elementor-element elementor-element-bbc6c37 elementor-widget elementor-widget-text-editor\" data-id=\"bbc6c37\" data-element_type=\"widget\" data-e-type=\"widget\" data-widget_type=\"text-editor.default\">\n\t\t\t\t<div class=\"elementor-widget-container\">\n\t\t\t\t\t\t\t\t\t<p><a href=\"https:\/\/riadtizwa.com\/grand-hotel-suite-fes\/\">Gran suite<\/a><\/p><p><a href=\"https:\/\/riadtizwa.com\/large-hotel-room-3-suite-fes-bathroom-courtyard-view\/\">Suite<\/a><\/p><p><a href=\"https:\/\/riadtizwa.com\/room-6-suite-fes\/\">Doble grande<\/a><\/p>\t\t\t\t\t\t\t\t<\/div>\n\t\t\t\t<\/div>\n\t\t\t\t<div class=\"elementor-element elementor-element-cfcb9c4 elementor-mobile-align-justify elementor-widget elementor-widget-button\" data-id=\"cfcb9c4\" data-element_type=\"widget\" data-e-type=\"widget\" data-widget_type=\"button.default\">\n\t\t\t\t<div class=\"elementor-widget-container\">\n\t\t\t\t\t\t\t\t\t<div class=\"elementor-button-wrapper\">\n\t\t\t\t\t<a class=\"elementor-button elementor-button-link elementor-size-md\" href=\"https:\/\/riadtizwa.com\/fes-hotel-rooms\/\">\n\t\t\t\t\t\t<span class=\"elementor-button-content-wrapper\">\n\t\t\t\t\t\t\t\t\t<span class=\"elementor-button-text\">Descubre todas las habitaciones<\/span>\n\t\t\t\t\t<\/span>\n\t\t\t\t\t<\/a>\n\t\t\t\t<\/div>\n\t\t\t\t\t\t\t\t<\/div>\n\t\t\t\t<\/div>\n\t\t\t\t\t<\/div>\n\t\t<\/div>\n\t\t\t\t\t<\/div>\n\t\t<\/section>\n\t\t\t\t<section class=\"elementor-section elementor-top-section elementor-element elementor-element-f1a5168 elementor-section-boxed elementor-section-height-default elementor-section-height-default\" data-id=\"f1a5168\" data-element_type=\"section\" data-e-type=\"section\">\n\t\t\t\t\t\t<div class=\"elementor-container elementor-column-gap-default\">\n\t\t\t\t\t<div class=\"elementor-column elementor-col-100 elementor-top-column elementor-element elementor-element-26304d2c\" data-id=\"26304d2c\" data-element_type=\"column\" data-e-type=\"column\">\n\t\t\t<div class=\"elementor-widget-wrap elementor-element-populated\">\n\t\t\t\t\t\t<div class=\"elementor-element elementor-element-429b9ff0 elementor-widget elementor-widget-heading\" data-id=\"429b9ff0\" data-element_type=\"widget\" data-e-type=\"widget\" data-widget_type=\"heading.default\">\n\t\t\t\t<div class=\"elementor-widget-container\">\n\t\t\t\t\t<h2 class=\"elementor-heading-title elementor-size-default\">Otras ubicaciones<\/h2>\t\t\t\t<\/div>\n\t\t\t\t<\/div>\n\t\t\t\t\t<\/div>\n\t\t<\/div>\n\t\t\t\t\t<\/div>\n\t\t<\/section>\n\t\t\t\t<section class=\"elementor-section elementor-top-section elementor-element elementor-element-2524bc9 elementor-section-height-min-height elementor-section-boxed elementor-section-height-default elementor-section-items-middle\" data-id=\"2524bc9\" data-element_type=\"section\" data-e-type=\"section\" data-settings=\"{&quot;background_background&quot;:&quot;classic&quot;}\">\n\t\t\t\t\t\t<div class=\"elementor-container elementor-column-gap-default\">\n\t\t\t\t\t<div class=\"elementor-column elementor-col-100 elementor-top-column elementor-element elementor-element-6987f64f\" data-id=\"6987f64f\" data-element_type=\"column\" data-e-type=\"column\">\n\t\t\t<div class=\"elementor-widget-wrap\">\n\t\t\t\t\t\t\t<\/div>\n\t\t<\/div>\n\t\t\t\t\t<\/div>\n\t\t<\/section>\n\t\t\t\t<section class=\"elementor-section elementor-top-section elementor-element elementor-element-7760d094 elementor-section-boxed elementor-section-height-default elementor-section-height-default\" data-id=\"7760d094\" data-element_type=\"section\" data-e-type=\"section\">\n\t\t\t\t\t\t<div class=\"elementor-container elementor-column-gap-default\">\n\t\t\t\t\t<div class=\"elementor-column elementor-col-100 elementor-top-column elementor-element elementor-element-2c84af67\" data-id=\"2c84af67\" data-element_type=\"column\" data-e-type=\"column\">\n\t\t\t<div class=\"elementor-widget-wrap elementor-element-populated\">\n\t\t\t\t\t\t<div class=\"elementor-element elementor-element-1ff10f5d elementor-widget elementor-widget-text-editor\" data-id=\"1ff10f5d\" data-element_type=\"widget\" data-e-type=\"widget\" data-widget_type=\"text-editor.default\">\n\t\t\t\t<div class=\"elementor-widget-container\">\n\t\t\t\t\t\t\t\t\tRiad Tizwa Marrakech es una casa tradicional marroqu\u00ed bellamente proporcionada ubicada dentro de las murallas de la Medina (casco antiguo) en la zona m\u00e1s elegante de la ciudad, Dar el Bacha.\t\t\t\t\t\t\t\t<\/div>\n\t\t\t\t<\/div>\n\t\t\t\t<div class=\"elementor-element elementor-element-5842423d elementor-align-center elementor-mobile-align-justify elementor-widget elementor-widget-button\" data-id=\"5842423d\" data-element_type=\"widget\" data-e-type=\"widget\" data-widget_type=\"button.default\">\n\t\t\t\t<div class=\"elementor-widget-container\">\n\t\t\t\t\t\t\t\t\t<div class=\"elementor-button-wrapper\">\n\t\t\t\t\t<a class=\"elementor-button elementor-button-link elementor-size-md\" href=\"https:\/\/riadtizwa.com\/riad-tizwa-marrakech\/\">\n\t\t\t\t\t\t<span class=\"elementor-button-content-wrapper\">\n\t\t\t\t\t\t\t\t\t<span class=\"elementor-button-text\">Descubre Marrakech<\/span>\n\t\t\t\t\t<\/span>\n\t\t\t\t\t<\/a>\n\t\t\t\t<\/div>\n\t\t\t\t\t\t\t\t<\/div>\n\t\t\t\t<\/div>\n\t\t\t\t\t<\/div>\n\t\t<\/div>\n\t\t\t\t\t<\/div>\n\t\t<\/section>\n\t\t\t\t<\/div>\n\t\t","protected":false},"excerpt":{"rendered":"<p>Perfectamente ubicado, en la mejor zona del casco antiguo Riad Tizwa Fes es un riad tradicional marroqu\u00ed bellamente proporcionado ubicado dentro de las murallas de la Medina (casco antiguo). El hotel es un santuario elegante y tranquilo situado en la mejor ubicaci\u00f3n de la medina de Fes, Batha. Refinery29 Travel Diaries revisi\u00f3n de Riad Tizwa [&hellip;]<\/p>\n","protected":false},"author":1,"featured_media":3621,"parent":0,"menu_order":0,"comment_status":"closed","ping_status":"closed","template":"","meta":{"nf_dc_page":"","content-type":"","_monsterinsights_skip_tracking":false,"_monsterinsights_sitenote_active":false,"_monsterinsights_sitenote_note":"","_monsterinsights_sitenote_category":0,"footnotes":""},"folder":[],"class_list":["post-3679","page","type-page","status-publish","has-post-thumbnail","hentry"],"yoast_head":"<!-- This site is optimized with the Yoast SEO plugin v27.4 - https:\/\/yoast.com\/product\/yoast-seo-wordpress\/ -->\n<title>Riad Tizwa Luxury Boutique Hotel en Fez | Riad tradicional marroqu\u00ed<\/title>\n<meta name=\"description\" content=\"Bienvenido al Riad Tizwa Boutique Bed &amp; Breakfast Hotel en Fez, Marruecos. Al\u00f3jese en un riad tradicional de lujo que ha sido cuidadosamente restaurado.\" \/>\n<meta name=\"robots\" content=\"index, follow, max-snippet:-1, max-image-preview:large, max-video-preview:-1\" \/>\n<link rel=\"canonical\" href=\"https:\/\/riadtizwa.com\/es\/riad-tizwa-fez\/\" \/>\n<meta property=\"og:locale\" content=\"es_ES\" \/>\n<meta property=\"og:type\" content=\"article\" \/>\n<meta property=\"og:title\" content=\"Riad Tizwa Luxury Boutique Hotel en Fez | Riad tradicional marroqu\u00ed\" \/>\n<meta property=\"og:description\" content=\"Bienvenido al Riad Tizwa Boutique Bed &amp; Breakfast Hotel en Fez, Marruecos. Al\u00f3jese en un riad tradicional de lujo que ha sido cuidadosamente restaurado.\" \/>\n<meta property=\"og:url\" content=\"https:\/\/riadtizwa.com\/es\/riad-tizwa-fez\/\" \/>\n<meta property=\"og:site_name\" content=\"Riad Tizwa\" \/>\n<meta property=\"article:modified_time\" content=\"2022-04-18T10:22:25+00:00\" \/>\n<meta property=\"og:image\" content=\"https:\/\/riadtizwa.com\/wp-content\/uploads\/2022\/03\/Riad-Tizwa-fes-roof-sunbed-MAIN4-1.jpg\" \/>\n\t<meta property=\"og:image:width\" content=\"672\" \/>\n\t<meta property=\"og:image:height\" content=\"890\" \/>\n\t<meta property=\"og:image:type\" content=\"image\/jpeg\" \/>\n<meta name=\"twitter:card\" content=\"summary_large_image\" \/>\n<meta name=\"twitter:label1\" content=\"Tiempo de lectura\" \/>\n\t<meta name=\"twitter:data1\" content=\"2 minutos\" \/>\n<!-- \/ Yoast SEO plugin. -->","yoast_head_json":{"title":"Riad Tizwa Luxury Boutique Hotel en Fez | Riad tradicional marroqu\u00ed","description":"Bienvenido al Riad Tizwa Boutique Bed & Breakfast Hotel en Fez, Marruecos. Al\u00f3jese en un riad tradicional de lujo que ha sido cuidadosamente restaurado.","robots":{"index":"index","follow":"follow","max-snippet":"max-snippet:-1","max-image-preview":"max-image-preview:large","max-video-preview":"max-video-preview:-1"},"canonical":"https:\/\/riadtizwa.com\/es\/riad-tizwa-fez\/","og_locale":"es_ES","og_type":"article","og_title":"Riad Tizwa Luxury Boutique Hotel en Fez | Riad tradicional marroqu\u00ed","og_description":"Bienvenido al Riad Tizwa Boutique Bed & Breakfast Hotel en Fez, Marruecos. Al\u00f3jese en un riad tradicional de lujo que ha sido cuidadosamente restaurado.","og_url":"https:\/\/riadtizwa.com\/es\/riad-tizwa-fez\/","og_site_name":"Riad Tizwa","article_modified_time":"2022-04-18T10:22:25+00:00","og_image":[{"width":672,"height":890,"url":"https:\/\/riadtizwa.com\/wp-content\/uploads\/2022\/03\/Riad-Tizwa-fes-roof-sunbed-MAIN4-1.jpg","type":"image\/jpeg"}],"twitter_card":"summary_large_image","twitter_misc":{"Tiempo de lectura":"2 minutos"},"schema":{"@context":"https:\/\/schema.org","@graph":[{"@type":"WebPage","@id":"https:\/\/riadtizwa.com\/es\/riad-tizwa-fez\/","url":"https:\/\/riadtizwa.com\/es\/riad-tizwa-fez\/","name":"Riad Tizwa Luxury Boutique Hotel en Fez | Riad tradicional marroqu\u00ed","isPartOf":{"@id":"https:\/\/riadtizwa.com\/es\/#website"},"primaryImageOfPage":{"@id":"https:\/\/riadtizwa.com\/es\/riad-tizwa-fez\/#primaryimage"},"image":{"@id":"https:\/\/riadtizwa.com\/es\/riad-tizwa-fez\/#primaryimage"},"thumbnailUrl":"https:\/\/i0.wp.com\/riadtizwa.com\/wp-content\/uploads\/2022\/03\/Riad-Tizwa-fes-roof-sunbed-MAIN4-1.jpg?fit=672%2C890&ssl=1","datePublished":"2022-01-24T21:25:06+00:00","dateModified":"2022-04-18T10:22:25+00:00","description":"Bienvenido al Riad Tizwa Boutique Bed & Breakfast Hotel en Fez, Marruecos. Al\u00f3jese en un riad tradicional de lujo que ha sido cuidadosamente restaurado.","breadcrumb":{"@id":"https:\/\/riadtizwa.com\/es\/riad-tizwa-fez\/#breadcrumb"},"inLanguage":"es","potentialAction":[{"@type":"ReadAction","target":["https:\/\/riadtizwa.com\/es\/riad-tizwa-fez\/"]}]},{"@type":"ImageObject","inLanguage":"es","@id":"https:\/\/riadtizwa.com\/es\/riad-tizwa-fez\/#primaryimage","url":"https:\/\/i0.wp.com\/riadtizwa.com\/wp-content\/uploads\/2022\/03\/Riad-Tizwa-fes-roof-sunbed-MAIN4-1.jpg?fit=672%2C890&ssl=1","contentUrl":"https:\/\/i0.wp.com\/riadtizwa.com\/wp-content\/uploads\/2022\/03\/Riad-Tizwa-fes-roof-sunbed-MAIN4-1.jpg?fit=672%2C890&ssl=1","width":672,"height":890,"caption":"Riad Tizwa Luxury Boutique Hotel in Fes | Traditional Moroccan Riad"},{"@type":"BreadcrumbList","@id":"https:\/\/riadtizwa.com\/es\/riad-tizwa-fez\/#breadcrumb","itemListElement":[{"@type":"ListItem","position":1,"name":"Home","item":"https:\/\/riadtizwa.com\/es\/"},{"@type":"ListItem","position":2,"name":"Riad Tizwa Fez"}]},{"@type":"WebSite","@id":"https:\/\/riadtizwa.com\/es\/#website","url":"https:\/\/riadtizwa.com\/es\/","name":"Riad Tizwa","description":"","publisher":{"@id":"https:\/\/riadtizwa.com\/es\/#organization"},"potentialAction":[{"@type":"SearchAction","target":{"@type":"EntryPoint","urlTemplate":"https:\/\/riadtizwa.com\/es\/?s={search_term_string}"},"query-input":{"@type":"PropertyValueSpecification","valueRequired":true,"valueName":"search_term_string"}}],"inLanguage":"es"},{"@type":"Organization","@id":"https:\/\/riadtizwa.com\/es\/#organization","name":"Riad Tizwa","url":"https:\/\/riadtizwa.com\/es\/","logo":{"@type":"ImageObject","inLanguage":"es","@id":"https:\/\/riadtizwa.com\/es\/#\/schema\/logo\/image\/","url":"https:\/\/riadtizwa.com\/wp-content\/uploads\/2021\/12\/Tizwa-logo.svg","contentUrl":"https:\/\/riadtizwa.com\/wp-content\/uploads\/2021\/12\/Tizwa-logo.svg","width":91,"height":68,"caption":"Riad Tizwa"},"image":{"@id":"https:\/\/riadtizwa.com\/es\/#\/schema\/logo\/image\/"}}]}},"jetpack_sharing_enabled":true,"_links":{"self":[{"href":"https:\/\/riadtizwa.com\/es\/wp-json\/wp\/v2\/pages\/3679","targetHints":{"allow":["GET"]}}],"collection":[{"href":"https:\/\/riadtizwa.com\/es\/wp-json\/wp\/v2\/pages"}],"about":[{"href":"https:\/\/riadtizwa.com\/es\/wp-json\/wp\/v2\/types\/page"}],"author":[{"embeddable":true,"href":"https:\/\/riadtizwa.com\/es\/wp-json\/wp\/v2\/users\/1"}],"replies":[{"embeddable":true,"href":"https:\/\/riadtizwa.com\/es\/wp-json\/wp\/v2\/comments?post=3679"}],"version-history":[{"count":2,"href":"https:\/\/riadtizwa.com\/es\/wp-json\/wp\/v2\/pages\/3679\/revisions"}],"predecessor-version":[{"id":3709,"href":"https:\/\/riadtizwa.com\/es\/wp-json\/wp\/v2\/pages\/3679\/revisions\/3709"}],"wp:featuredmedia":[{"embeddable":true,"href":"https:\/\/riadtizwa.com\/es\/wp-json\/wp\/v2\/media\/3621"}],"wp:attachment":[{"href":"https:\/\/riadtizwa.com\/es\/wp-json\/wp\/v2\/media?parent=3679"}],"wp:term":[{"taxonomy":"folder","embeddable":true,"href":"https:\/\/riadtizwa.com\/es\/wp-json\/wp\/v2\/folder?post=3679"}],"curies":[{"name":"wp","href":"https:\/\/api.w.org\/{rel}","templated":true}]}}