{"id":3916,"date":"2022-02-16T14:25:16","date_gmt":"2022-02-16T14:25:16","guid":{"rendered":"https:\/\/riadtizwa.com\/zimmer-3-suite-2-marrakesch\/"},"modified":"2022-04-20T10:46:19","modified_gmt":"2022-04-20T10:46:19","slug":"zimmer-3-suite-2-marrakesch","status":"publish","type":"page","link":"https:\/\/riadtizwa.com\/de\/zimmer-3-suite-2-marrakesch\/","title":{"rendered":"Zimmer 3 (Suite 2) &#8211; Marrakesch"},"content":{"rendered":"\t\t<div data-elementor-type=\"wp-page\" data-elementor-id=\"3916\" class=\"elementor elementor-3916 elementor-910\" data-elementor-post-type=\"page\">\n\t\t\t\t\t\t<section class=\"elementor-section elementor-top-section elementor-element elementor-element-63b0b65d elementor-section-content-middle elementor-section-height-min-height elementor-section-boxed elementor-section-height-default elementor-section-items-middle\" data-id=\"63b0b65d\" data-element_type=\"section\" data-e-type=\"section\" data-settings=\"{&quot;background_background&quot;:&quot;classic&quot;}\">\n\t\t\t\t\t\t<div class=\"elementor-container elementor-column-gap-no\">\n\t\t\t\t\t<div class=\"elementor-column elementor-col-100 elementor-top-column elementor-element elementor-element-64920b2e\" data-id=\"64920b2e\" data-element_type=\"column\" data-e-type=\"column\">\n\t\t\t<div class=\"elementor-widget-wrap\">\n\t\t\t\t\t\t\t<\/div>\n\t\t<\/div>\n\t\t\t\t\t<\/div>\n\t\t<\/section>\n\t\t\t\t<section class=\"elementor-section elementor-top-section elementor-element elementor-element-4fef899c elementor-section-boxed elementor-section-height-default elementor-section-height-default\" data-id=\"4fef899c\" data-element_type=\"section\" data-e-type=\"section\">\n\t\t\t\t\t\t<div class=\"elementor-container elementor-column-gap-default\">\n\t\t\t\t\t<div class=\"elementor-column elementor-col-100 elementor-top-column elementor-element elementor-element-492f781d\" data-id=\"492f781d\" data-element_type=\"column\" data-e-type=\"column\">\n\t\t\t<div class=\"elementor-widget-wrap elementor-element-populated\">\n\t\t\t\t\t\t<div class=\"elementor-element elementor-element-e1f4b8b elementor-widget elementor-widget-heading\" data-id=\"e1f4b8b\" data-element_type=\"widget\" data-e-type=\"widget\" data-widget_type=\"heading.default\">\n\t\t\t\t<div class=\"elementor-widget-container\">\n\t\t\t\t\t<h2 class=\"elementor-heading-title elementor-size-default\">Zimmer 3, gro\u00dfe Suite<\/h2>\t\t\t\t<\/div>\n\t\t\t\t<\/div>\n\t\t\t\t<div class=\"elementor-element elementor-element-1a4761d7 elementor-widget elementor-widget-text-editor\" data-id=\"1a4761d7\" data-element_type=\"widget\" data-e-type=\"widget\" data-widget_type=\"text-editor.default\">\n\t\t\t\t<div class=\"elementor-widget-container\">\n\t\t\t\t\t\t\t\t\t<p>Ist ein sehr gro\u00dfes Zimmer mit eigenem riesigen Bad und Duschraum. Es hat ein h\u00fcbsches marokkanisches Zelt \u00fcber dem Doppelbett und von seinen Buntglasfenstern aus hat man einen sch\u00f6nen Blick \u00fcber die Kolonnade und hinunter auf den Innenhof. Das eigene Badezimmer ist das gr\u00f6\u00dfte im Riad und enth\u00e4lt sowohl eine gro\u00dfe Badewanne als auch eine begehbare Doppeldusche (zwei Duschk\u00f6pfe). Das Zimmer verf\u00fcgt \u00fcber Klimaanlage und Heizung. <\/p>\t\t\t\t\t\t\t\t<\/div>\n\t\t\t\t<\/div>\n\t\t\t\t<div class=\"elementor-element elementor-element-3ae8a65 elementor-align-center elementor-widget elementor-widget-global elementor-global-5326 elementor-global-959 elementor-widget-button\" data-id=\"3ae8a65\" data-element_type=\"widget\" data-e-type=\"widget\" data-widget_type=\"button.default\">\n\t\t\t\t<div class=\"elementor-widget-container\">\n\t\t\t\t\t\t\t\t\t<div class=\"elementor-button-wrapper\">\n\t\t\t\t\t<a class=\"elementor-button elementor-button-link elementor-size-md\" href=\"https:\/\/direct-book.com\/properties\/riadtizwamarrakechdirect\">\n\t\t\t\t\t\t<span class=\"elementor-button-content-wrapper\">\n\t\t\t\t\t\t\t\t\t<span class=\"elementor-button-text\">Buchen Sie dieses Zimmer<\/span>\n\t\t\t\t\t<\/span>\n\t\t\t\t\t<\/a>\n\t\t\t\t<\/div>\n\t\t\t\t\t\t\t\t<\/div>\n\t\t\t\t<\/div>\n\t\t\t\t\t<\/div>\n\t\t<\/div>\n\t\t\t\t\t<\/div>\n\t\t<\/section>\n\t\t\t\t<section class=\"elementor-section elementor-top-section elementor-element elementor-element-13ee47cb elementor-section-boxed elementor-section-height-default elementor-section-height-default\" data-id=\"13ee47cb\" data-element_type=\"section\" data-e-type=\"section\">\n\t\t\t\t\t\t<div class=\"elementor-container elementor-column-gap-no\">\n\t\t\t\t\t<div class=\"elementor-column elementor-col-100 elementor-top-column elementor-element elementor-element-1b419151\" data-id=\"1b419151\" data-element_type=\"column\" data-e-type=\"column\">\n\t\t\t<div class=\"elementor-widget-wrap\">\n\t\t\t\t\t\t\t<\/div>\n\t\t<\/div>\n\t\t\t\t\t<\/div>\n\t\t<\/section>\n\t\t\t\t<section class=\"elementor-section elementor-top-section elementor-element elementor-element-3e4527b elementor-section-height-min-height elementor-section-boxed elementor-section-height-default elementor-section-items-middle\" data-id=\"3e4527b\" data-element_type=\"section\" data-e-type=\"section\" data-settings=\"{&quot;background_background&quot;:&quot;classic&quot;}\">\n\t\t\t\t\t\t<div class=\"elementor-container elementor-column-gap-default\">\n\t\t\t\t\t<div class=\"elementor-column elementor-col-100 elementor-top-column elementor-element elementor-element-4c010b4a\" data-id=\"4c010b4a\" data-element_type=\"column\" data-e-type=\"column\">\n\t\t\t<div class=\"elementor-widget-wrap\">\n\t\t\t\t\t\t\t<\/div>\n\t\t<\/div>\n\t\t\t\t\t<\/div>\n\t\t<\/section>\n\t\t\t\t<section class=\"elementor-section elementor-top-section elementor-element elementor-element-3e7d8a25 elementor-section-boxed elementor-section-height-default elementor-section-height-default\" data-id=\"3e7d8a25\" data-element_type=\"section\" data-e-type=\"section\">\n\t\t\t\t\t\t<div class=\"elementor-container elementor-column-gap-default\">\n\t\t\t\t\t<div class=\"elementor-column elementor-col-100 elementor-top-column elementor-element elementor-element-45229bd3\" data-id=\"45229bd3\" data-element_type=\"column\" data-e-type=\"column\">\n\t\t\t<div class=\"elementor-widget-wrap elementor-element-populated\">\n\t\t\t\t\t\t<div class=\"elementor-element elementor-element-5f0f84e3 elementor-widget elementor-widget-heading\" data-id=\"5f0f84e3\" data-element_type=\"widget\" data-e-type=\"widget\" data-widget_type=\"heading.default\">\n\t\t\t\t<div class=\"elementor-widget-container\">\n\t\t\t\t\t<h2 class=\"elementor-heading-title elementor-size-default\">Eleganz und Stil. Bequeme Betten und luxuri\u00f6se Bettw\u00e4sche.<\/h2>\t\t\t\t<\/div>\n\t\t\t\t<\/div>\n\t\t\t\t\t<\/div>\n\t\t<\/div>\n\t\t\t\t\t<\/div>\n\t\t<\/section>\n\t\t\t\t<section class=\"elementor-section elementor-top-section elementor-element elementor-element-72a15ff3 elementor-section-full_width elementor-section-height-default elementor-section-height-default\" data-id=\"72a15ff3\" data-element_type=\"section\" data-e-type=\"section\">\n\t\t\t\t\t\t<div class=\"elementor-container elementor-column-gap-custom\">\n\t\t\t\t\t<div class=\"elementor-column elementor-col-50 elementor-top-column elementor-element elementor-element-27619bf9\" data-id=\"27619bf9\" data-element_type=\"column\" data-e-type=\"column\">\n\t\t\t<div class=\"elementor-widget-wrap elementor-element-populated\">\n\t\t\t\t\t\t<div class=\"elementor-element elementor-element-e975003 elementor-widget elementor-widget-image\" data-id=\"e975003\" data-element_type=\"widget\" data-e-type=\"widget\" data-widget_type=\"image.default\">\n\t\t\t\t<div class=\"elementor-widget-container\">\n\t\t\t\t\t\t\t\t\t\t\t\t\t\t\t<img fetchpriority=\"high\" decoding=\"async\" width=\"672\" height=\"420\" src=\"https:\/\/i0.wp.com\/riadtizwa.com\/wp-content\/uploads\/2022\/03\/Riad-Tizwa-Marrakech-Room-3-bedroom-MAIN.jpg?fit=672%2C420&amp;ssl=1\" class=\"attachment-large size-large wp-image-3499\" alt=\"\" srcset=\"https:\/\/i0.wp.com\/riadtizwa.com\/wp-content\/uploads\/2022\/03\/Riad-Tizwa-Marrakech-Room-3-bedroom-MAIN.jpg?w=672&amp;ssl=1 672w, https:\/\/i0.wp.com\/riadtizwa.com\/wp-content\/uploads\/2022\/03\/Riad-Tizwa-Marrakech-Room-3-bedroom-MAIN.jpg?resize=300%2C188&amp;ssl=1 300w\" sizes=\"(max-width: 672px) 100vw, 672px\" \/>\t\t\t\t\t\t\t\t\t\t\t\t\t\t\t<\/div>\n\t\t\t\t<\/div>\n\t\t\t\t<div class=\"elementor-element elementor-element-7b08f760 elementor-widget elementor-widget-heading\" data-id=\"7b08f760\" data-element_type=\"widget\" data-e-type=\"widget\" data-widget_type=\"heading.default\">\n\t\t\t\t<div class=\"elementor-widget-container\">\n\t\t\t\t\t<h3 class=\"elementor-heading-title elementor-size-default\">Zimmerausstattung<\/h3>\t\t\t\t<\/div>\n\t\t\t\t<\/div>\n\t\t\t\t<div class=\"elementor-element elementor-element-34dd4921 elementor-widget elementor-widget-text-editor\" data-id=\"34dd4921\" data-element_type=\"widget\" data-e-type=\"widget\" data-widget_type=\"text-editor.default\">\n\t\t\t\t<div class=\"elementor-widget-container\">\n\t\t\t\t\t\t\t\t\tDas Bett ist super Kingsize und unter einem majest\u00e4tischen Zelt. Das Zimmer ist au\u00dferdem mit einem gro\u00dfen Sofa ausgestattet, das in ein Einzelbett umgewandelt werden kann, wenn Sie zu dritt bleiben m\u00f6chten. Das Bad besteht aus einer gro\u00dfen Badewanne und einer begehbaren Doppeldusche und verf\u00fcgt \u00fcber Klimaanlage und Heizung.\t\t\t\t\t\t\t\t<\/div>\n\t\t\t\t<\/div>\n\t\t\t\t<div class=\"elementor-element elementor-element-7dc8ba85 elementor-widget elementor-widget-text-editor\" data-id=\"7dc8ba85\" data-element_type=\"widget\" data-e-type=\"widget\" data-widget_type=\"text-editor.default\">\n\t\t\t\t<div class=\"elementor-widget-container\">\n\t\t\t\t\t\t\t\t\t<p>Super-Kingsize-Bett<\/p><p>Full-Size-Bad und begehbarer Dusche<\/p><p>Klimaanlage &amp; Heizung<\/p>\t\t\t\t\t\t\t\t<\/div>\n\t\t\t\t<\/div>\n\t\t\t\t\t<\/div>\n\t\t<\/div>\n\t\t\t\t<div class=\"elementor-column elementor-col-50 elementor-top-column elementor-element elementor-element-5fd4ed84\" data-id=\"5fd4ed84\" data-element_type=\"column\" data-e-type=\"column\">\n\t\t\t<div class=\"elementor-widget-wrap elementor-element-populated\">\n\t\t\t\t\t\t<div class=\"elementor-element elementor-element-1a50136c elementor-widget elementor-widget-image\" data-id=\"1a50136c\" data-element_type=\"widget\" data-e-type=\"widget\" data-widget_type=\"image.default\">\n\t\t\t\t<div class=\"elementor-widget-container\">\n\t\t\t\t\t\t\t\t\t\t\t\t\t\t\t<img decoding=\"async\" width=\"672\" height=\"420\" src=\"https:\/\/i0.wp.com\/riadtizwa.com\/wp-content\/uploads\/2022\/03\/Riad-Tizwa-Marrakech-Room-3-image-2.jpg?fit=672%2C420&amp;ssl=1\" class=\"attachment-large size-large wp-image-3504\" alt=\"\" srcset=\"https:\/\/i0.wp.com\/riadtizwa.com\/wp-content\/uploads\/2022\/03\/Riad-Tizwa-Marrakech-Room-3-image-2.jpg?w=672&amp;ssl=1 672w, https:\/\/i0.wp.com\/riadtizwa.com\/wp-content\/uploads\/2022\/03\/Riad-Tizwa-Marrakech-Room-3-image-2.jpg?resize=300%2C188&amp;ssl=1 300w\" sizes=\"(max-width: 672px) 100vw, 672px\" \/>\t\t\t\t\t\t\t\t\t\t\t\t\t\t\t<\/div>\n\t\t\t\t<\/div>\n\t\t\t\t<div class=\"elementor-element elementor-element-24aa3469 elementor-widget elementor-widget-heading\" data-id=\"24aa3469\" data-element_type=\"widget\" data-e-type=\"widget\" data-widget_type=\"heading.default\">\n\t\t\t\t<div class=\"elementor-widget-container\">\n\t\t\t\t\t<h3 class=\"elementor-heading-title elementor-size-default\">Blick \u00fcber die Kolonnade<\/h3>\t\t\t\t<\/div>\n\t\t\t\t<\/div>\n\t\t\t\t<div class=\"elementor-element elementor-element-57c01d6 elementor-widget elementor-widget-text-editor\" data-id=\"57c01d6\" data-element_type=\"widget\" data-e-type=\"widget\" data-widget_type=\"text-editor.default\">\n\t\t\t\t<div class=\"elementor-widget-container\">\n\t\t\t\t\t\t\t\t\tEs befindet sich im ersten Stock und bietet von seinen Buntglasfenstern aus einen sch\u00f6nen Blick \u00fcber die Kolonnade und hinunter auf den darunter liegenden Innenhof.\t\t\t\t\t\t\t\t<\/div>\n\t\t\t\t<\/div>\n\t\t\t\t\t<\/div>\n\t\t<\/div>\n\t\t\t\t\t<\/div>\n\t\t<\/section>\n\t\t\t\t<section class=\"elementor-section elementor-top-section elementor-element elementor-element-40f13b13 elementor-section-full_width elementor-section-height-default elementor-section-height-default\" data-id=\"40f13b13\" data-element_type=\"section\" data-e-type=\"section\">\n\t\t\t\t\t\t<div class=\"elementor-container elementor-column-gap-default\">\n\t\t\t\t\t<div class=\"elementor-column elementor-col-100 elementor-top-column elementor-element elementor-element-4e95125b\" data-id=\"4e95125b\" data-element_type=\"column\" data-e-type=\"column\">\n\t\t\t<div class=\"elementor-widget-wrap elementor-element-populated\">\n\t\t\t\t\t\t<div class=\"elementor-element elementor-element-40432e71 elementor-widget elementor-widget-heading\" data-id=\"40432e71\" data-element_type=\"widget\" data-e-type=\"widget\" data-widget_type=\"heading.default\">\n\t\t\t\t<div class=\"elementor-widget-container\">\n\t\t\t\t\t<h2 class=\"elementor-heading-title elementor-size-default\">Andere R\u00e4ume<\/h2>\t\t\t\t<\/div>\n\t\t\t\t<\/div>\n\t\t\t\t<div class=\"elementor-element elementor-element-3627f514 elementor-skin-carousel elementor-arrows-yes elementor-pagination-type-bullets elementor-pagination-position-outside elementor-widget elementor-widget-media-carousel\" data-id=\"3627f514\" data-element_type=\"widget\" data-e-type=\"widget\" data-settings=\"{&quot;slides_per_view&quot;:&quot;3&quot;,&quot;slides_to_scroll&quot;:&quot;3&quot;,&quot;space_between&quot;:{&quot;unit&quot;:&quot;px&quot;,&quot;size&quot;:16,&quot;sizes&quot;:[]},&quot;skin&quot;:&quot;carousel&quot;,&quot;effect&quot;:&quot;slide&quot;,&quot;show_arrows&quot;:&quot;yes&quot;,&quot;pagination&quot;:&quot;bullets&quot;,&quot;speed&quot;:500,&quot;autoplay&quot;:&quot;yes&quot;,&quot;autoplay_speed&quot;:5000,&quot;loop&quot;:&quot;yes&quot;,&quot;pause_on_hover&quot;:&quot;yes&quot;,&quot;pause_on_interaction&quot;:&quot;yes&quot;,&quot;space_between_tablet&quot;:{&quot;unit&quot;:&quot;px&quot;,&quot;size&quot;:10,&quot;sizes&quot;:[]},&quot;space_between_mobile&quot;:{&quot;unit&quot;:&quot;px&quot;,&quot;size&quot;:10,&quot;sizes&quot;:[]}}\" data-widget_type=\"media-carousel.default\">\n\t\t\t\t<div class=\"elementor-widget-container\">\n\t\t\t\t\t\t\t\t\t<div class=\"elementor-swiper\">\n\t\t\t\t\t<div class=\"elementor-main-swiper swiper\" role=\"region\" aria-roledescription=\"carousel\" aria-label=\"Slider\">\n\t\t\t\t<div class=\"swiper-wrapper\">\n\t\t\t\t\t\t\t\t\t\t\t<div class=\"swiper-slide\" role=\"group\" aria-roledescription=\"slide\">\n\t\t\t\t\t\t\t<a href=\"https:\/\/riadtizwa.com\/de\/zimmer-1-grand-suite-marrakesch\/\">\t\t<div class=\"elementor-carousel-image\" role=\"img\" aria-label=\"Grand Suite Marrakech\" style=\"background-image: url(&#039;https:\/\/i0.wp.com\/riadtizwa.com\/wp-content\/uploads\/2022\/02\/Grand-Suite.jpg?fit=860%2C536&amp;ssl=1&#039;)\">\n\n\t\t\t\n\t\t\t\t\t<\/div>\n\t\t\t\t\t<div class=\"elementor-carousel-image-overlay e-overlay-animation-fade\">\n\t\t\t\tGrand Suite\t\t\t<\/div>\n\t\t\t<\/a>\t\t\t\t\t\t<\/div>\n\t\t\t\t\t\t\t\t\t\t\t<div class=\"swiper-slide\" role=\"group\" aria-roledescription=\"slide\">\n\t\t\t\t\t\t\t<a href=\"https:\/\/riadtizwa.com\/de\/zimmer-2-suite-1-marrakesch\/\">\t\t<div class=\"elementor-carousel-image\" role=\"img\" aria-label=\"Suite 1 Marrakech\" style=\"background-image: url(&#039;https:\/\/i0.wp.com\/riadtizwa.com\/wp-content\/uploads\/2022\/02\/Suite-1.jpg?fit=860%2C536&amp;ssl=1&#039;)\">\n\n\t\t\t\n\t\t\t\t\t<\/div>\n\t\t\t\t\t<div class=\"elementor-carousel-image-overlay e-overlay-animation-fade\">\n\t\t\t\tSuite 1\t\t\t<\/div>\n\t\t\t<\/a>\t\t\t\t\t\t<\/div>\n\t\t\t\t\t\t\t\t\t\t\t<div class=\"swiper-slide\" role=\"group\" aria-roledescription=\"slide\">\n\t\t\t\t\t\t\t<a href=\"https:\/\/riadtizwa.com\/de\/zimmer-3-suite-2-marrakesch\/\">\t\t<div class=\"elementor-carousel-image\" role=\"img\" aria-label=\"Suite 2 Marrakech\" style=\"background-image: url(&#039;https:\/\/i0.wp.com\/riadtizwa.com\/wp-content\/uploads\/2022\/02\/Suite-2.jpg?fit=860%2C536&amp;ssl=1&#039;)\">\n\n\t\t\t\n\t\t\t\t\t<\/div>\n\t\t\t\t\t<div class=\"elementor-carousel-image-overlay e-overlay-animation-fade\">\n\t\t\t\tSuite 2\t\t\t<\/div>\n\t\t\t<\/a>\t\t\t\t\t\t<\/div>\n\t\t\t\t\t\t\t\t\t\t\t<div class=\"swiper-slide\" role=\"group\" aria-roledescription=\"slide\">\n\t\t\t\t\t\t\t<a href=\"https:\/\/riadtizwa.com\/de\/zimmer-4-grosses-doppelzimmer-marrakesch\/\">\t\t<div class=\"elementor-carousel-image\" role=\"img\" aria-label=\"Large Double Marrakech\" style=\"background-image: url(&#039;https:\/\/i0.wp.com\/riadtizwa.com\/wp-content\/uploads\/2022\/02\/Large-Double.jpg?fit=860%2C536&amp;ssl=1&#039;)\">\n\n\t\t\t\n\t\t\t\t\t<\/div>\n\t\t\t\t\t<div class=\"elementor-carousel-image-overlay e-overlay-animation-fade\">\n\t\t\t\tLarge Double\t\t\t<\/div>\n\t\t\t<\/a>\t\t\t\t\t\t<\/div>\n\t\t\t\t\t\t\t\t\t\t\t<div class=\"swiper-slide\" role=\"group\" aria-roledescription=\"slide\">\n\t\t\t\t\t\t\t<a href=\"https:\/\/riadtizwa.com\/de\/zimmer-5-grosses-doppelzimmer-marrakesch\/\">\t\t<div class=\"elementor-carousel-image\" role=\"img\" aria-label=\"Double 1 Marrakech\" style=\"background-image: url(&#039;https:\/\/i0.wp.com\/riadtizwa.com\/wp-content\/uploads\/2022\/02\/Double-1.jpg?fit=860%2C536&amp;ssl=1&#039;)\">\n\n\t\t\t\n\t\t\t\t\t<\/div>\n\t\t\t\t\t<div class=\"elementor-carousel-image-overlay e-overlay-animation-fade\">\n\t\t\t\tDouble 1\t\t\t<\/div>\n\t\t\t<\/a>\t\t\t\t\t\t<\/div>\n\t\t\t\t\t\t\t\t\t\t\t<div class=\"swiper-slide\" role=\"group\" aria-roledescription=\"slide\">\n\t\t\t\t\t\t\t<a href=\"https:\/\/riadtizwa.com\/de\/zimmer-6-doppel-1-marrakesch\/\">\t\t<div class=\"elementor-carousel-image\" role=\"img\" aria-label=\"Large Double 2 Marrakech\" style=\"background-image: url(&#039;https:\/\/i0.wp.com\/riadtizwa.com\/wp-content\/uploads\/2022\/02\/Double-2.jpg?fit=860%2C536&amp;ssl=1&#039;)\">\n\n\t\t\t\n\t\t\t\t\t<\/div>\n\t\t\t\t\t<div class=\"elementor-carousel-image-overlay e-overlay-animation-fade\">\n\t\t\t\tDouble 2\t\t\t<\/div>\n\t\t\t<\/a>\t\t\t\t\t\t<\/div>\n\t\t\t\t\t\t\t\t\t<\/div>\n\t\t\t\t\t\t\t\t\t\t\t\t\t\t\t<div class=\"elementor-swiper-button elementor-swiper-button-prev\" role=\"button\" tabindex=\"0\" aria-label=\"Voriger\">\n\t\t\t\t\t\t\t<i aria-hidden=\"true\" class=\"eicon-chevron-left\"><\/i>\t\t\t\t\t\t<\/div>\n\t\t\t\t\t\t<div class=\"elementor-swiper-button elementor-swiper-button-next\" role=\"button\" tabindex=\"0\" aria-label=\"N\u00e4chster\">\n\t\t\t\t\t\t\t<i aria-hidden=\"true\" class=\"eicon-chevron-right\"><\/i>\t\t\t\t\t\t<\/div>\n\t\t\t\t\t\t\t\t\t\t\t\t\t\t\t\t<div class=\"swiper-pagination\"><\/div>\n\t\t\t\t\t\t\t\t\t\t\t\t<\/div>\n\t\t\t\t<\/div>\n\t\t\t\t\t\t\t\t<\/div>\n\t\t\t\t<\/div>\n\t\t\t\t<div class=\"elementor-element elementor-element-70cff605 elementor-widget elementor-widget-text-editor\" data-id=\"70cff605\" data-element_type=\"widget\" data-e-type=\"widget\" data-widget_type=\"text-editor.default\">\n\t\t\t\t<div class=\"elementor-widget-container\">\n\t\t\t\t\t\t\t\t\t<p><a href=\"https:\/\/riadtizwa.com\/de\/zimmer-in-marrakesch\/\">Sehen Sie sich alle unsere Zimmer an<\/a><\/p>\t\t\t\t\t\t\t\t<\/div>\n\t\t\t\t<\/div>\n\t\t\t\t\t<\/div>\n\t\t<\/div>\n\t\t\t\t\t<\/div>\n\t\t<\/section>\n\t\t\t\t<\/div>\n\t\t","protected":false},"excerpt":{"rendered":"<p>Zimmer 3, gro\u00dfe Suite Ist ein sehr gro\u00dfes Zimmer mit eigenem riesigen Bad und Duschraum. Es hat ein h\u00fcbsches marokkanisches Zelt \u00fcber dem Doppelbett und von seinen Buntglasfenstern aus hat man einen sch\u00f6nen Blick \u00fcber die Kolonnade und hinunter auf den Innenhof. Das eigene Badezimmer ist das gr\u00f6\u00dfte im Riad und enth\u00e4lt sowohl eine gro\u00dfe [&hellip;]<\/p>\n","protected":false},"author":1,"featured_media":0,"parent":0,"menu_order":0,"comment_status":"closed","ping_status":"closed","template":"","meta":{"nf_dc_page":"","content-type":"","_monsterinsights_skip_tracking":false,"_monsterinsights_sitenote_active":false,"_monsterinsights_sitenote_note":"","_monsterinsights_sitenote_category":0,"footnotes":""},"folder":[12],"class_list":["post-3916","page","type-page","status-publish","hentry"],"yoast_head":"<!-- This site is optimized with the Yoast SEO plugin v27.4 - https:\/\/yoast.com\/product\/yoast-seo-wordpress\/ -->\n<title>Zimmer 3 (Suite 2) - Marrakesch | Riad Tizwa<\/title>\n<meta name=\"description\" content=\"Gro\u00dfes Doppelzimmer im Riad Tizwa Marrakesch. Gro\u00dfe Suite mit einer ebenerdigen Doppeldusche und einer Badewanne. Ein marokkanisches Zelt \u00fcber dem Bett.\" \/>\n<meta name=\"robots\" content=\"index, follow, max-snippet:-1, max-image-preview:large, max-video-preview:-1\" \/>\n<link rel=\"canonical\" href=\"https:\/\/riadtizwa.com\/de\/zimmer-3-suite-2-marrakesch\/\" \/>\n<meta property=\"og:locale\" content=\"de_DE\" \/>\n<meta property=\"og:type\" content=\"article\" \/>\n<meta property=\"og:title\" content=\"Zimmer 3 (Suite 2) - Marrakesch | Riad Tizwa\" \/>\n<meta property=\"og:description\" content=\"Gro\u00dfes Doppelzimmer im Riad Tizwa Marrakesch. Gro\u00dfe Suite mit einer ebenerdigen Doppeldusche und einer Badewanne. Ein marokkanisches Zelt \u00fcber dem Bett.\" \/>\n<meta property=\"og:url\" content=\"https:\/\/riadtizwa.com\/de\/zimmer-3-suite-2-marrakesch\/\" \/>\n<meta property=\"og:site_name\" content=\"Riad Tizwa\" \/>\n<meta property=\"article:modified_time\" content=\"2022-04-20T10:46:19+00:00\" \/>\n<meta property=\"og:image\" content=\"https:\/\/riadtizwa.com\/wp-content\/uploads\/2022\/03\/Riad-Tizwa-Marrakech-Room-3-bedroom-MAIN.jpg\" \/>\n<meta name=\"twitter:card\" content=\"summary_large_image\" \/>\n<meta name=\"twitter:label1\" content=\"Gesch\u00e4tzte Lesezeit\" \/>\n\t<meta name=\"twitter:data1\" content=\"2\u00a0Minuten\" \/>\n<!-- \/ Yoast SEO plugin. -->","yoast_head_json":{"title":"Zimmer 3 (Suite 2) - Marrakesch | Riad Tizwa","description":"Gro\u00dfes Doppelzimmer im Riad Tizwa Marrakesch. Gro\u00dfe Suite mit einer ebenerdigen Doppeldusche und einer Badewanne. Ein marokkanisches Zelt \u00fcber dem Bett.","robots":{"index":"index","follow":"follow","max-snippet":"max-snippet:-1","max-image-preview":"max-image-preview:large","max-video-preview":"max-video-preview:-1"},"canonical":"https:\/\/riadtizwa.com\/de\/zimmer-3-suite-2-marrakesch\/","og_locale":"de_DE","og_type":"article","og_title":"Zimmer 3 (Suite 2) - Marrakesch | Riad Tizwa","og_description":"Gro\u00dfes Doppelzimmer im Riad Tizwa Marrakesch. Gro\u00dfe Suite mit einer ebenerdigen Doppeldusche und einer Badewanne. Ein marokkanisches Zelt \u00fcber dem Bett.","og_url":"https:\/\/riadtizwa.com\/de\/zimmer-3-suite-2-marrakesch\/","og_site_name":"Riad Tizwa","article_modified_time":"2022-04-20T10:46:19+00:00","og_image":[{"url":"https:\/\/riadtizwa.com\/wp-content\/uploads\/2022\/03\/Riad-Tizwa-Marrakech-Room-3-bedroom-MAIN.jpg","type":"","width":"","height":""}],"twitter_card":"summary_large_image","twitter_misc":{"Gesch\u00e4tzte Lesezeit":"2\u00a0Minuten"},"schema":{"@context":"https:\/\/schema.org","@graph":[{"@type":"WebPage","@id":"https:\/\/riadtizwa.com\/de\/zimmer-3-suite-2-marrakesch\/","url":"https:\/\/riadtizwa.com\/de\/zimmer-3-suite-2-marrakesch\/","name":"Zimmer 3 (Suite 2) - Marrakesch | Riad Tizwa","isPartOf":{"@id":"https:\/\/riadtizwa.com\/de\/#website"},"primaryImageOfPage":{"@id":"https:\/\/riadtizwa.com\/de\/zimmer-3-suite-2-marrakesch\/#primaryimage"},"image":{"@id":"https:\/\/riadtizwa.com\/de\/zimmer-3-suite-2-marrakesch\/#primaryimage"},"thumbnailUrl":"https:\/\/riadtizwa.com\/wp-content\/uploads\/2022\/03\/Riad-Tizwa-Marrakech-Room-3-bedroom-MAIN.jpg","datePublished":"2022-02-16T14:25:16+00:00","dateModified":"2022-04-20T10:46:19+00:00","description":"Gro\u00dfes Doppelzimmer im Riad Tizwa Marrakesch. Gro\u00dfe Suite mit einer ebenerdigen Doppeldusche und einer Badewanne. Ein marokkanisches Zelt \u00fcber dem Bett.","breadcrumb":{"@id":"https:\/\/riadtizwa.com\/de\/zimmer-3-suite-2-marrakesch\/#breadcrumb"},"inLanguage":"de","potentialAction":[{"@type":"ReadAction","target":["https:\/\/riadtizwa.com\/de\/zimmer-3-suite-2-marrakesch\/"]}]},{"@type":"ImageObject","inLanguage":"de","@id":"https:\/\/riadtizwa.com\/de\/zimmer-3-suite-2-marrakesch\/#primaryimage","url":"https:\/\/riadtizwa.com\/wp-content\/uploads\/2022\/03\/Riad-Tizwa-Marrakech-Room-3-bedroom-MAIN.jpg","contentUrl":"https:\/\/riadtizwa.com\/wp-content\/uploads\/2022\/03\/Riad-Tizwa-Marrakech-Room-3-bedroom-MAIN.jpg"},{"@type":"BreadcrumbList","@id":"https:\/\/riadtizwa.com\/de\/zimmer-3-suite-2-marrakesch\/#breadcrumb","itemListElement":[{"@type":"ListItem","position":1,"name":"Home","item":"https:\/\/riadtizwa.com\/de\/"},{"@type":"ListItem","position":2,"name":"Zimmer 3 (Suite 2) &#8211; Marrakesch"}]},{"@type":"WebSite","@id":"https:\/\/riadtizwa.com\/de\/#website","url":"https:\/\/riadtizwa.com\/de\/","name":"Riad Tizwa","description":"","publisher":{"@id":"https:\/\/riadtizwa.com\/de\/#organization"},"potentialAction":[{"@type":"SearchAction","target":{"@type":"EntryPoint","urlTemplate":"https:\/\/riadtizwa.com\/de\/?s={search_term_string}"},"query-input":{"@type":"PropertyValueSpecification","valueRequired":true,"valueName":"search_term_string"}}],"inLanguage":"de"},{"@type":"Organization","@id":"https:\/\/riadtizwa.com\/de\/#organization","name":"Riad Tizwa","url":"https:\/\/riadtizwa.com\/de\/","logo":{"@type":"ImageObject","inLanguage":"de","@id":"https:\/\/riadtizwa.com\/de\/#\/schema\/logo\/image\/","url":"https:\/\/riadtizwa.com\/wp-content\/uploads\/2021\/12\/Tizwa-logo.svg","contentUrl":"https:\/\/riadtizwa.com\/wp-content\/uploads\/2021\/12\/Tizwa-logo.svg","width":91,"height":68,"caption":"Riad Tizwa"},"image":{"@id":"https:\/\/riadtizwa.com\/de\/#\/schema\/logo\/image\/"}}]}},"jetpack_sharing_enabled":true,"_links":{"self":[{"href":"https:\/\/riadtizwa.com\/de\/wp-json\/wp\/v2\/pages\/3916","targetHints":{"allow":["GET"]}}],"collection":[{"href":"https:\/\/riadtizwa.com\/de\/wp-json\/wp\/v2\/pages"}],"about":[{"href":"https:\/\/riadtizwa.com\/de\/wp-json\/wp\/v2\/types\/page"}],"author":[{"embeddable":true,"href":"https:\/\/riadtizwa.com\/de\/wp-json\/wp\/v2\/users\/1"}],"replies":[{"embeddable":true,"href":"https:\/\/riadtizwa.com\/de\/wp-json\/wp\/v2\/comments?post=3916"}],"version-history":[{"count":5,"href":"https:\/\/riadtizwa.com\/de\/wp-json\/wp\/v2\/pages\/3916\/revisions"}],"predecessor-version":[{"id":6445,"href":"https:\/\/riadtizwa.com\/de\/wp-json\/wp\/v2\/pages\/3916\/revisions\/6445"}],"wp:attachment":[{"href":"https:\/\/riadtizwa.com\/de\/wp-json\/wp\/v2\/media?parent=3916"}],"wp:term":[{"taxonomy":"folder","embeddable":true,"href":"https:\/\/riadtizwa.com\/de\/wp-json\/wp\/v2\/folder?post=3916"}],"curies":[{"name":"wp","href":"https:\/\/api.w.org\/{rel}","templated":true}]}}