{"id":3688,"date":"2022-01-24T21:25:06","date_gmt":"2022-01-24T21:25:06","guid":{"rendered":"https:\/\/riadtizwa.com\/riad-tizwa-fes\/"},"modified":"2022-04-18T10:21:31","modified_gmt":"2022-04-18T10:21:31","slug":"riad-tizwa-fes","status":"publish","type":"page","link":"https:\/\/riadtizwa.com\/de\/riad-tizwa-fes\/","title":{"rendered":"Riad Tizwa F\u00e8s"},"content":{"rendered":"\t\t<div data-elementor-type=\"wp-page\" data-elementor-id=\"3688\" class=\"elementor elementor-3688 elementor-272\" data-elementor-post-type=\"page\">\n\t\t\t\t\t\t<section class=\"elementor-section elementor-top-section elementor-element elementor-element-5867ebb6 elementor-section-content-middle elementor-section-height-min-height elementor-section-boxed elementor-section-height-default elementor-section-items-middle\" data-id=\"5867ebb6\" data-element_type=\"section\" data-e-type=\"section\" data-settings=\"{&quot;background_background&quot;:&quot;classic&quot;}\">\n\t\t\t\t\t\t<div class=\"elementor-container elementor-column-gap-no\">\n\t\t\t\t\t<div class=\"elementor-column elementor-col-100 elementor-top-column elementor-element elementor-element-10b342be\" data-id=\"10b342be\" data-element_type=\"column\" data-e-type=\"column\">\n\t\t\t<div class=\"elementor-widget-wrap\">\n\t\t\t\t\t\t\t<\/div>\n\t\t<\/div>\n\t\t\t\t\t<\/div>\n\t\t<\/section>\n\t\t\t\t<section class=\"elementor-section elementor-top-section elementor-element elementor-element-77eea86d elementor-section-boxed elementor-section-height-default elementor-section-height-default\" data-id=\"77eea86d\" data-element_type=\"section\" data-e-type=\"section\">\n\t\t\t\t\t\t<div class=\"elementor-container elementor-column-gap-default\">\n\t\t\t\t\t<div class=\"elementor-column elementor-col-100 elementor-top-column elementor-element elementor-element-2eac3c60\" data-id=\"2eac3c60\" data-element_type=\"column\" data-e-type=\"column\">\n\t\t\t<div class=\"elementor-widget-wrap elementor-element-populated\">\n\t\t\t\t\t\t<div class=\"elementor-element elementor-element-69dc3fb elementor-widget elementor-widget-heading\" data-id=\"69dc3fb\" data-element_type=\"widget\" data-e-type=\"widget\" data-widget_type=\"heading.default\">\n\t\t\t\t<div class=\"elementor-widget-container\">\n\t\t\t\t\t<h2 class=\"elementor-heading-title elementor-size-default\">Perfekt gelegen, in der besten Gegend der Altstadt<\/h2>\t\t\t\t<\/div>\n\t\t\t\t<\/div>\n\t\t\t\t<div class=\"elementor-element elementor-element-2e9cff8c elementor-widget elementor-widget-text-editor\" data-id=\"2e9cff8c\" data-element_type=\"widget\" data-e-type=\"widget\" data-widget_type=\"text-editor.default\">\n\t\t\t\t<div class=\"elementor-widget-container\">\n\t\t\t\t\t\t\t\t\tRiad Tizwa Fes ist ein wundersch\u00f6n proportioniertes traditionelles marokkanisches Riad innerhalb der Mauern der Medina (Altstadt). Das Hotel ist ein stilvolles, ruhiges Refugium in der einfach besten Lage in der Medina von Fes, Batha.\t\t\t\t\t\t\t\t<\/div>\n\t\t\t\t<\/div>\n\t\t\t\t\t<\/div>\n\t\t<\/div>\n\t\t\t\t\t<\/div>\n\t\t<\/section>\n\t\t\t\t<section class=\"elementor-section elementor-top-section elementor-element elementor-element-a8111b7 elementor-section-boxed elementor-section-height-default elementor-section-height-default\" data-id=\"a8111b7\" data-element_type=\"section\" data-e-type=\"section\">\n\t\t\t\t\t\t<div class=\"elementor-container elementor-column-gap-default\">\n\t\t\t\t\t<div class=\"elementor-column elementor-col-100 elementor-top-column elementor-element elementor-element-d2f83a3\" data-id=\"d2f83a3\" data-element_type=\"column\" data-e-type=\"column\">\n\t\t\t<div class=\"elementor-widget-wrap elementor-element-populated\">\n\t\t\t\t\t\t<div class=\"elementor-element elementor-element-c21d6ce elementor-widget elementor-widget-text-editor\" data-id=\"c21d6ce\" data-element_type=\"widget\" data-e-type=\"widget\" data-widget_type=\"text-editor.default\">\n\t\t\t\t<div class=\"elementor-widget-container\">\n\t\t\t\t\t\t\t\t\t<a href=\"https:\/\/www.theguardian.com\/travel\/2014\/oct\/13\/top-10-riads-marrakech-morocco\" target=\"_blank\" rel=\"noopener\"> Refinery29 Travel Diaries Bewertung von Riad Tizwa <\/a>\t\t\t\t\t\t\t\t<\/div>\n\t\t\t\t<\/div>\n\t\t\t\t\t<\/div>\n\t\t<\/div>\n\t\t\t\t\t<\/div>\n\t\t<\/section>\n\t\t\t\t<section class=\"elementor-section elementor-top-section elementor-element elementor-element-45e4abc1 elementor-section-boxed elementor-section-height-default elementor-section-height-default\" data-id=\"45e4abc1\" data-element_type=\"section\" data-e-type=\"section\">\n\t\t\t\t\t\t<div class=\"elementor-container elementor-column-gap-no\">\n\t\t\t\t\t<div class=\"elementor-column elementor-col-100 elementor-top-column elementor-element elementor-element-1180310 elementor-hidden-desktop elementor-hidden-tablet elementor-hidden-mobile\" data-id=\"1180310\" data-element_type=\"column\" data-e-type=\"column\">\n\t\t\t<div class=\"elementor-widget-wrap\">\n\t\t\t\t\t\t\t<\/div>\n\t\t<\/div>\n\t\t\t\t\t<\/div>\n\t\t<\/section>\n\t\t\t\t<section class=\"elementor-section elementor-top-section elementor-element elementor-element-307af61e elementor-section-height-min-height elementor-section-boxed elementor-section-height-default elementor-section-items-middle\" data-id=\"307af61e\" data-element_type=\"section\" data-e-type=\"section\" data-settings=\"{&quot;background_background&quot;:&quot;classic&quot;}\">\n\t\t\t\t\t\t<div class=\"elementor-container elementor-column-gap-default\">\n\t\t\t\t\t<div class=\"elementor-column elementor-col-100 elementor-top-column elementor-element elementor-element-4ad3422b\" data-id=\"4ad3422b\" data-element_type=\"column\" data-e-type=\"column\">\n\t\t\t<div class=\"elementor-widget-wrap\">\n\t\t\t\t\t\t\t<\/div>\n\t\t<\/div>\n\t\t\t\t\t<\/div>\n\t\t<\/section>\n\t\t\t\t<section class=\"elementor-section elementor-top-section elementor-element elementor-element-7963913c elementor-section-boxed elementor-section-height-default elementor-section-height-default\" data-id=\"7963913c\" data-element_type=\"section\" data-e-type=\"section\">\n\t\t\t\t\t\t<div class=\"elementor-container elementor-column-gap-default\">\n\t\t\t\t\t<div class=\"elementor-column elementor-col-100 elementor-top-column elementor-element elementor-element-941ee06\" data-id=\"941ee06\" data-element_type=\"column\" data-e-type=\"column\">\n\t\t\t<div class=\"elementor-widget-wrap elementor-element-populated\">\n\t\t\t\t\t\t<div class=\"elementor-element elementor-element-3b3d7496 elementor-widget elementor-widget-text-editor\" data-id=\"3b3d7496\" data-element_type=\"widget\" data-e-type=\"widget\" data-widget_type=\"text-editor.default\">\n\t\t\t\t<div class=\"elementor-widget-container\">\n\t\t\t\t\t\t\t\t\t<p>Dieses liebevoll renovierte, traditionelle Haus wurde auf h\u00f6chstem Niveau restauriert, wobei sichergestellt wird, dass der marokkanische und faisianische Stil die Aufmerksamkeit auf modernen Komfort lenkt. Das Riad verf\u00fcgt \u00fcber englisch- und franz\u00f6sischsprachiges marokkanisches Personal und ist perfekt f\u00fcr den anspruchsvollen Reisenden, der die echte marokkanische Kultur erleben m\u00f6chte, ohne auf Komfort in seinem Luxusurlaub verzichten zu m\u00fcssen. Die Zimmer profitieren von der Pracht des Faisianischen Lebens. Riad Tizwa Fes ist die perfekte Kombination aus Eleganz, Stil und Komfort.<\/p>\t\t\t\t\t\t\t\t<\/div>\n\t\t\t\t<\/div>\n\t\t\t\t\t<\/div>\n\t\t<\/div>\n\t\t\t\t\t<\/div>\n\t\t<\/section>\n\t\t\t\t<section class=\"elementor-section elementor-top-section elementor-element elementor-element-7d691b4f elementor-section-full_width elementor-section-height-default elementor-section-height-default\" data-id=\"7d691b4f\" data-element_type=\"section\" data-e-type=\"section\">\n\t\t\t\t\t\t<div class=\"elementor-container elementor-column-gap-custom\">\n\t\t\t\t\t<div class=\"elementor-column elementor-col-50 elementor-top-column elementor-element elementor-element-3c536dd3\" data-id=\"3c536dd3\" data-element_type=\"column\" data-e-type=\"column\">\n\t\t\t<div class=\"elementor-widget-wrap elementor-element-populated\">\n\t\t\t\t\t\t<div class=\"elementor-element elementor-element-235bfb2f elementor-widget elementor-widget-image\" data-id=\"235bfb2f\" data-element_type=\"widget\" data-e-type=\"widget\" data-widget_type=\"image.default\">\n\t\t\t\t<div class=\"elementor-widget-container\">\n\t\t\t\t\t\t\t\t\t\t\t\t\t\t\t<img fetchpriority=\"high\" decoding=\"async\" width=\"800\" height=\"499\" src=\"https:\/\/i0.wp.com\/riadtizwa.com\/wp-content\/uploads\/2022\/03\/Riad-Tizwa-Fes-carpet-slippers-MAIN.jpg?fit=800%2C499&amp;ssl=1\" class=\"attachment-large size-large wp-image-3419\" alt=\"Riad Tizwa Luxury Boutique Hotel in Fes | Traditional Moroccan Riad\" srcset=\"https:\/\/i0.wp.com\/riadtizwa.com\/wp-content\/uploads\/2022\/03\/Riad-Tizwa-Fes-carpet-slippers-MAIN.jpg?w=860&amp;ssl=1 860w, https:\/\/i0.wp.com\/riadtizwa.com\/wp-content\/uploads\/2022\/03\/Riad-Tizwa-Fes-carpet-slippers-MAIN.jpg?resize=300%2C187&amp;ssl=1 300w, https:\/\/i0.wp.com\/riadtizwa.com\/wp-content\/uploads\/2022\/03\/Riad-Tizwa-Fes-carpet-slippers-MAIN.jpg?resize=768%2C479&amp;ssl=1 768w\" sizes=\"(max-width: 800px) 100vw, 800px\" \/>\t\t\t\t\t\t\t\t\t\t\t\t\t\t\t<\/div>\n\t\t\t\t<\/div>\n\t\t\t\t<div class=\"elementor-element elementor-element-21f5f039 elementor-widget elementor-widget-heading\" data-id=\"21f5f039\" data-element_type=\"widget\" data-e-type=\"widget\" data-widget_type=\"heading.default\">\n\t\t\t\t<div class=\"elementor-widget-container\">\n\t\t\t\t\t<h3 class=\"elementor-heading-title elementor-size-default\">In fu\u00dfl\u00e4ufiger Entfernung von allem<\/h3>\t\t\t\t<\/div>\n\t\t\t\t<\/div>\n\t\t\t\t<div class=\"elementor-element elementor-element-5e686e47 elementor-widget elementor-widget-text-editor\" data-id=\"5e686e47\" data-element_type=\"widget\" data-e-type=\"widget\" data-widget_type=\"text-editor.default\">\n\t\t\t\t<div class=\"elementor-widget-container\">\n\t\t\t\t\t\t\t\t\t<p>Die Lage in F\u00e8s ist alles! und die gute Nachricht ist, dass sich Riad Tizwa Fes an diesem perfekten Ort befindet. Das Haus liegt nur 50 Meter von der Zufahrt mit dem Auto entfernt (was selten ist), und ist sowohl leicht zu finden als auch einfach zu erreichen, so dass Sie die wundersch\u00f6ne, zum UNESCO-Weltkulturerbe geh\u00f6rende, ummauerte Altstadt entdecken k\u00f6nnen. Das Wunder der mittelalterlichen Souks erwartet Sie. Sehen Sie im Riad Tizwa Fes Kunsthandwerk, Geschichte und Kultur aus dem Herzen der Stadt.<\/p>\t\t\t\t\t\t\t\t<\/div>\n\t\t\t\t<\/div>\n\t\t\t\t<div class=\"elementor-element elementor-element-1e61f48e elementor-mobile-align-justify elementor-widget elementor-widget-button\" data-id=\"1e61f48e\" data-element_type=\"widget\" data-e-type=\"widget\" data-widget_type=\"button.default\">\n\t\t\t\t<div class=\"elementor-widget-container\">\n\t\t\t\t\t\t\t\t\t<div class=\"elementor-button-wrapper\">\n\t\t\t\t\t<a class=\"elementor-button elementor-button-link elementor-size-md\" href=\"https:\/\/www.google.com\/maps\/place\/Riad+Tizwa+Fes\/@34.0591708,-4.9806092,18z\/data=!4m8!3m7!1s0x0:0xea6375f3be02ec9!5m2!4m1!1i2!8m2!3d34.0596063!4d-4.9801586\" target=\"_blank\">\n\t\t\t\t\t\t<span class=\"elementor-button-content-wrapper\">\n\t\t\t\t\t\t\t\t\t<span class=\"elementor-button-text\">Siehe Karte<\/span>\n\t\t\t\t\t<\/span>\n\t\t\t\t\t<\/a>\n\t\t\t\t<\/div>\n\t\t\t\t\t\t\t\t<\/div>\n\t\t\t\t<\/div>\n\t\t\t\t\t<\/div>\n\t\t<\/div>\n\t\t\t\t<div class=\"elementor-column elementor-col-50 elementor-top-column elementor-element elementor-element-1d5570dd\" data-id=\"1d5570dd\" data-element_type=\"column\" data-e-type=\"column\">\n\t\t\t<div class=\"elementor-widget-wrap elementor-element-populated\">\n\t\t\t\t\t\t<div class=\"elementor-element elementor-element-4bd52408 elementor-widget elementor-widget-image\" data-id=\"4bd52408\" data-element_type=\"widget\" data-e-type=\"widget\" data-widget_type=\"image.default\">\n\t\t\t\t<div class=\"elementor-widget-container\">\n\t\t\t\t\t\t\t\t\t\t\t\t\t\t\t<img decoding=\"async\" width=\"800\" height=\"500\" src=\"https:\/\/i0.wp.com\/riadtizwa.com\/wp-content\/uploads\/2022\/01\/Riad-Tizwa-Fes-Room-1-1.jpg?fit=800%2C500&amp;ssl=1\" class=\"attachment-large size-large wp-image-2744\" alt=\"\" srcset=\"https:\/\/i0.wp.com\/riadtizwa.com\/wp-content\/uploads\/2022\/01\/Riad-Tizwa-Fes-Room-1-1.jpg?w=1008&amp;ssl=1 1008w, https:\/\/i0.wp.com\/riadtizwa.com\/wp-content\/uploads\/2022\/01\/Riad-Tizwa-Fes-Room-1-1.jpg?resize=300%2C188&amp;ssl=1 300w, https:\/\/i0.wp.com\/riadtizwa.com\/wp-content\/uploads\/2022\/01\/Riad-Tizwa-Fes-Room-1-1.jpg?resize=768%2C480&amp;ssl=1 768w\" sizes=\"(max-width: 800px) 100vw, 800px\" \/>\t\t\t\t\t\t\t\t\t\t\t\t\t\t\t<\/div>\n\t\t\t\t<\/div>\n\t\t\t\t<div class=\"elementor-element elementor-element-4cddd867 elementor-widget elementor-widget-heading\" data-id=\"4cddd867\" data-element_type=\"widget\" data-e-type=\"widget\" data-widget_type=\"heading.default\">\n\t\t\t\t<div class=\"elementor-widget-container\">\n\t\t\t\t\t<h3 class=\"elementor-heading-title elementor-size-default\">R\u00e4ume<\/h3>\t\t\t\t<\/div>\n\t\t\t\t<\/div>\n\t\t\t\t<div class=\"elementor-element elementor-element-46c13a0d elementor-widget elementor-widget-text-editor\" data-id=\"46c13a0d\" data-element_type=\"widget\" data-e-type=\"widget\" data-widget_type=\"text-editor.default\">\n\t\t\t\t<div class=\"elementor-widget-container\">\n\t\t\t\t\t\t\t\t\t<p>Das Haus besteht aus: 7 Doppelzimmern (en\u2013suite, alle mit Klimaanlage), einem riesigen Innenhof und einem sch\u00f6nen Esszimmer\/Salon. Es verf\u00fcgt \u00fcber eine riesige vierseitige Dachterrasse, die sich ideal zum Essen im Freien und zum privaten Sonnenbaden eignet. Riad Tizwa vereint den Luxus eines 5-Sterne-Hotels, ohne jedoch anonym zu sein. Das Hotel ist elegant und pers\u00f6nlich, modern und doch traditionell. Das Haus verf\u00fcgt \u00fcber kostenloses Glasfaser-WLAN, Personal rund um die Uhr und ein k\u00f6stliches hausgemachtes Fr\u00fchst\u00fcck. Das Riad ist das ganze Jahr \u00fcber buchbar und bietet Platz f\u00fcr bis zu 16 Personen.<\/p>\t\t\t\t\t\t\t\t<\/div>\n\t\t\t\t<\/div>\n\t\t\t\t<div class=\"elementor-element elementor-element-bbc6c37 elementor-widget elementor-widget-text-editor\" data-id=\"bbc6c37\" data-element_type=\"widget\" data-e-type=\"widget\" data-widget_type=\"text-editor.default\">\n\t\t\t\t<div class=\"elementor-widget-container\">\n\t\t\t\t\t\t\t\t\t<p><a href=\"https:\/\/riadtizwa.com\/grand-hotel-suite-fes\/\">Gro\u00dfe Suite<\/a><\/p><p><a href=\"https:\/\/riadtizwa.com\/large-hotel-room-3-suite-fes-bathroom-courtyard-view\/\">Suite<\/a><\/p><p><a href=\"https:\/\/riadtizwa.com\/room-6-suite-fes\/\">Gro\u00dfe Doppel<\/a><\/p>\t\t\t\t\t\t\t\t<\/div>\n\t\t\t\t<\/div>\n\t\t\t\t<div class=\"elementor-element elementor-element-cfcb9c4 elementor-mobile-align-justify elementor-widget elementor-widget-button\" data-id=\"cfcb9c4\" data-element_type=\"widget\" data-e-type=\"widget\" data-widget_type=\"button.default\">\n\t\t\t\t<div class=\"elementor-widget-container\">\n\t\t\t\t\t\t\t\t\t<div class=\"elementor-button-wrapper\">\n\t\t\t\t\t<a class=\"elementor-button elementor-button-link elementor-size-md\" href=\"https:\/\/riadtizwa.com\/fes-hotel-rooms\/\">\n\t\t\t\t\t\t<span class=\"elementor-button-content-wrapper\">\n\t\t\t\t\t\t\t\t\t<span class=\"elementor-button-text\">Entdecken Sie alle Zimmer<\/span>\n\t\t\t\t\t<\/span>\n\t\t\t\t\t<\/a>\n\t\t\t\t<\/div>\n\t\t\t\t\t\t\t\t<\/div>\n\t\t\t\t<\/div>\n\t\t\t\t\t<\/div>\n\t\t<\/div>\n\t\t\t\t\t<\/div>\n\t\t<\/section>\n\t\t\t\t<section class=\"elementor-section elementor-top-section elementor-element elementor-element-f1a5168 elementor-section-boxed elementor-section-height-default elementor-section-height-default\" data-id=\"f1a5168\" data-element_type=\"section\" data-e-type=\"section\">\n\t\t\t\t\t\t<div class=\"elementor-container elementor-column-gap-default\">\n\t\t\t\t\t<div class=\"elementor-column elementor-col-100 elementor-top-column elementor-element elementor-element-26304d2c\" data-id=\"26304d2c\" data-element_type=\"column\" data-e-type=\"column\">\n\t\t\t<div class=\"elementor-widget-wrap elementor-element-populated\">\n\t\t\t\t\t\t<div class=\"elementor-element elementor-element-429b9ff0 elementor-widget elementor-widget-heading\" data-id=\"429b9ff0\" data-element_type=\"widget\" data-e-type=\"widget\" data-widget_type=\"heading.default\">\n\t\t\t\t<div class=\"elementor-widget-container\">\n\t\t\t\t\t<h2 class=\"elementor-heading-title elementor-size-default\">Andere Standorte<\/h2>\t\t\t\t<\/div>\n\t\t\t\t<\/div>\n\t\t\t\t\t<\/div>\n\t\t<\/div>\n\t\t\t\t\t<\/div>\n\t\t<\/section>\n\t\t\t\t<section class=\"elementor-section elementor-top-section elementor-element elementor-element-2524bc9 elementor-section-height-min-height elementor-section-boxed elementor-section-height-default elementor-section-items-middle\" data-id=\"2524bc9\" data-element_type=\"section\" data-e-type=\"section\" data-settings=\"{&quot;background_background&quot;:&quot;classic&quot;}\">\n\t\t\t\t\t\t<div class=\"elementor-container elementor-column-gap-default\">\n\t\t\t\t\t<div class=\"elementor-column elementor-col-100 elementor-top-column elementor-element elementor-element-6987f64f\" data-id=\"6987f64f\" data-element_type=\"column\" data-e-type=\"column\">\n\t\t\t<div class=\"elementor-widget-wrap\">\n\t\t\t\t\t\t\t<\/div>\n\t\t<\/div>\n\t\t\t\t\t<\/div>\n\t\t<\/section>\n\t\t\t\t<section class=\"elementor-section elementor-top-section elementor-element elementor-element-7760d094 elementor-section-boxed elementor-section-height-default elementor-section-height-default\" data-id=\"7760d094\" data-element_type=\"section\" data-e-type=\"section\">\n\t\t\t\t\t\t<div class=\"elementor-container elementor-column-gap-default\">\n\t\t\t\t\t<div class=\"elementor-column elementor-col-100 elementor-top-column elementor-element elementor-element-2c84af67\" data-id=\"2c84af67\" data-element_type=\"column\" data-e-type=\"column\">\n\t\t\t<div class=\"elementor-widget-wrap elementor-element-populated\">\n\t\t\t\t\t\t<div class=\"elementor-element elementor-element-1ff10f5d elementor-widget elementor-widget-text-editor\" data-id=\"1ff10f5d\" data-element_type=\"widget\" data-e-type=\"widget\" data-widget_type=\"text-editor.default\">\n\t\t\t\t<div class=\"elementor-widget-container\">\n\t\t\t\t\t\t\t\t\tDas Riad Tizwa Marrakesch ist ein wundersch\u00f6n proportioniertes traditionelles marokkanisches Haus innerhalb der Mauern der Medina (Altstadt) im elegantesten Viertel der Stadt, Dar el Bacha.\t\t\t\t\t\t\t\t<\/div>\n\t\t\t\t<\/div>\n\t\t\t\t<div class=\"elementor-element elementor-element-5842423d elementor-align-center elementor-mobile-align-justify elementor-widget elementor-widget-button\" data-id=\"5842423d\" data-element_type=\"widget\" data-e-type=\"widget\" data-widget_type=\"button.default\">\n\t\t\t\t<div class=\"elementor-widget-container\">\n\t\t\t\t\t\t\t\t\t<div class=\"elementor-button-wrapper\">\n\t\t\t\t\t<a class=\"elementor-button elementor-button-link elementor-size-md\" href=\"https:\/\/riadtizwa.com\/riad-tizwa-marrakech\/\">\n\t\t\t\t\t\t<span class=\"elementor-button-content-wrapper\">\n\t\t\t\t\t\t\t\t\t<span class=\"elementor-button-text\">Entdecken Sie Marrakesch<\/span>\n\t\t\t\t\t<\/span>\n\t\t\t\t\t<\/a>\n\t\t\t\t<\/div>\n\t\t\t\t\t\t\t\t<\/div>\n\t\t\t\t<\/div>\n\t\t\t\t\t<\/div>\n\t\t<\/div>\n\t\t\t\t\t<\/div>\n\t\t<\/section>\n\t\t\t\t<\/div>\n\t\t","protected":false},"excerpt":{"rendered":"<p>Perfekt gelegen, in der besten Gegend der Altstadt Riad Tizwa Fes ist ein wundersch\u00f6n proportioniertes traditionelles marokkanisches Riad innerhalb der Mauern der Medina (Altstadt). Das Hotel ist ein stilvolles, ruhiges Refugium in der einfach besten Lage in der Medina von Fes, Batha. Refinery29 Travel Diaries Bewertung von Riad Tizwa Dieses liebevoll renovierte, traditionelle Haus wurde [&hellip;]<\/p>\n","protected":false},"author":1,"featured_media":3619,"parent":0,"menu_order":0,"comment_status":"closed","ping_status":"closed","template":"","meta":{"nf_dc_page":"","content-type":"","_monsterinsights_skip_tracking":false,"_monsterinsights_sitenote_active":false,"_monsterinsights_sitenote_note":"","_monsterinsights_sitenote_category":0,"footnotes":""},"folder":[],"class_list":["post-3688","page","type-page","status-publish","has-post-thumbnail","hentry"],"yoast_head":"<!-- This site is optimized with the Yoast SEO plugin v27.4 - https:\/\/yoast.com\/product\/yoast-seo-wordpress\/ -->\n<title>Riad Tizwa Luxus-Boutique-Hotel in F\u00e8s | Traditionelles marokkanisches Riad<\/title>\n<meta name=\"description\" content=\"Willkommen im Riad Tizwa Boutique Bed &amp; Breakfast Hotel in F\u00e8s, Marokko. \u00dcbernachten Sie in einem traditionellen Luxus-Riad, das liebevoll restauriert wurde.\" \/>\n<meta name=\"robots\" content=\"index, follow, max-snippet:-1, max-image-preview:large, max-video-preview:-1\" \/>\n<link rel=\"canonical\" href=\"https:\/\/riadtizwa.com\/de\/riad-tizwa-fes\/\" \/>\n<meta property=\"og:locale\" content=\"de_DE\" \/>\n<meta property=\"og:type\" content=\"article\" \/>\n<meta property=\"og:title\" content=\"Riad Tizwa Luxus-Boutique-Hotel in F\u00e8s | Traditionelles marokkanisches Riad\" \/>\n<meta property=\"og:description\" content=\"Willkommen im Riad Tizwa Boutique Bed &amp; Breakfast Hotel in F\u00e8s, Marokko. \u00dcbernachten Sie in einem traditionellen Luxus-Riad, das liebevoll restauriert wurde.\" \/>\n<meta property=\"og:url\" content=\"https:\/\/riadtizwa.com\/de\/riad-tizwa-fes\/\" \/>\n<meta property=\"og:site_name\" content=\"Riad Tizwa\" \/>\n<meta property=\"article:modified_time\" content=\"2022-04-18T10:21:31+00:00\" \/>\n<meta property=\"og:image\" content=\"https:\/\/riadtizwa.com\/wp-content\/uploads\/2022\/03\/Riad-Tizwa-fes-roof-sunbed-MAIN4-1.jpg\" \/>\n\t<meta property=\"og:image:width\" content=\"672\" \/>\n\t<meta property=\"og:image:height\" content=\"890\" \/>\n\t<meta property=\"og:image:type\" content=\"image\/jpeg\" \/>\n<meta name=\"twitter:card\" content=\"summary_large_image\" \/>\n<meta name=\"twitter:label1\" content=\"Gesch\u00e4tzte Lesezeit\" \/>\n\t<meta name=\"twitter:data1\" content=\"2\u00a0Minuten\" \/>\n<!-- \/ Yoast SEO plugin. -->","yoast_head_json":{"title":"Riad Tizwa Luxus-Boutique-Hotel in F\u00e8s | Traditionelles marokkanisches Riad","description":"Willkommen im Riad Tizwa Boutique Bed & Breakfast Hotel in F\u00e8s, Marokko. \u00dcbernachten Sie in einem traditionellen Luxus-Riad, das liebevoll restauriert wurde.","robots":{"index":"index","follow":"follow","max-snippet":"max-snippet:-1","max-image-preview":"max-image-preview:large","max-video-preview":"max-video-preview:-1"},"canonical":"https:\/\/riadtizwa.com\/de\/riad-tizwa-fes\/","og_locale":"de_DE","og_type":"article","og_title":"Riad Tizwa Luxus-Boutique-Hotel in F\u00e8s | Traditionelles marokkanisches Riad","og_description":"Willkommen im Riad Tizwa Boutique Bed & Breakfast Hotel in F\u00e8s, Marokko. \u00dcbernachten Sie in einem traditionellen Luxus-Riad, das liebevoll restauriert wurde.","og_url":"https:\/\/riadtizwa.com\/de\/riad-tizwa-fes\/","og_site_name":"Riad Tizwa","article_modified_time":"2022-04-18T10:21:31+00:00","og_image":[{"width":672,"height":890,"url":"https:\/\/riadtizwa.com\/wp-content\/uploads\/2022\/03\/Riad-Tizwa-fes-roof-sunbed-MAIN4-1.jpg","type":"image\/jpeg"}],"twitter_card":"summary_large_image","twitter_misc":{"Gesch\u00e4tzte Lesezeit":"2\u00a0Minuten"},"schema":{"@context":"https:\/\/schema.org","@graph":[{"@type":"WebPage","@id":"https:\/\/riadtizwa.com\/de\/riad-tizwa-fes\/","url":"https:\/\/riadtizwa.com\/de\/riad-tizwa-fes\/","name":"Riad Tizwa Luxus-Boutique-Hotel in F\u00e8s | Traditionelles marokkanisches Riad","isPartOf":{"@id":"https:\/\/riadtizwa.com\/de\/#website"},"primaryImageOfPage":{"@id":"https:\/\/riadtizwa.com\/de\/riad-tizwa-fes\/#primaryimage"},"image":{"@id":"https:\/\/riadtizwa.com\/de\/riad-tizwa-fes\/#primaryimage"},"thumbnailUrl":"https:\/\/i0.wp.com\/riadtizwa.com\/wp-content\/uploads\/2022\/03\/Riad-Tizwa-fes-roof-sunbed-MAIN4-1.jpg?fit=672%2C890&ssl=1","datePublished":"2022-01-24T21:25:06+00:00","dateModified":"2022-04-18T10:21:31+00:00","description":"Willkommen im Riad Tizwa Boutique Bed & Breakfast Hotel in F\u00e8s, Marokko. \u00dcbernachten Sie in einem traditionellen Luxus-Riad, das liebevoll restauriert wurde.","breadcrumb":{"@id":"https:\/\/riadtizwa.com\/de\/riad-tizwa-fes\/#breadcrumb"},"inLanguage":"de","potentialAction":[{"@type":"ReadAction","target":["https:\/\/riadtizwa.com\/de\/riad-tizwa-fes\/"]}]},{"@type":"ImageObject","inLanguage":"de","@id":"https:\/\/riadtizwa.com\/de\/riad-tizwa-fes\/#primaryimage","url":"https:\/\/i0.wp.com\/riadtizwa.com\/wp-content\/uploads\/2022\/03\/Riad-Tizwa-fes-roof-sunbed-MAIN4-1.jpg?fit=672%2C890&ssl=1","contentUrl":"https:\/\/i0.wp.com\/riadtizwa.com\/wp-content\/uploads\/2022\/03\/Riad-Tizwa-fes-roof-sunbed-MAIN4-1.jpg?fit=672%2C890&ssl=1","width":672,"height":890,"caption":"Riad Tizwa Luxury Boutique Hotel in Fes | Traditional Moroccan Riad"},{"@type":"BreadcrumbList","@id":"https:\/\/riadtizwa.com\/de\/riad-tizwa-fes\/#breadcrumb","itemListElement":[{"@type":"ListItem","position":1,"name":"Home","item":"https:\/\/riadtizwa.com\/de\/"},{"@type":"ListItem","position":2,"name":"Riad Tizwa F\u00e8s"}]},{"@type":"WebSite","@id":"https:\/\/riadtizwa.com\/de\/#website","url":"https:\/\/riadtizwa.com\/de\/","name":"Riad Tizwa","description":"","publisher":{"@id":"https:\/\/riadtizwa.com\/de\/#organization"},"potentialAction":[{"@type":"SearchAction","target":{"@type":"EntryPoint","urlTemplate":"https:\/\/riadtizwa.com\/de\/?s={search_term_string}"},"query-input":{"@type":"PropertyValueSpecification","valueRequired":true,"valueName":"search_term_string"}}],"inLanguage":"de"},{"@type":"Organization","@id":"https:\/\/riadtizwa.com\/de\/#organization","name":"Riad Tizwa","url":"https:\/\/riadtizwa.com\/de\/","logo":{"@type":"ImageObject","inLanguage":"de","@id":"https:\/\/riadtizwa.com\/de\/#\/schema\/logo\/image\/","url":"https:\/\/riadtizwa.com\/wp-content\/uploads\/2021\/12\/Tizwa-logo.svg","contentUrl":"https:\/\/riadtizwa.com\/wp-content\/uploads\/2021\/12\/Tizwa-logo.svg","width":91,"height":68,"caption":"Riad Tizwa"},"image":{"@id":"https:\/\/riadtizwa.com\/de\/#\/schema\/logo\/image\/"}}]}},"jetpack_sharing_enabled":true,"_links":{"self":[{"href":"https:\/\/riadtizwa.com\/de\/wp-json\/wp\/v2\/pages\/3688","targetHints":{"allow":["GET"]}}],"collection":[{"href":"https:\/\/riadtizwa.com\/de\/wp-json\/wp\/v2\/pages"}],"about":[{"href":"https:\/\/riadtizwa.com\/de\/wp-json\/wp\/v2\/types\/page"}],"author":[{"embeddable":true,"href":"https:\/\/riadtizwa.com\/de\/wp-json\/wp\/v2\/users\/1"}],"replies":[{"embeddable":true,"href":"https:\/\/riadtizwa.com\/de\/wp-json\/wp\/v2\/comments?post=3688"}],"version-history":[{"count":4,"href":"https:\/\/riadtizwa.com\/de\/wp-json\/wp\/v2\/pages\/3688\/revisions"}],"predecessor-version":[{"id":3741,"href":"https:\/\/riadtizwa.com\/de\/wp-json\/wp\/v2\/pages\/3688\/revisions\/3741"}],"wp:featuredmedia":[{"embeddable":true,"href":"https:\/\/riadtizwa.com\/de\/wp-json\/wp\/v2\/media\/3619"}],"wp:attachment":[{"href":"https:\/\/riadtizwa.com\/de\/wp-json\/wp\/v2\/media?parent=3688"}],"wp:term":[{"taxonomy":"folder","embeddable":true,"href":"https:\/\/riadtizwa.com\/de\/wp-json\/wp\/v2\/folder?post=3688"}],"curies":[{"name":"wp","href":"https:\/\/api.w.org\/{rel}","templated":true}]}}